{"id":81866,"date":"2025-03-19T05:05:40","date_gmt":"2025-03-19T05:05:40","guid":{"rendered":"https:\/\/onlinehardwareshop.de\/index.php\/produkt\/canon-maxify-gx6050-1-satz-reservetinte-2\/"},"modified":"2025-05-14T15:25:31","modified_gmt":"2025-05-14T15:25:31","slug":"canon-maxify-gx6050-1-satz-reservetinte","status":"publish","type":"product","link":"https:\/\/onlinehardwareshop.de\/index.php\/produkt\/canon-maxify-gx6050-1-satz-reservetinte\/","title":{"rendered":"Canon MAXIFY GX6050 + 1 Satz Reservetinte"},"content":{"rendered":"<p>Mit dem Set aus Canon MAXIFY GX6050 + 1 Satz Reservetinte geht dir nicht so schnell die Tinte aus. Dank der Reservetinte druckst du bis zu 12.000 Schwarz-Wei\u00df-Seiten und bis zu 28.000 Farbseiten. Der Canon MAXIFY GX6050 ist ein Multifunktions-Tintenstrahlfarbdrucker f\u00fcrs Homeoffice oder f\u00fcr ein kleines B\u00fcro. Dank der Tintentanks siehst du sofort, wie viel Tinte du noch hast. Wenn die Tinte fast leer ist, f\u00fcllst du die Beh\u00e4lter einfach wieder mit den zugeh\u00f6rigen Tintenflaschen auf. Dank der gro\u00dfen Kapazit\u00e4t sind die Nutzungskosten des Canon Druckers sehr niedrig. Lege bis zu 50 Blatt Papier in das ADF-Einzugsfach und der Drucker scannt oder kopiert den ganzen Stapel auf einmal. Du druckst 24 Seiten pro Minute in Schwarz-Wei\u00df und 15 Seiten pro Minute in Farbe. So m\u00fcssen deine Kollegen nicht lange warten, bis sie dran sind.<\/p>\n","protected":false},"excerpt":{"rendered":"<p>Mit dem Set aus Canon MAXIFY GX6050 + 1 Satz Reservetinte geht dir nicht so schnell die Tinte aus. Dank der Reservetinte druckst du bis zu 12.000 Schwarz-Wei\u00df-Seiten und bis zu 28.000 Farbseiten. Der Canon MAXIFY GX6050 ist ein Multifunktions-Tintenstrahlfarbdrucker f\u00fcrs Homeoffice oder f\u00fcr ein kleines B\u00fcro. Dank der Tintentanks siehst du sofort, wie viel Tinte du noch hast. Wenn die Tinte fast leer ist, f\u00fcllst du die Beh\u00e4lter einfach wieder mit den zugeh\u00f6rigen Tintenflaschen auf. Dank der gro\u00dfen Kapazit\u00e4t sind die Nutzungskosten des Canon Druckers sehr niedrig. Lege bis zu 50 Blatt Papier in das ADF-Einzugsfach und der Drucker scannt oder kopiert den ganzen Stapel auf einmal. Du druckst 24 Seiten pro Minute in Schwarz-Wei\u00df und 15 Seiten pro Minute in Farbe. So m\u00fcssen deine Kollegen nicht lange warten, bis sie dran sind.<\/p>\n","protected":false},"featured_media":0,"comment_status":"closed","ping_status":"open","template":"","meta":{"_acf_changed":false},"brand":[61],"product_brand":[],"product_cat":[2205],"product_tag":[4745],"class_list":{"0":"post-81866","1":"product","2":"type-product","3":"status-publish","5":"brand-canon","6":"product_cat-drucker","7":"product_tag-inkttank-printers","8":"pa_condition-new","9":"pa_coolblue-de-verzending-morgen-gratis-geliefert","10":"pa_ean-27119","12":"first","13":"instock","14":"product-type-external"},"acf":[],"_links":{"self":[{"href":"https:\/\/onlinehardwareshop.de\/index.php\/wp-json\/wp\/v2\/product\/81866","targetHints":{"allow":["GET"]}}],"collection":[{"href":"https:\/\/onlinehardwareshop.de\/index.php\/wp-json\/wp\/v2\/product"}],"about":[{"href":"https:\/\/onlinehardwareshop.de\/index.php\/wp-json\/wp\/v2\/types\/product"}],"replies":[{"embeddable":true,"href":"https:\/\/onlinehardwareshop.de\/index.php\/wp-json\/wp\/v2\/comments?post=81866"}],"wp:attachment":[{"href":"https:\/\/onlinehardwareshop.de\/index.php\/wp-json\/wp\/v2\/media?parent=81866"}],"wp:term":[{"taxonomy":"brand","embeddable":true,"href":"https:\/\/onlinehardwareshop.de\/index.php\/wp-json\/wp\/v2\/brand?post=81866"},{"taxonomy":"product_brand","embeddable":true,"href":"https:\/\/onlinehardwareshop.de\/index.php\/wp-json\/wp\/v2\/product_brand?post=81866"},{"taxonomy":"product_cat","embeddable":true,"href":"https:\/\/onlinehardwareshop.de\/index.php\/wp-json\/wp\/v2\/product_cat?post=81866"},{"taxonomy":"product_tag","embeddable":true,"href":"https:\/\/onlinehardwareshop.de\/index.php\/wp-json\/wp\/v2\/product_tag?post=81866"}],"curies":[{"name":"wp","href":"https:\/\/api.w.org\/{rel}","templated":true}]}}