{"id":81863,"date":"2024-07-31T23:34:35","date_gmt":"2024-07-31T23:34:35","guid":{"rendered":"https:\/\/onlinehardwareshop.de\/index.php\/produkt\/canon-pixma-g3570-1-satz-reservetinte-2\/"},"modified":"2025-05-14T15:25:16","modified_gmt":"2025-05-14T15:25:16","slug":"canon-pixma-g3570-1-satz-reservetinte","status":"publish","type":"product","link":"https:\/\/onlinehardwareshop.de\/index.php\/produkt\/canon-pixma-g3570-1-satz-reservetinte\/","title":{"rendered":"Canon PIXMA G3570 + 1 Satz Reservetinte"},"content":{"rendered":"<p>Mit dem Set aus Canon PIXMA G3570 + 1 Satz Reservetinte geht dir nicht pl\u00f6tzlich die Tinte aus. Du druckst damit dank der Reservetinte bis zu 12.000 Schwarz-Wei\u00df-Seiten und bis zu 15.400 Farbseiten. Mit dem Canon PIXMA G3570 druckst du Dokumente und Fotos preisg\u00fcnstig aus. Dieser Multifunktionsdrucker kann drucken, scannen und kopieren. Der PIXMA G3570 hat einen Tintentank, den du ganz einfach mit den Tintenflaschen auff\u00fcllst. Mit einem Tintenflaschenset druckst du bis zu 7.700 Farbseiten und bis zu 6.000 Schwarz-Wei\u00df-Seiten aus. So sparst du Druckerkosten. Dank der Druckaufl\u00f6sung von 4.800\u00a0x 1.200\u00a0dpi haben deine ausgedruckten Urlaubsfotos eine gute Qualit\u00e4t. Verschicke deine Druckauftr\u00e4ge vom Sofa aus \u00fcber Apple AirPrint, die Canon Print App oder Wi-Fi Direct.<\/p>\n","protected":false},"excerpt":{"rendered":"<p>Mit dem Set aus Canon PIXMA G3570 + 1 Satz Reservetinte geht dir nicht pl\u00f6tzlich die Tinte aus. Du druckst damit dank der Reservetinte bis zu 12.000 Schwarz-Wei\u00df-Seiten und bis zu 15.400 Farbseiten. Mit dem Canon PIXMA G3570 druckst du Dokumente und Fotos preisg\u00fcnstig aus. Dieser Multifunktionsdrucker kann drucken, scannen und kopieren. Der PIXMA G3570 hat einen Tintentank, den du ganz einfach mit den Tintenflaschen auff\u00fcllst. Mit einem Tintenflaschenset druckst du bis zu 7.700 Farbseiten und bis zu 6.000 Schwarz-Wei\u00df-Seiten aus. So sparst du Druckerkosten. Dank der Druckaufl\u00f6sung von 4.800\u00a0x 1.200\u00a0dpi haben deine ausgedruckten Urlaubsfotos eine gute Qualit\u00e4t. Verschicke deine Druckauftr\u00e4ge vom Sofa aus \u00fcber Apple AirPrint, die Canon Print App oder Wi-Fi Direct.<\/p>\n","protected":false},"featured_media":0,"comment_status":"closed","ping_status":"open","template":"","meta":{"_acf_changed":false},"brand":[61],"product_brand":[],"product_cat":[2205],"product_tag":[4745],"class_list":{"0":"post-81863","1":"product","2":"type-product","3":"status-publish","5":"brand-canon","6":"product_cat-drucker","7":"product_tag-inkttank-printers","8":"pa_condition-new","9":"pa_coolblue-de-verzending-morgen-gratis-geliefert","10":"pa_ean-24470","12":"first","13":"instock","14":"product-type-external"},"acf":[],"_links":{"self":[{"href":"https:\/\/onlinehardwareshop.de\/index.php\/wp-json\/wp\/v2\/product\/81863","targetHints":{"allow":["GET"]}}],"collection":[{"href":"https:\/\/onlinehardwareshop.de\/index.php\/wp-json\/wp\/v2\/product"}],"about":[{"href":"https:\/\/onlinehardwareshop.de\/index.php\/wp-json\/wp\/v2\/types\/product"}],"replies":[{"embeddable":true,"href":"https:\/\/onlinehardwareshop.de\/index.php\/wp-json\/wp\/v2\/comments?post=81863"}],"wp:attachment":[{"href":"https:\/\/onlinehardwareshop.de\/index.php\/wp-json\/wp\/v2\/media?parent=81863"}],"wp:term":[{"taxonomy":"brand","embeddable":true,"href":"https:\/\/onlinehardwareshop.de\/index.php\/wp-json\/wp\/v2\/brand?post=81863"},{"taxonomy":"product_brand","embeddable":true,"href":"https:\/\/onlinehardwareshop.de\/index.php\/wp-json\/wp\/v2\/product_brand?post=81863"},{"taxonomy":"product_cat","embeddable":true,"href":"https:\/\/onlinehardwareshop.de\/index.php\/wp-json\/wp\/v2\/product_cat?post=81863"},{"taxonomy":"product_tag","embeddable":true,"href":"https:\/\/onlinehardwareshop.de\/index.php\/wp-json\/wp\/v2\/product_tag?post=81863"}],"curies":[{"name":"wp","href":"https:\/\/api.w.org\/{rel}","templated":true}]}}