{"id":81755,"date":"2025-03-01T13:37:35","date_gmt":"2025-03-01T13:37:35","guid":{"rendered":"https:\/\/onlinehardwareshop.de\/index.php\/produkt\/playseat-formula-instinct-f1-edition-2\/"},"modified":"2025-05-14T15:06:20","modified_gmt":"2025-05-14T15:06:20","slug":"playseat-formula-instinct-f1-edition","status":"publish","type":"product","link":"https:\/\/onlinehardwareshop.de\/index.php\/produkt\/playseat-formula-instinct-f1-edition\/","title":{"rendered":"Playseat Formula Instinct F1 Edition"},"content":{"rendered":"<p>Mit dem Playseat Formula Instinct F1 Edition legst du dir ein echtes Formel-1-Cockpit zu. So f\u00e4hrst du mit Stil \u00fcber die Ziellinie. Dabei sitzt du nicht nur wie in einem echten Wagen, sondern hast auch eine ergonomische Haltung. Bringe die Schaumstoffkissen als St\u00fctze an der R\u00fcckenlehne an und sorge f\u00fcr eine noch bessere Sitzposition w\u00e4hrend deiner Rennen. So f\u00e4hrst du stundenlang ohne jegliche Beschwerden. Dank seines robusten Designs eignet sich dieser Rennsitz auch f\u00fcr das st\u00e4rkste Force Feedback, wie beispielsweise Direct Drive. Das robuste Metallgestell verhindert, dass du ins Schwanken ger\u00e4tst, wenn du voll in die Eisen gehst. Die R\u00fcckenlehne dieses Stuhls ist au\u00dferdem faltbar. So nimmt der Stuhl weniger Platz ein, wenn du ihn gerade nicht nutzt. Verstelle auch die H\u00f6he und den Winkel des Lenkrads und mache es dir dadurch beim Racing immer sch\u00f6n bequem. Die Pedale lassen sich ebenfalls in der Tiefe und im Winkel verstellen, sodass du immer gut ans Gaspedal herankommst. Der Stuhl eignet sich f\u00fcr Gamer mit einer maximalen K\u00f6rpergr\u00f6\u00dfe von 220\u00a0cm und einem maximalen K\u00f6rpergewicht von 163\u00a0kg.<\/p>\n","protected":false},"excerpt":{"rendered":"<p>Mit dem Playseat Formula Instinct F1 Edition legst du dir ein echtes Formel-1-Cockpit zu. So f\u00e4hrst du mit Stil \u00fcber die Ziellinie. Dabei sitzt du nicht nur wie in einem echten Wagen, sondern hast auch eine ergonomische Haltung. Bringe die Schaumstoffkissen als St\u00fctze an der R\u00fcckenlehne an und sorge f\u00fcr eine noch bessere Sitzposition w\u00e4hrend deiner Rennen. So f\u00e4hrst du stundenlang ohne jegliche Beschwerden. Dank seines robusten Designs eignet sich dieser Rennsitz auch f\u00fcr das st\u00e4rkste Force Feedback, wie beispielsweise Direct Drive. Das robuste Metallgestell verhindert, dass du ins Schwanken ger\u00e4tst, wenn du voll in die Eisen gehst. Die R\u00fcckenlehne dieses Stuhls ist au\u00dferdem faltbar. So nimmt der Stuhl weniger Platz ein, wenn du ihn gerade nicht nutzt. Verstelle auch die H\u00f6he und den Winkel des Lenkrads und mache es dir dadurch beim Racing immer sch\u00f6n bequem. Die Pedale lassen sich ebenfalls in der Tiefe und im Winkel verstellen, sodass du immer gut ans Gaspedal herankommst. Der Stuhl eignet sich f\u00fcr Gamer mit einer maximalen K\u00f6rpergr\u00f6\u00dfe von 220\u00a0cm und einem maximalen K\u00f6rpergewicht von 163\u00a0kg.<\/p>\n","protected":false},"featured_media":0,"comment_status":"closed","ping_status":"open","template":"","meta":{"_acf_changed":false},"brand":[362],"product_brand":[],"product_cat":[363],"product_tag":[364],"class_list":{"0":"post-81755","1":"product","2":"type-product","3":"status-publish","5":"brand-playseat","6":"product_cat-gaming-sthle","7":"product_tag-race-stoelen","8":"pa_condition-new","9":"pa_coolblue-de-verzending-morgen-gratis-geliefert","10":"pa_ean-24263","11":"pa_mpn-fo-00334","13":"first","14":"instock","15":"product-type-external"},"acf":[],"_links":{"self":[{"href":"https:\/\/onlinehardwareshop.de\/index.php\/wp-json\/wp\/v2\/product\/81755","targetHints":{"allow":["GET"]}}],"collection":[{"href":"https:\/\/onlinehardwareshop.de\/index.php\/wp-json\/wp\/v2\/product"}],"about":[{"href":"https:\/\/onlinehardwareshop.de\/index.php\/wp-json\/wp\/v2\/types\/product"}],"replies":[{"embeddable":true,"href":"https:\/\/onlinehardwareshop.de\/index.php\/wp-json\/wp\/v2\/comments?post=81755"}],"wp:attachment":[{"href":"https:\/\/onlinehardwareshop.de\/index.php\/wp-json\/wp\/v2\/media?parent=81755"}],"wp:term":[{"taxonomy":"brand","embeddable":true,"href":"https:\/\/onlinehardwareshop.de\/index.php\/wp-json\/wp\/v2\/brand?post=81755"},{"taxonomy":"product_brand","embeddable":true,"href":"https:\/\/onlinehardwareshop.de\/index.php\/wp-json\/wp\/v2\/product_brand?post=81755"},{"taxonomy":"product_cat","embeddable":true,"href":"https:\/\/onlinehardwareshop.de\/index.php\/wp-json\/wp\/v2\/product_cat?post=81755"},{"taxonomy":"product_tag","embeddable":true,"href":"https:\/\/onlinehardwareshop.de\/index.php\/wp-json\/wp\/v2\/product_tag?post=81755"}],"curies":[{"name":"wp","href":"https:\/\/api.w.org\/{rel}","templated":true}]}}