{"id":81753,"date":"2024-01-14T15:26:53","date_gmt":"2024-01-14T15:26:53","guid":{"rendered":"https:\/\/onlinehardwareshop.de\/index.php\/produkt\/pocketbook-verse-pro-azure-2\/"},"modified":"2025-05-14T15:06:10","modified_gmt":"2025-05-14T15:06:10","slug":"pocketbook-verse-pro-azure","status":"publish","type":"product","link":"https:\/\/onlinehardwareshop.de\/index.php\/produkt\/pocketbook-verse-pro-azure\/","title":{"rendered":"PocketBook Verse Pro Azure"},"content":{"rendered":"<p>Auf dem PocketBook Verse Pro Azure liest du ganz bequem B\u00fccher oder h\u00f6rst dir H\u00f6rspiele an. H\u00f6rst du h\u00e4ufig H\u00f6rb\u00fccher, Musik oder Podcasts? Dann verbinde deinen eBook-Reader per Bluetooth mit deinem kabellosen Kopfh\u00f6rer oder In-Ear-Kopfh\u00f6rern. Der kompakte und leichte eBook-Reader l\u00e4sst sich problemlos unterwegs mitnehmen. Das ist zum Beispiel praktisch, wenn du mit dem Zug reist. Mit SMARTlight stellst du die Helligkeit und die Farbtemperatur des Displays wunschgem\u00e4\u00df ein, sodass du auch drau\u00dfen und abends gut lesen kannst. Zur Bedienung hat der eBook-Reader den Touchscreen und vier Tasten. Der Verse Pro verf\u00fcgt zudem \u00fcber eine integrierte Vorlesefunktion, um dir deine E-Books vorzulesen. Mit diesem wasserbest\u00e4ndigen eBook-Reader liest du deine Lieblingsb\u00fccher bedenkenlos in der Badewanne oder am Pool. Im Lieferumfang ist kein Ladeger\u00e4t enthalten. Bestelle dir separat eins dazu, um deinen eBook-Reader direkt aufzuladen.<\/p>\n","protected":false},"excerpt":{"rendered":"<p>Auf dem PocketBook Verse Pro Azure liest du ganz bequem B\u00fccher oder h\u00f6rst dir H\u00f6rspiele an. H\u00f6rst du h\u00e4ufig H\u00f6rb\u00fccher, Musik oder Podcasts? Dann verbinde deinen eBook-Reader per Bluetooth mit deinem kabellosen Kopfh\u00f6rer oder In-Ear-Kopfh\u00f6rern. Der kompakte und leichte eBook-Reader l\u00e4sst sich problemlos unterwegs mitnehmen. Das ist zum Beispiel praktisch, wenn du mit dem Zug reist. Mit SMARTlight stellst du die Helligkeit und die Farbtemperatur des Displays wunschgem\u00e4\u00df ein, sodass du auch drau\u00dfen und abends gut lesen kannst. Zur Bedienung hat der eBook-Reader den Touchscreen und vier Tasten. Der Verse Pro verf\u00fcgt zudem \u00fcber eine integrierte Vorlesefunktion, um dir deine E-Books vorzulesen. Mit diesem wasserbest\u00e4ndigen eBook-Reader liest du deine Lieblingsb\u00fccher bedenkenlos in der Badewanne oder am Pool. Im Lieferumfang ist kein Ladeger\u00e4t enthalten. Bestelle dir separat eins dazu, um deinen eBook-Reader direkt aufzuladen.<\/p>\n","protected":false},"featured_media":0,"comment_status":"closed","ping_status":"open","template":"","meta":{"_acf_changed":false},"brand":[8955],"product_brand":[],"product_cat":[8609],"product_tag":[8610],"class_list":{"0":"post-81753","1":"product","2":"type-product","3":"status-publish","5":"brand-pocketbook","6":"product_cat-ebook-reader","7":"product_tag-e-readers","8":"pa_condition-new","9":"pa_coolblue-de-verzending-morgen-gratis-geliefert","10":"pa_ean-24259","11":"pa_mpn-pb634-a-ww-b","13":"first","14":"instock","15":"product-type-external"},"acf":[],"_links":{"self":[{"href":"https:\/\/onlinehardwareshop.de\/index.php\/wp-json\/wp\/v2\/product\/81753","targetHints":{"allow":["GET"]}}],"collection":[{"href":"https:\/\/onlinehardwareshop.de\/index.php\/wp-json\/wp\/v2\/product"}],"about":[{"href":"https:\/\/onlinehardwareshop.de\/index.php\/wp-json\/wp\/v2\/types\/product"}],"replies":[{"embeddable":true,"href":"https:\/\/onlinehardwareshop.de\/index.php\/wp-json\/wp\/v2\/comments?post=81753"}],"wp:attachment":[{"href":"https:\/\/onlinehardwareshop.de\/index.php\/wp-json\/wp\/v2\/media?parent=81753"}],"wp:term":[{"taxonomy":"brand","embeddable":true,"href":"https:\/\/onlinehardwareshop.de\/index.php\/wp-json\/wp\/v2\/brand?post=81753"},{"taxonomy":"product_brand","embeddable":true,"href":"https:\/\/onlinehardwareshop.de\/index.php\/wp-json\/wp\/v2\/product_brand?post=81753"},{"taxonomy":"product_cat","embeddable":true,"href":"https:\/\/onlinehardwareshop.de\/index.php\/wp-json\/wp\/v2\/product_cat?post=81753"},{"taxonomy":"product_tag","embeddable":true,"href":"https:\/\/onlinehardwareshop.de\/index.php\/wp-json\/wp\/v2\/product_tag?post=81753"}],"curies":[{"name":"wp","href":"https:\/\/api.w.org\/{rel}","templated":true}]}}