{"id":81752,"date":"2024-08-02T00:14:46","date_gmt":"2024-08-02T00:14:46","guid":{"rendered":"https:\/\/onlinehardwareshop.de\/index.php\/produkt\/pocketbook-inkpad-eo-2\/"},"modified":"2025-05-14T15:06:05","modified_gmt":"2025-05-14T15:06:05","slug":"pocketbook-inkpad-eo","status":"publish","type":"product","link":"https:\/\/onlinehardwareshop.de\/index.php\/produkt\/pocketbook-inkpad-eo\/","title":{"rendered":"Pocketbook InkPad Eo"},"content":{"rendered":"<p>Lies, skizziere und zeichne bequem und in Farbe auf dem gro\u00dfen PocketBook InkPad Eo. Auf dem gro\u00dfen 10,3-Zoll-Display lassen sich B\u00fccher und Berichte komfortabel lesen. Du stellst zudem einfach eine gr\u00f6\u00dfere Schrift ein und bl\u00e4tterst weniger h\u00e4ufig um. Aufgrund seiner Gr\u00f6\u00dfe l\u00e4sst sich das PocketBook InkPAd Eo jedoch nicht so leicht mitnehmen. Mit der integrierten Kamera machst du Fotos von Dokumenten und von deiner Umgebung. Mit dem mitgelieferten Stylus erstellst du auf den Fotos dann auch Notizen und Skizzen. Dank des Farbbildschirms kommen Abbildungen und Einb\u00e4nde besser zur Geltung. H\u00f6rst du dir lieber H\u00f6rb\u00fccher oder Podcasts an? Dann nutze die Lautsprecher des eBook-Readers oder deine kabellosen Kopfh\u00f6rer. Das InkPad Eo l\u00e4uft \u00fcber das Betriebssystem von Android, sodass du auch im Internet surfst und Apps herunterl\u00e4dst.<\/p>\n","protected":false},"excerpt":{"rendered":"<p>Lies, skizziere und zeichne bequem und in Farbe auf dem gro\u00dfen PocketBook InkPad Eo. Auf dem gro\u00dfen 10,3-Zoll-Display lassen sich B\u00fccher und Berichte komfortabel lesen. Du stellst zudem einfach eine gr\u00f6\u00dfere Schrift ein und bl\u00e4tterst weniger h\u00e4ufig um. Aufgrund seiner Gr\u00f6\u00dfe l\u00e4sst sich das PocketBook InkPAd Eo jedoch nicht so leicht mitnehmen. Mit der integrierten Kamera machst du Fotos von Dokumenten und von deiner Umgebung. Mit dem mitgelieferten Stylus erstellst du auf den Fotos dann auch Notizen und Skizzen. Dank des Farbbildschirms kommen Abbildungen und Einb\u00e4nde besser zur Geltung. H\u00f6rst du dir lieber H\u00f6rb\u00fccher oder Podcasts an? Dann nutze die Lautsprecher des eBook-Readers oder deine kabellosen Kopfh\u00f6rer. Das InkPad Eo l\u00e4uft \u00fcber das Betriebssystem von Android, sodass du auch im Internet surfst und Apps herunterl\u00e4dst.<\/p>\n","protected":false},"featured_media":0,"comment_status":"closed","ping_status":"open","template":"","meta":{"_acf_changed":false},"brand":[8955],"product_brand":[],"product_cat":[8609],"product_tag":[24254],"class_list":{"0":"post-81752","1":"product","2":"type-product","3":"status-publish","5":"brand-pocketbook","6":"product_cat-ebook-reader","7":"product_tag-digitale-notitieblokken","8":"pa_condition-new","9":"pa_coolblue-de-verzending-morgen-gratis-geliefert","10":"pa_ean-24252","11":"pa_mpn-pb1042-m-ww-b","13":"first","14":"instock","15":"product-type-external"},"acf":[],"_links":{"self":[{"href":"https:\/\/onlinehardwareshop.de\/index.php\/wp-json\/wp\/v2\/product\/81752","targetHints":{"allow":["GET"]}}],"collection":[{"href":"https:\/\/onlinehardwareshop.de\/index.php\/wp-json\/wp\/v2\/product"}],"about":[{"href":"https:\/\/onlinehardwareshop.de\/index.php\/wp-json\/wp\/v2\/types\/product"}],"replies":[{"embeddable":true,"href":"https:\/\/onlinehardwareshop.de\/index.php\/wp-json\/wp\/v2\/comments?post=81752"}],"wp:attachment":[{"href":"https:\/\/onlinehardwareshop.de\/index.php\/wp-json\/wp\/v2\/media?parent=81752"}],"wp:term":[{"taxonomy":"brand","embeddable":true,"href":"https:\/\/onlinehardwareshop.de\/index.php\/wp-json\/wp\/v2\/brand?post=81752"},{"taxonomy":"product_brand","embeddable":true,"href":"https:\/\/onlinehardwareshop.de\/index.php\/wp-json\/wp\/v2\/product_brand?post=81752"},{"taxonomy":"product_cat","embeddable":true,"href":"https:\/\/onlinehardwareshop.de\/index.php\/wp-json\/wp\/v2\/product_cat?post=81752"},{"taxonomy":"product_tag","embeddable":true,"href":"https:\/\/onlinehardwareshop.de\/index.php\/wp-json\/wp\/v2\/product_tag?post=81752"}],"curies":[{"name":"wp","href":"https:\/\/api.w.org\/{rel}","templated":true}]}}