{"id":81750,"date":"2024-01-17T10:49:34","date_gmt":"2024-01-17T10:49:34","guid":{"rendered":"https:\/\/onlinehardwareshop.de\/index.php\/produkt\/pocketbook-era-2\/"},"modified":"2025-05-14T15:05:55","modified_gmt":"2025-05-14T15:05:55","slug":"pocketbook-era","status":"publish","type":"product","link":"https:\/\/onlinehardwareshop.de\/index.php\/produkt\/pocketbook-era\/","title":{"rendered":"PocketBook Era"},"content":{"rendered":"<p>Lies mit dem PocketBook Era \u00fcberall und jederzeit deine Lieblingsb\u00fccher. Der Era ist ein kompakter eBook-Reader mit einer Bildschirmdiagonale von 7 Zoll. Daher nimmst du ihn bequem \u00fcberallhin mit. Praktisch, wenn du gerne unterwegs liest, zum Beispiel im Zug oder im Flugzeug. Am Urlaubsziel angekommen liest du mit diesem wasserbest\u00e4ndigen eBook-Reader einfach unbesorgt am Pool oder am Strand weiter. H\u00f6rst du auch gerne H\u00f6rb\u00fccher? Kein Problem, du speicherst Audiodateien auf dem eBook-Reader und verbindest deine Kopfh\u00f6rer \u00fcber Bluetooth. Auf dem 16 GB gro\u00dfen Speicher speicherst du Tausende von E-Books. Hast du viele Audiodateien? Diese brauchen mehr Platz, daher ist der PocketBook Era mit 64 GB Speicher hier die bessere Wahl.<\/p>\n","protected":false},"excerpt":{"rendered":"<p>Lies mit dem PocketBook Era \u00fcberall und jederzeit deine Lieblingsb\u00fccher. Der Era ist ein kompakter eBook-Reader mit einer Bildschirmdiagonale von 7 Zoll. Daher nimmst du ihn bequem \u00fcberallhin mit. Praktisch, wenn du gerne unterwegs liest, zum Beispiel im Zug oder im Flugzeug. Am Urlaubsziel angekommen liest du mit diesem wasserbest\u00e4ndigen eBook-Reader einfach unbesorgt am Pool oder am Strand weiter. H\u00f6rst du auch gerne H\u00f6rb\u00fccher? Kein Problem, du speicherst Audiodateien auf dem eBook-Reader und verbindest deine Kopfh\u00f6rer \u00fcber Bluetooth. Auf dem 16 GB gro\u00dfen Speicher speicherst du Tausende von E-Books. Hast du viele Audiodateien? Diese brauchen mehr Platz, daher ist der PocketBook Era mit 64 GB Speicher hier die bessere Wahl.<\/p>\n","protected":false},"featured_media":0,"comment_status":"closed","ping_status":"open","template":"","meta":{"_acf_changed":false},"brand":[8955],"product_brand":[],"product_cat":[8609],"product_tag":[8610],"class_list":{"0":"post-81750","1":"product","2":"type-product","3":"status-publish","5":"brand-pocketbook","6":"product_cat-ebook-reader","7":"product_tag-e-readers","8":"pa_condition-new","9":"pa_coolblue-de-verzending-morgen-gratis-geliefert","10":"pa_ean-24248","11":"pa_mpn-pb700-u-16-ww-b","13":"first","14":"instock","15":"product-type-external"},"acf":[],"_links":{"self":[{"href":"https:\/\/onlinehardwareshop.de\/index.php\/wp-json\/wp\/v2\/product\/81750","targetHints":{"allow":["GET"]}}],"collection":[{"href":"https:\/\/onlinehardwareshop.de\/index.php\/wp-json\/wp\/v2\/product"}],"about":[{"href":"https:\/\/onlinehardwareshop.de\/index.php\/wp-json\/wp\/v2\/types\/product"}],"replies":[{"embeddable":true,"href":"https:\/\/onlinehardwareshop.de\/index.php\/wp-json\/wp\/v2\/comments?post=81750"}],"wp:attachment":[{"href":"https:\/\/onlinehardwareshop.de\/index.php\/wp-json\/wp\/v2\/media?parent=81750"}],"wp:term":[{"taxonomy":"brand","embeddable":true,"href":"https:\/\/onlinehardwareshop.de\/index.php\/wp-json\/wp\/v2\/brand?post=81750"},{"taxonomy":"product_brand","embeddable":true,"href":"https:\/\/onlinehardwareshop.de\/index.php\/wp-json\/wp\/v2\/product_brand?post=81750"},{"taxonomy":"product_cat","embeddable":true,"href":"https:\/\/onlinehardwareshop.de\/index.php\/wp-json\/wp\/v2\/product_cat?post=81750"},{"taxonomy":"product_tag","embeddable":true,"href":"https:\/\/onlinehardwareshop.de\/index.php\/wp-json\/wp\/v2\/product_tag?post=81750"}],"curies":[{"name":"wp","href":"https:\/\/api.w.org\/{rel}","templated":true}]}}