{"id":81706,"date":"2024-03-01T05:55:23","date_gmt":"2024-03-01T05:55:23","guid":{"rendered":"https:\/\/onlinehardwareshop.de\/index.php\/produkt\/samsung-990-evo-plus-2tb-nvme-ssd-2\/"},"modified":"2025-05-14T15:01:45","modified_gmt":"2025-05-14T15:01:45","slug":"samsung-990-evo-plus-2tb-nvme-ssd","status":"publish","type":"product","link":"https:\/\/onlinehardwareshop.de\/index.php\/produkt\/samsung-990-evo-plus-2tb-nvme-ssd\/","title":{"rendered":"Samsung 990 EVO Plus 2TB NVMe SSD"},"content":{"rendered":"<p>Hinweis: Diese M.2-SSD hat eine PCI Express 4.0 x4 (NVMe) Schnittstelle und funktioniert nur, wenn dein System PCIe\/NVMe unterst\u00fctzt. Pr\u00fcfe dies in der Gebrauchsanleitung deines Laptops oder Motherboards.  \u00dcbertrage Daten blitzschnell mit der Samsung 990 EVO Plus 2\u00a0TB NVMe internen SSD. Dank der maximalen Lesegeschwindigkeit von 7.250\u00a0MB\/s und der Schreibgeschwindigkeit von 6.300\u00a0MB\/s \u00f6ffnest du Dateien au\u00dfergew\u00f6hnlich schnell und f\u00e4hrst deinen PC innerhalb weniger Sekunden hoch. Zudem hast du kein Problem mit langen Ladezeiten beim Gaming. Die Samsung 990 EVO Plus hat einen TBW-Wert (Terabytes Written) von 1.200\u00a0TB. Das bedeutet, dass du im Durchschnitt 1.200\u00a0TB Daten mit dieser SSD schreibst. Dank der Datenverschl\u00fcsselung sind deine gespeicherten Daten zudem sicher. Du erh\u00e4ltst von Samsung f\u00fcnf Jahre Werksgarantie auf diese SSD.<\/p>\n","protected":false},"excerpt":{"rendered":"<p>Hinweis: Diese M.2-SSD hat eine PCI Express 4.0 x4 (NVMe) Schnittstelle und funktioniert nur, wenn dein System PCIe\/NVMe unterst\u00fctzt. Pr\u00fcfe dies in der Gebrauchsanleitung deines Laptops oder Motherboards.  \u00dcbertrage Daten blitzschnell mit der Samsung 990 EVO Plus 2\u00a0TB NVMe internen SSD. Dank der maximalen Lesegeschwindigkeit von 7.250\u00a0MB\/s und der Schreibgeschwindigkeit von 6.300\u00a0MB\/s \u00f6ffnest du Dateien au\u00dfergew\u00f6hnlich schnell und f\u00e4hrst deinen PC innerhalb weniger Sekunden hoch. Zudem hast du kein Problem mit langen Ladezeiten beim Gaming. Die Samsung 990 EVO Plus hat einen TBW-Wert (Terabytes Written) von 1.200\u00a0TB. Das bedeutet, dass du im Durchschnitt 1.200\u00a0TB Daten mit dieser SSD schreibst. Dank der Datenverschl\u00fcsselung sind deine gespeicherten Daten zudem sicher. Du erh\u00e4ltst von Samsung f\u00fcnf Jahre Werksgarantie auf diese SSD.<\/p>\n","protected":false},"featured_media":0,"comment_status":"closed","ping_status":"open","template":"","meta":{"_acf_changed":false},"brand":[1165],"product_brand":[],"product_cat":[2957],"product_tag":[7168],"class_list":{"0":"post-81706","1":"product","2":"type-product","3":"status-publish","5":"brand-samsung","6":"product_cat-solid-state-drives-ssd","7":"product_tag-m-2-ssd","8":"pa_condition-new","9":"pa_coolblue-de-verzending-morgen-gratis-geliefert","10":"pa_ean-24147","11":"pa_mpn-mz-v9s2t0bw","13":"first","14":"instock","15":"product-type-external"},"acf":[],"_links":{"self":[{"href":"https:\/\/onlinehardwareshop.de\/index.php\/wp-json\/wp\/v2\/product\/81706","targetHints":{"allow":["GET"]}}],"collection":[{"href":"https:\/\/onlinehardwareshop.de\/index.php\/wp-json\/wp\/v2\/product"}],"about":[{"href":"https:\/\/onlinehardwareshop.de\/index.php\/wp-json\/wp\/v2\/types\/product"}],"replies":[{"embeddable":true,"href":"https:\/\/onlinehardwareshop.de\/index.php\/wp-json\/wp\/v2\/comments?post=81706"}],"wp:attachment":[{"href":"https:\/\/onlinehardwareshop.de\/index.php\/wp-json\/wp\/v2\/media?parent=81706"}],"wp:term":[{"taxonomy":"brand","embeddable":true,"href":"https:\/\/onlinehardwareshop.de\/index.php\/wp-json\/wp\/v2\/brand?post=81706"},{"taxonomy":"product_brand","embeddable":true,"href":"https:\/\/onlinehardwareshop.de\/index.php\/wp-json\/wp\/v2\/product_brand?post=81706"},{"taxonomy":"product_cat","embeddable":true,"href":"https:\/\/onlinehardwareshop.de\/index.php\/wp-json\/wp\/v2\/product_cat?post=81706"},{"taxonomy":"product_tag","embeddable":true,"href":"https:\/\/onlinehardwareshop.de\/index.php\/wp-json\/wp\/v2\/product_tag?post=81706"}],"curies":[{"name":"wp","href":"https:\/\/api.w.org\/{rel}","templated":true}]}}