{"id":81700,"date":"2024-05-02T10:03:14","date_gmt":"2024-05-02T10:03:14","guid":{"rendered":"https:\/\/onlinehardwareshop.de\/index.php\/produkt\/bowers-t-mit-usb-c-port-20w-wei-11\/"},"modified":"2025-05-14T15:01:08","modified_gmt":"2025-05-14T15:01:08","slug":"bowers-t-mit-usb-c-port-20w-wei-3","status":"publish","type":"product","link":"https:\/\/onlinehardwareshop.de\/index.php\/produkt\/bowers-t-mit-usb-c-port-20w-wei-3\/","title":{"rendered":"Bowers &#038; Wilkins Px7 S2e Grau + BlueBuilt Power-Delivery-Ladeger&#xE4;t mit USB-C-Port 20&#xA0;W Wei&#xDF;"},"content":{"rendered":"<p>Mit dem Bowers &#038; Wilkins Px7 S2e Grau + BlueBuilt Power-Delivery-Ladeger\u00e4t mit USB-C-Port 20\u00a0W Wei\u00df erh\u00e4ltst du einen Kopfh\u00f6rer mit solidem Noise Cancelling und ein Ladeger\u00e4t f\u00fcr zu Hause. Das Noise Cancelling dieses Kopfh\u00f6rers ist besonders stark. So schottest du dich von deiner Umgebung ab und konzentrierst dich besser auf deine Arbeit, zum Beispiel im Gro\u00dfraumb\u00fcro. Dank des Tr\u00e4gererkennungssensors verpasst du nichts mehr von deiner Lieblingsmusik. Dieser Sensor erkennt, wenn du den Kopfh\u00f6rer abnimmst, und unterbricht die Musikwiedergabe. Au\u00dferdem wird die Musik weiter abgespielt, wenn du den Kopfh\u00f6rer wieder aufsetzt. In der Bowers &#038; Wilkins Headphones App l\u00e4sst sich die Audiowiedergabe \u00fcber einen Equalizer personalisieren. Der Kopfh\u00f6rer hat eine Akkulaufzeit von 30 Stunden. Sollte der Akku einmal leer sein, l\u00e4dst du ihn innerhalb von 15 Minuten auf und erh\u00e4ltst so eine zus\u00e4tzliche Laufzeit von 7 Stunden.<\/p>\n","protected":false},"excerpt":{"rendered":"<p>Mit dem Bowers &#038; Wilkins Px7 S2e Grau + BlueBuilt Power-Delivery-Ladeger\u00e4t mit USB-C-Port 20\u00a0W Wei\u00df erh\u00e4ltst du einen Kopfh\u00f6rer mit solidem Noise Cancelling und ein Ladeger\u00e4t f\u00fcr zu Hause. Das Noise Cancelling dieses Kopfh\u00f6rers ist besonders stark. So schottest du dich von deiner Umgebung ab und konzentrierst dich besser auf deine Arbeit, zum Beispiel im Gro\u00dfraumb\u00fcro. Dank des Tr\u00e4gererkennungssensors verpasst du nichts mehr von deiner Lieblingsmusik. Dieser Sensor erkennt, wenn du den Kopfh\u00f6rer abnimmst, und unterbricht die Musikwiedergabe. Au\u00dferdem wird die Musik weiter abgespielt, wenn du den Kopfh\u00f6rer wieder aufsetzt. In der Bowers &#038; Wilkins Headphones App l\u00e4sst sich die Audiowiedergabe \u00fcber einen Equalizer personalisieren. Der Kopfh\u00f6rer hat eine Akkulaufzeit von 30 Stunden. Sollte der Akku einmal leer sein, l\u00e4dst du ihn innerhalb von 15 Minuten auf und erh\u00e4ltst so eine zus\u00e4tzliche Laufzeit von 7 Stunden.<\/p>\n","protected":false},"featured_media":0,"comment_status":"closed","ping_status":"open","template":"","meta":{"_acf_changed":false},"brand":[2159],"product_brand":[],"product_cat":[1182],"product_tag":[5609],"class_list":{"0":"post-81700","1":"product","2":"type-product","3":"status-publish","5":"brand-bowers-wilkins","6":"product_cat-kopfhrer","7":"product_tag-hoofdtelefoons-met-noisecancelling","8":"pa_condition-new","9":"pa_coolblue-de-verzending-morgen-gratis-geliefert","10":"pa_ean-24140","12":"first","13":"instock","14":"product-type-external"},"acf":[],"_links":{"self":[{"href":"https:\/\/onlinehardwareshop.de\/index.php\/wp-json\/wp\/v2\/product\/81700","targetHints":{"allow":["GET"]}}],"collection":[{"href":"https:\/\/onlinehardwareshop.de\/index.php\/wp-json\/wp\/v2\/product"}],"about":[{"href":"https:\/\/onlinehardwareshop.de\/index.php\/wp-json\/wp\/v2\/types\/product"}],"replies":[{"embeddable":true,"href":"https:\/\/onlinehardwareshop.de\/index.php\/wp-json\/wp\/v2\/comments?post=81700"}],"wp:attachment":[{"href":"https:\/\/onlinehardwareshop.de\/index.php\/wp-json\/wp\/v2\/media?parent=81700"}],"wp:term":[{"taxonomy":"brand","embeddable":true,"href":"https:\/\/onlinehardwareshop.de\/index.php\/wp-json\/wp\/v2\/brand?post=81700"},{"taxonomy":"product_brand","embeddable":true,"href":"https:\/\/onlinehardwareshop.de\/index.php\/wp-json\/wp\/v2\/product_brand?post=81700"},{"taxonomy":"product_cat","embeddable":true,"href":"https:\/\/onlinehardwareshop.de\/index.php\/wp-json\/wp\/v2\/product_cat?post=81700"},{"taxonomy":"product_tag","embeddable":true,"href":"https:\/\/onlinehardwareshop.de\/index.php\/wp-json\/wp\/v2\/product_tag?post=81700"}],"curies":[{"name":"wp","href":"https:\/\/api.w.org\/{rel}","templated":true}]}}