{"id":81698,"date":"2024-10-02T21:36:49","date_gmt":"2024-10-02T21:36:49","guid":{"rendered":"https:\/\/onlinehardwareshop.de\/index.php\/produkt\/bowers-t-mit-usb-c-port-20w-wei-9\/"},"modified":"2025-05-14T15:00:59","modified_gmt":"2025-05-14T15:00:59","slug":"bowers-t-mit-usb-c-port-20w-wei","status":"publish","type":"product","link":"https:\/\/onlinehardwareshop.de\/index.php\/produkt\/bowers-t-mit-usb-c-port-20w-wei\/","title":{"rendered":"Bowers &#038; Wilkins Px7 S2 Schwarz + BlueBuilt Power-Delivery-Ladeger&#xE4;t mit USB-C-Port 20&#xA0;W Wei&#xDF;"},"content":{"rendered":"<p>Mit diesem Set aus Bowers &#038; Wilkins Px7 S2 Schwarz + BlueBuilt Power-Delivery-Ladeger\u00e4t mit USB-C-Port 20\u00a0W Wei\u00df genie\u00dft du ein starkes Noise Cancelling. Mit dem Ladeger\u00e4t l\u00e4dst du den Kopfh\u00f6rer direkt auf und legst los. Der Kopfh\u00f6rer verf\u00fcgt \u00fcber Noise Cancelling der Spitzenklasse, das Umgebungsger\u00e4usche stark d\u00e4mpft. Unterh\u00e4ltst du dich mit jemandem? Wenn du den Kopfh\u00f6rer abnimmst, pausiert die Musik automatisch. Sie spielt auch automatisch weiter, wenn du den Kopfh\u00f6rer wieder aufsetzt. In der Bowers &#038; Wilkins Headphones App personalisierst du die Audiowiedergabe mithilfe eines Equalizers.<\/p>\n","protected":false},"excerpt":{"rendered":"<p>Mit diesem Set aus Bowers &#038; Wilkins Px7 S2 Schwarz + BlueBuilt Power-Delivery-Ladeger\u00e4t mit USB-C-Port 20\u00a0W Wei\u00df genie\u00dft du ein starkes Noise Cancelling. Mit dem Ladeger\u00e4t l\u00e4dst du den Kopfh\u00f6rer direkt auf und legst los. Der Kopfh\u00f6rer verf\u00fcgt \u00fcber Noise Cancelling der Spitzenklasse, das Umgebungsger\u00e4usche stark d\u00e4mpft. Unterh\u00e4ltst du dich mit jemandem? Wenn du den Kopfh\u00f6rer abnimmst, pausiert die Musik automatisch. Sie spielt auch automatisch weiter, wenn du den Kopfh\u00f6rer wieder aufsetzt. In der Bowers &#038; Wilkins Headphones App personalisierst du die Audiowiedergabe mithilfe eines Equalizers.<\/p>\n","protected":false},"featured_media":0,"comment_status":"closed","ping_status":"open","template":"","meta":{"_acf_changed":false},"brand":[2159],"product_brand":[],"product_cat":[1182],"product_tag":[5609],"class_list":{"0":"post-81698","1":"product","2":"type-product","3":"status-publish","5":"brand-bowers-wilkins","6":"product_cat-kopfhrer","7":"product_tag-hoofdtelefoons-met-noisecancelling","8":"pa_condition-new","9":"pa_coolblue-de-verzending-morgen-gratis-geliefert","10":"pa_ean-28294","12":"first","13":"instock","14":"product-type-external"},"acf":[],"_links":{"self":[{"href":"https:\/\/onlinehardwareshop.de\/index.php\/wp-json\/wp\/v2\/product\/81698","targetHints":{"allow":["GET"]}}],"collection":[{"href":"https:\/\/onlinehardwareshop.de\/index.php\/wp-json\/wp\/v2\/product"}],"about":[{"href":"https:\/\/onlinehardwareshop.de\/index.php\/wp-json\/wp\/v2\/types\/product"}],"replies":[{"embeddable":true,"href":"https:\/\/onlinehardwareshop.de\/index.php\/wp-json\/wp\/v2\/comments?post=81698"}],"wp:attachment":[{"href":"https:\/\/onlinehardwareshop.de\/index.php\/wp-json\/wp\/v2\/media?parent=81698"}],"wp:term":[{"taxonomy":"brand","embeddable":true,"href":"https:\/\/onlinehardwareshop.de\/index.php\/wp-json\/wp\/v2\/brand?post=81698"},{"taxonomy":"product_brand","embeddable":true,"href":"https:\/\/onlinehardwareshop.de\/index.php\/wp-json\/wp\/v2\/product_brand?post=81698"},{"taxonomy":"product_cat","embeddable":true,"href":"https:\/\/onlinehardwareshop.de\/index.php\/wp-json\/wp\/v2\/product_cat?post=81698"},{"taxonomy":"product_tag","embeddable":true,"href":"https:\/\/onlinehardwareshop.de\/index.php\/wp-json\/wp\/v2\/product_tag?post=81698"}],"curies":[{"name":"wp","href":"https:\/\/api.w.org\/{rel}","templated":true}]}}