{"id":81667,"date":"2024-11-17T23:07:20","date_gmt":"2024-11-17T23:07:20","guid":{"rendered":"https:\/\/onlinehardwareshop.de\/index.php\/produkt\/epson-ecotank-et-2856-2\/"},"modified":"2025-05-14T14:58:04","modified_gmt":"2025-05-14T14:58:04","slug":"epson-ecotank-et-2856","status":"publish","type":"product","link":"https:\/\/onlinehardwareshop.de\/index.php\/produkt\/epson-ecotank-et-2856\/","title":{"rendered":"Epson EcoTank ET-2856"},"content":{"rendered":"<p>Der Epson EcoTank ET-2856 ist die g\u00fcnstige Druckl\u00f6sung f\u00fcr zu Hause. Mit diesem EcoTank Multifunktionsdrucker druckst du automatisch doppelseitig, scannst und kopierst. Du hast keine Probleme mehr mit leeren Patronen, denn du f\u00fcllst den EcoTank mit Tinte aus einer Flasche nach. Mit einem Tintenflaschenset druckst du bis zu 7.500 Seiten in Schwarz-Wei\u00df und 6.000 Seiten in Farbe. In der Papierkassette ist Platz f\u00fcr 100 Blatt Papier. Du verbindest den Drucker \u00fcber WLAN oder WiFi Direct. Mit WiFi Direct verbindest du den Drucker direkt mit deinem Handy, ohne daf\u00fcr ein Modem zu verwenden. So nutzt du den Drucker auch an Orten ohne kabelloses Netzwerk. Du bedienst den Drucker \u00fcber die Epson Smart Panel App oder \u00fcber das LCD-Display.<\/p>\n","protected":false},"excerpt":{"rendered":"<p>Der Epson EcoTank ET-2856 ist die g\u00fcnstige Druckl\u00f6sung f\u00fcr zu Hause. Mit diesem EcoTank Multifunktionsdrucker druckst du automatisch doppelseitig, scannst und kopierst. Du hast keine Probleme mehr mit leeren Patronen, denn du f\u00fcllst den EcoTank mit Tinte aus einer Flasche nach. Mit einem Tintenflaschenset druckst du bis zu 7.500 Seiten in Schwarz-Wei\u00df und 6.000 Seiten in Farbe. In der Papierkassette ist Platz f\u00fcr 100 Blatt Papier. Du verbindest den Drucker \u00fcber WLAN oder WiFi Direct. Mit WiFi Direct verbindest du den Drucker direkt mit deinem Handy, ohne daf\u00fcr ein Modem zu verwenden. So nutzt du den Drucker auch an Orten ohne kabelloses Netzwerk. Du bedienst den Drucker \u00fcber die Epson Smart Panel App oder \u00fcber das LCD-Display.<\/p>\n","protected":false},"featured_media":0,"comment_status":"closed","ping_status":"open","template":"","meta":{"_acf_changed":false},"brand":[267],"product_brand":[],"product_cat":[2205],"product_tag":[4745],"class_list":{"0":"post-81667","1":"product","2":"type-product","3":"status-publish","5":"brand-epson","6":"product_cat-drucker","7":"product_tag-inkttank-printers","8":"pa_condition-new","9":"pa_coolblue-de-verzending-morgen-gratis-geliefert","10":"pa_ean-24077","11":"pa_mpn-c11cj63406","13":"first","14":"instock","15":"product-type-external"},"acf":[],"_links":{"self":[{"href":"https:\/\/onlinehardwareshop.de\/index.php\/wp-json\/wp\/v2\/product\/81667","targetHints":{"allow":["GET"]}}],"collection":[{"href":"https:\/\/onlinehardwareshop.de\/index.php\/wp-json\/wp\/v2\/product"}],"about":[{"href":"https:\/\/onlinehardwareshop.de\/index.php\/wp-json\/wp\/v2\/types\/product"}],"replies":[{"embeddable":true,"href":"https:\/\/onlinehardwareshop.de\/index.php\/wp-json\/wp\/v2\/comments?post=81667"}],"wp:attachment":[{"href":"https:\/\/onlinehardwareshop.de\/index.php\/wp-json\/wp\/v2\/media?parent=81667"}],"wp:term":[{"taxonomy":"brand","embeddable":true,"href":"https:\/\/onlinehardwareshop.de\/index.php\/wp-json\/wp\/v2\/brand?post=81667"},{"taxonomy":"product_brand","embeddable":true,"href":"https:\/\/onlinehardwareshop.de\/index.php\/wp-json\/wp\/v2\/product_brand?post=81667"},{"taxonomy":"product_cat","embeddable":true,"href":"https:\/\/onlinehardwareshop.de\/index.php\/wp-json\/wp\/v2\/product_cat?post=81667"},{"taxonomy":"product_tag","embeddable":true,"href":"https:\/\/onlinehardwareshop.de\/index.php\/wp-json\/wp\/v2\/product_tag?post=81667"}],"curies":[{"name":"wp","href":"https:\/\/api.w.org\/{rel}","templated":true}]}}