{"id":81656,"date":"2024-04-15T18:27:58","date_gmt":"2024-04-15T18:27:58","guid":{"rendered":"https:\/\/onlinehardwareshop.de\/index.php\/produkt\/jbl-jr470nc-rosa-2\/"},"modified":"2025-05-14T14:57:03","modified_gmt":"2025-05-14T14:57:03","slug":"jbl-jr470nc-rosa","status":"publish","type":"product","link":"https:\/\/onlinehardwareshop.de\/index.php\/produkt\/jbl-jr470nc-rosa\/","title":{"rendered":"JBL JR470NC Rosa"},"content":{"rendered":"<p>Mit dem JBL JR470NC Rosa h\u00f6rt dein Kind problemlos den ganzen Tag lang Musik. Dieser Kopfh\u00f6rer verf\u00fcgt \u00fcber eine Lautst\u00e4rkebegrenzung, die 85 Dezibel nicht \u00fcberschreitet. Bis zu dieser Lautst\u00e4rke sind die Ohren deines Kindes n\u00e4mlich gesch\u00fctzt und es l\u00e4uft nicht Gefahr, durch die Verwendung des Kopfh\u00f6rers eine H\u00f6rsch\u00e4digung davonzutragen. Dank des Noise Cancelling h\u00f6rt dein Kind au\u00dferdem weniger von seiner Umgebung. Mit dieser Technik werden Umgebungsger\u00e4usche ged\u00e4mpft, sodass dein Kind vollkommen ungest\u00f6rt einen Film anschaut. Au\u00dferdem stellt es dadurch auch die Lautst\u00e4rke nicht \u00fcberm\u00e4\u00dfig hoch ein. In der App hast du die M\u00f6glichkeit, die Abspielzeit des Kopfh\u00f6rers einzustellen. So stellst du zum Beispiel ein, wie lange am Tag dein Kind den Kopfh\u00f6rer verwendet. Dadurch verhinderst du beispielsweise, dass es den ganzen Tag am Tablet klebt.<\/p>\n","protected":false},"excerpt":{"rendered":"<p>Mit dem JBL JR470NC Rosa h\u00f6rt dein Kind problemlos den ganzen Tag lang Musik. Dieser Kopfh\u00f6rer verf\u00fcgt \u00fcber eine Lautst\u00e4rkebegrenzung, die 85 Dezibel nicht \u00fcberschreitet. Bis zu dieser Lautst\u00e4rke sind die Ohren deines Kindes n\u00e4mlich gesch\u00fctzt und es l\u00e4uft nicht Gefahr, durch die Verwendung des Kopfh\u00f6rers eine H\u00f6rsch\u00e4digung davonzutragen. Dank des Noise Cancelling h\u00f6rt dein Kind au\u00dferdem weniger von seiner Umgebung. Mit dieser Technik werden Umgebungsger\u00e4usche ged\u00e4mpft, sodass dein Kind vollkommen ungest\u00f6rt einen Film anschaut. Au\u00dferdem stellt es dadurch auch die Lautst\u00e4rke nicht \u00fcberm\u00e4\u00dfig hoch ein. In der App hast du die M\u00f6glichkeit, die Abspielzeit des Kopfh\u00f6rers einzustellen. So stellst du zum Beispiel ein, wie lange am Tag dein Kind den Kopfh\u00f6rer verwendet. Dadurch verhinderst du beispielsweise, dass es den ganzen Tag am Tablet klebt.<\/p>\n","protected":false},"featured_media":0,"comment_status":"closed","ping_status":"open","template":"","meta":{"_acf_changed":false},"brand":[5677],"product_brand":[],"product_cat":[1182],"product_tag":[5609],"class_list":{"0":"post-81656","1":"product","2":"type-product","3":"status-publish","5":"brand-jbl","6":"product_cat-kopfhrer","7":"product_tag-hoofdtelefoons-met-noisecancelling","8":"pa_condition-new","9":"pa_coolblue-de-verzending-morgen-gratis-geliefert","10":"pa_ean-28292","11":"pa_mpn-jbljr470ncpik","13":"first","14":"instock","15":"product-type-external"},"acf":[],"_links":{"self":[{"href":"https:\/\/onlinehardwareshop.de\/index.php\/wp-json\/wp\/v2\/product\/81656","targetHints":{"allow":["GET"]}}],"collection":[{"href":"https:\/\/onlinehardwareshop.de\/index.php\/wp-json\/wp\/v2\/product"}],"about":[{"href":"https:\/\/onlinehardwareshop.de\/index.php\/wp-json\/wp\/v2\/types\/product"}],"replies":[{"embeddable":true,"href":"https:\/\/onlinehardwareshop.de\/index.php\/wp-json\/wp\/v2\/comments?post=81656"}],"wp:attachment":[{"href":"https:\/\/onlinehardwareshop.de\/index.php\/wp-json\/wp\/v2\/media?parent=81656"}],"wp:term":[{"taxonomy":"brand","embeddable":true,"href":"https:\/\/onlinehardwareshop.de\/index.php\/wp-json\/wp\/v2\/brand?post=81656"},{"taxonomy":"product_brand","embeddable":true,"href":"https:\/\/onlinehardwareshop.de\/index.php\/wp-json\/wp\/v2\/product_brand?post=81656"},{"taxonomy":"product_cat","embeddable":true,"href":"https:\/\/onlinehardwareshop.de\/index.php\/wp-json\/wp\/v2\/product_cat?post=81656"},{"taxonomy":"product_tag","embeddable":true,"href":"https:\/\/onlinehardwareshop.de\/index.php\/wp-json\/wp\/v2\/product_tag?post=81656"}],"curies":[{"name":"wp","href":"https:\/\/api.w.org\/{rel}","templated":true}]}}