{"id":81581,"date":"2024-05-20T07:26:52","date_gmt":"2024-05-20T07:26:52","guid":{"rendered":"https:\/\/onlinehardwareshop.de\/index.php\/produkt\/hp-envy-6520e-2\/"},"modified":"2025-05-14T14:49:49","modified_gmt":"2025-05-14T14:49:49","slug":"hp-envy-6520e","status":"publish","type":"product","link":"https:\/\/onlinehardwareshop.de\/index.php\/produkt\/hp-envy-6520e\/","title":{"rendered":"HP ENVY 6520e"},"content":{"rendered":"<p>Der HP ENVY 6520e ist ein Multifunktions-Tintenstrahldrucker mit automatischem Dokumenteneinzug f\u00fcr zu Hause. Dank dieses automatischen Dokumenteneinzugs scannst oder kopierst du einen ganzen Stapel Papier auf einen Schlag. So sparst du dir Zeit und Arbeit. Da dieser Drucker automatisch beidseitig druckt, sparst du zus\u00e4tzlich Papier. Mit diesem Multifunktionsdrucker druckst, scannst, kopierst und faxt du. Fotos lassen sich ohne R\u00e4nder drucken, sodass du Gru\u00dfkarten f\u00fcr verschiedene Anl\u00e4sse kreierst. Du sendest deine Druckauftr\u00e4ge kabelgebunden \u00fcber ein USB-Kabel oder kabellos \u00fcber WLAN.   Geeignet f\u00fcr HP Instant Ink  Mit dem HP Instant Ink Abonnement bekommst du automatisch Tinte nach Hause geliefert und sparst Druckkosten. Zu diesem Drucker erh\u00e4ltst du einen kostenlosen Testzeitraum von drei Monaten. So druckst du in den ersten drei Monaten bis zu 700 Seiten kostenlos. Danach zahlst du einen festen Betrag im Monat. Dein Tintenabo l\u00e4sst sich jederzeit \u00e4ndern. So legst du dich nicht fest. Mehr Informationen zu HP Instant Ink gew\u00fcnscht? Sieh dir unseren Beratungsartikel an.   Drucker mit dynamischer Sicherheit  Bestimmte HP Drucker sind daf\u00fcr ausgelegt, nur mit Patronen zu funktionieren, die neue oder wiederverwendete HP Chips oder elektronische HP Schaltkreise aufweisen. Diese Drucker nutzen dynamische Sicherheitsfunktionen, um Patronen zu blockieren, die mit einem Chip oder einer elektronischen Schaltung ausgestattet sind, die nicht von HP stammt. Die Wirksamkeit dieser Funktionen wird durch regelm\u00e4\u00dfige Firmware-Updates garantiert, sodass auch Patronen blockiert werden, die fr\u00fcher durchaus funktioniert haben. Wiederverwendete HP Chips und elektronische HP Schaltungen erm\u00f6glichen die Nutzung wiederverwendeter, recycelter und neu bef\u00fcllter Patronen.<\/p>\n","protected":false},"excerpt":{"rendered":"<p>Der HP ENVY 6520e ist ein Multifunktions-Tintenstrahldrucker mit automatischem Dokumenteneinzug f\u00fcr zu Hause. Dank dieses automatischen Dokumenteneinzugs scannst oder kopierst du einen ganzen Stapel Papier auf einen Schlag. So sparst du dir Zeit und Arbeit. Da dieser Drucker automatisch beidseitig druckt, sparst du zus\u00e4tzlich Papier. Mit diesem Multifunktionsdrucker druckst, scannst, kopierst und faxt du. Fotos lassen sich ohne R\u00e4nder drucken, sodass du Gru\u00dfkarten f\u00fcr verschiedene Anl\u00e4sse kreierst. Du sendest deine Druckauftr\u00e4ge kabelgebunden \u00fcber ein USB-Kabel oder kabellos \u00fcber WLAN.   Geeignet f\u00fcr HP Instant Ink  Mit dem HP Instant Ink Abonnement bekommst du automatisch Tinte nach Hause geliefert und sparst Druckkosten. Zu diesem Drucker erh\u00e4ltst du einen kostenlosen Testzeitraum von drei Monaten. So druckst du in den ersten drei Monaten bis zu 700 Seiten kostenlos. Danach zahlst du einen festen Betrag im Monat. Dein Tintenabo l\u00e4sst sich jederzeit \u00e4ndern. So legst du dich nicht fest. Mehr Informationen zu HP Instant Ink gew\u00fcnscht? Sieh dir unseren Beratungsartikel an.   Drucker mit dynamischer Sicherheit  Bestimmte HP Drucker sind daf\u00fcr ausgelegt, nur mit Patronen zu funktionieren, die neue oder wiederverwendete HP Chips oder elektronische HP Schaltkreise aufweisen. Diese Drucker nutzen dynamische Sicherheitsfunktionen, um Patronen zu blockieren, die mit einem Chip oder einer elektronischen Schaltung ausgestattet sind, die nicht von HP stammt. Die Wirksamkeit dieser Funktionen wird durch regelm\u00e4\u00dfige Firmware-Updates garantiert, sodass auch Patronen blockiert werden, die fr\u00fcher durchaus funktioniert haben. Wiederverwendete HP Chips und elektronische HP Schaltungen erm\u00f6glichen die Nutzung wiederverwendeter, recycelter und neu bef\u00fcllter Patronen.<\/p>\n","protected":false},"featured_media":0,"comment_status":"closed","ping_status":"open","template":"","meta":{"_acf_changed":false},"brand":[90],"product_brand":[],"product_cat":[2205],"product_tag":[2206],"class_list":{"0":"post-81581","1":"product","2":"type-product","3":"status-publish","5":"brand-hp","6":"product_cat-drucker","7":"product_tag-inkjetprinters","8":"pa_condition-new","9":"pa_coolblue-de-verzending-morgen-gratis-geliefert","10":"pa_ean-23953","11":"pa_mpn-714n9b","13":"first","14":"instock","15":"product-type-external"},"acf":[],"_links":{"self":[{"href":"https:\/\/onlinehardwareshop.de\/index.php\/wp-json\/wp\/v2\/product\/81581","targetHints":{"allow":["GET"]}}],"collection":[{"href":"https:\/\/onlinehardwareshop.de\/index.php\/wp-json\/wp\/v2\/product"}],"about":[{"href":"https:\/\/onlinehardwareshop.de\/index.php\/wp-json\/wp\/v2\/types\/product"}],"replies":[{"embeddable":true,"href":"https:\/\/onlinehardwareshop.de\/index.php\/wp-json\/wp\/v2\/comments?post=81581"}],"wp:attachment":[{"href":"https:\/\/onlinehardwareshop.de\/index.php\/wp-json\/wp\/v2\/media?parent=81581"}],"wp:term":[{"taxonomy":"brand","embeddable":true,"href":"https:\/\/onlinehardwareshop.de\/index.php\/wp-json\/wp\/v2\/brand?post=81581"},{"taxonomy":"product_brand","embeddable":true,"href":"https:\/\/onlinehardwareshop.de\/index.php\/wp-json\/wp\/v2\/product_brand?post=81581"},{"taxonomy":"product_cat","embeddable":true,"href":"https:\/\/onlinehardwareshop.de\/index.php\/wp-json\/wp\/v2\/product_cat?post=81581"},{"taxonomy":"product_tag","embeddable":true,"href":"https:\/\/onlinehardwareshop.de\/index.php\/wp-json\/wp\/v2\/product_tag?post=81581"}],"curies":[{"name":"wp","href":"https:\/\/api.w.org\/{rel}","templated":true}]}}