{"id":81576,"date":"2024-01-01T21:34:56","date_gmt":"2024-01-01T21:34:56","guid":{"rendered":"https:\/\/onlinehardwareshop.de\/index.php\/produkt\/omron-x7-smart-afib-2\/"},"modified":"2025-05-14T14:49:30","modified_gmt":"2025-05-14T14:49:30","slug":"omron-x7-smart-afib","status":"publish","type":"product","link":"https:\/\/onlinehardwareshop.de\/index.php\/produkt\/omron-x7-smart-afib\/","title":{"rendered":"Omron X7 Smart AFib"},"content":{"rendered":"<p>Mit dem Omron X7 Smart AFib pr\u00fcfst du bei jeder Blutdruckmessung direkt mit, ob Vorhofflimmern auftritt. So beh\u00e4ltst du nicht nur deinen Blutdruck im Blick, sondern erkennst auch m\u00f6gliche Herzrhythmusst\u00f6rungen fr\u00fchzeitig. Du verbindest das Blutdruckmessger\u00e4t mit der Omron Connect App. Diese h\u00e4lt alle deine Messungen \u00fcbersichtlich bereit und gibt dir so tiefere Einblicke in deine Gesundheit. Die Messung deines Blutdrucks ist ganz einfach. Das Intelli Wrap Band legst du dabei beliebig um deinen Oberarm. Du wirst benachrichtigt, wenn du es verkehrt angelegt hast. So beugst du einer ungenauen Messung vor. Das Ger\u00e4t ist f\u00fcr zwei Personen geeignet. Pro Person werden 100 Messungen abgespeichert. Aus der Menge der Messungen l\u00e4sst sich so einfach der Durchschnitt berechnen.<\/p>\n","protected":false},"excerpt":{"rendered":"<p>Mit dem Omron X7 Smart AFib pr\u00fcfst du bei jeder Blutdruckmessung direkt mit, ob Vorhofflimmern auftritt. So beh\u00e4ltst du nicht nur deinen Blutdruck im Blick, sondern erkennst auch m\u00f6gliche Herzrhythmusst\u00f6rungen fr\u00fchzeitig. Du verbindest das Blutdruckmessger\u00e4t mit der Omron Connect App. Diese h\u00e4lt alle deine Messungen \u00fcbersichtlich bereit und gibt dir so tiefere Einblicke in deine Gesundheit. Die Messung deines Blutdrucks ist ganz einfach. Das Intelli Wrap Band legst du dabei beliebig um deinen Oberarm. Du wirst benachrichtigt, wenn du es verkehrt angelegt hast. So beugst du einer ungenauen Messung vor. Das Ger\u00e4t ist f\u00fcr zwei Personen geeignet. Pro Person werden 100 Messungen abgespeichert. Aus der Menge der Messungen l\u00e4sst sich so einfach der Durchschnitt berechnen.<\/p>\n","protected":false},"featured_media":0,"comment_status":"closed","ping_status":"open","template":"","meta":{"_acf_changed":false},"brand":[1048],"product_brand":[],"product_cat":[838],"product_tag":[839],"class_list":{"0":"post-81576","1":"product","2":"type-product","3":"status-publish","5":"brand-omron","6":"product_cat-blutdruckmessgerte","7":"product_tag-bovenarm-bloeddrukmeters","8":"pa_condition-new","9":"pa_coolblue-de-verzending-morgen-gratis-geliefert","10":"pa_ean-32740","11":"pa_mpn-hem-7380t1-eosl","13":"first","14":"instock","15":"product-type-external"},"acf":[],"_links":{"self":[{"href":"https:\/\/onlinehardwareshop.de\/index.php\/wp-json\/wp\/v2\/product\/81576","targetHints":{"allow":["GET"]}}],"collection":[{"href":"https:\/\/onlinehardwareshop.de\/index.php\/wp-json\/wp\/v2\/product"}],"about":[{"href":"https:\/\/onlinehardwareshop.de\/index.php\/wp-json\/wp\/v2\/types\/product"}],"replies":[{"embeddable":true,"href":"https:\/\/onlinehardwareshop.de\/index.php\/wp-json\/wp\/v2\/comments?post=81576"}],"wp:attachment":[{"href":"https:\/\/onlinehardwareshop.de\/index.php\/wp-json\/wp\/v2\/media?parent=81576"}],"wp:term":[{"taxonomy":"brand","embeddable":true,"href":"https:\/\/onlinehardwareshop.de\/index.php\/wp-json\/wp\/v2\/brand?post=81576"},{"taxonomy":"product_brand","embeddable":true,"href":"https:\/\/onlinehardwareshop.de\/index.php\/wp-json\/wp\/v2\/product_brand?post=81576"},{"taxonomy":"product_cat","embeddable":true,"href":"https:\/\/onlinehardwareshop.de\/index.php\/wp-json\/wp\/v2\/product_cat?post=81576"},{"taxonomy":"product_tag","embeddable":true,"href":"https:\/\/onlinehardwareshop.de\/index.php\/wp-json\/wp\/v2\/product_tag?post=81576"}],"curies":[{"name":"wp","href":"https:\/\/api.w.org\/{rel}","templated":true}]}}