{"id":81531,"date":"2024-08-25T17:56:34","date_gmt":"2024-08-25T17:56:34","guid":{"rendered":"https:\/\/onlinehardwareshop.de\/index.php\/produkt\/bowers-n-8\/"},"modified":"2025-05-14T14:45:28","modified_gmt":"2025-05-14T14:45:28","slug":"bowers-n-4","status":"publish","type":"product","link":"https:\/\/onlinehardwareshop.de\/index.php\/produkt\/bowers-n-4\/","title":{"rendered":"Bowers &#038; Wilkins Px8 Gr&#xFC;n"},"content":{"rendered":"<p>Mit dem Bowers &#038; Wilkins Px8 Gr\u00fcn erlebst du eine hohe Tonqualit\u00e4t. In diesem Kopfh\u00f6rer sind hochwertige Komponenten verbaut, weswegen du Audio in einer hohen Aufl\u00f6sung h\u00f6rst. Da dieser Kopfh\u00f6rer \u00fcber Noise Cancelling verf\u00fcgt, werden Umgebungsger\u00e4usche ged\u00e4mpft. So h\u00f6rst du weniger von deiner Umgebung und machst die Lautst\u00e4rke nicht unn\u00f6tig laut. Dank des Bluetooth-Profils aptX streamst du Musik kabellos, ohne dass sich die Tonqualit\u00e4t dadurch verschlechtert. Bei einer vollen Ladung verwendest du den Kopfh\u00f6rer f\u00fcr 30 Stunden. So geht dir die Musik nach einem langen Arbeitstag nicht schnell aus.<\/p>\n","protected":false},"excerpt":{"rendered":"<p>Mit dem Bowers &#038; Wilkins Px8 Gr\u00fcn erlebst du eine hohe Tonqualit\u00e4t. In diesem Kopfh\u00f6rer sind hochwertige Komponenten verbaut, weswegen du Audio in einer hohen Aufl\u00f6sung h\u00f6rst. Da dieser Kopfh\u00f6rer \u00fcber Noise Cancelling verf\u00fcgt, werden Umgebungsger\u00e4usche ged\u00e4mpft. So h\u00f6rst du weniger von deiner Umgebung und machst die Lautst\u00e4rke nicht unn\u00f6tig laut. Dank des Bluetooth-Profils aptX streamst du Musik kabellos, ohne dass sich die Tonqualit\u00e4t dadurch verschlechtert. Bei einer vollen Ladung verwendest du den Kopfh\u00f6rer f\u00fcr 30 Stunden. So geht dir die Musik nach einem langen Arbeitstag nicht schnell aus.<\/p>\n","protected":false},"featured_media":0,"comment_status":"closed","ping_status":"open","template":"","meta":{"_acf_changed":false},"brand":[2159],"product_brand":[],"product_cat":[1182],"product_tag":[5609],"class_list":{"0":"post-81531","1":"product","2":"type-product","3":"status-publish","5":"brand-bowers-wilkins","6":"product_cat-kopfhrer","7":"product_tag-hoofdtelefoons-met-noisecancelling","8":"pa_condition-new","9":"pa_coolblue-de-verzending-morgen-gratis-geliefert","10":"pa_ean-23864","11":"pa_mpn-fp45748","13":"first","14":"instock","15":"product-type-external"},"acf":[],"_links":{"self":[{"href":"https:\/\/onlinehardwareshop.de\/index.php\/wp-json\/wp\/v2\/product\/81531","targetHints":{"allow":["GET"]}}],"collection":[{"href":"https:\/\/onlinehardwareshop.de\/index.php\/wp-json\/wp\/v2\/product"}],"about":[{"href":"https:\/\/onlinehardwareshop.de\/index.php\/wp-json\/wp\/v2\/types\/product"}],"replies":[{"embeddable":true,"href":"https:\/\/onlinehardwareshop.de\/index.php\/wp-json\/wp\/v2\/comments?post=81531"}],"wp:attachment":[{"href":"https:\/\/onlinehardwareshop.de\/index.php\/wp-json\/wp\/v2\/media?parent=81531"}],"wp:term":[{"taxonomy":"brand","embeddable":true,"href":"https:\/\/onlinehardwareshop.de\/index.php\/wp-json\/wp\/v2\/brand?post=81531"},{"taxonomy":"product_brand","embeddable":true,"href":"https:\/\/onlinehardwareshop.de\/index.php\/wp-json\/wp\/v2\/product_brand?post=81531"},{"taxonomy":"product_cat","embeddable":true,"href":"https:\/\/onlinehardwareshop.de\/index.php\/wp-json\/wp\/v2\/product_cat?post=81531"},{"taxonomy":"product_tag","embeddable":true,"href":"https:\/\/onlinehardwareshop.de\/index.php\/wp-json\/wp\/v2\/product_tag?post=81531"}],"curies":[{"name":"wp","href":"https:\/\/api.w.org\/{rel}","templated":true}]}}