{"id":81479,"date":"2024-12-22T12:28:21","date_gmt":"2024-12-22T12:28:21","guid":{"rendered":"https:\/\/onlinehardwareshop.de\/index.php\/produkt\/logitech-g-astro-a50-lightspeed-wei-2\/"},"modified":"2025-05-14T14:41:08","modified_gmt":"2025-05-14T14:41:08","slug":"logitech-g-astro-a50-lightspeed-wei","status":"publish","type":"product","link":"https:\/\/onlinehardwareshop.de\/index.php\/produkt\/logitech-g-astro-a50-lightspeed-wei\/","title":{"rendered":"Logitech G Astro A50 Lightspeed Wei&#xDF;"},"content":{"rendered":"<p>Erlebe deine Lieblingssounds im Spiel mit dem Logitech G Astro A50 Lightspeed Wei\u00df. Du verbindest dieses Headset \u00fcber die Basisstation kabellos mit deinem PC, deiner PlayStation oder deiner Xbox. Dank der Lightspeed-Verbindung hast du keine Probleme mit Verz\u00f6gerungen in der Verbindung. Zudem schaltest du einfach zwischen verschiedenen Systemen hin und her, sodass du das Headset an mehreren Plattformen gleichzeitig nutzt. Mit Surround Sound h\u00f6rst du das gesamte Gaming-Audio in 360 Grad um dich herum, sodass du genau wei\u00dft, aus welcher Richtung sich deine Gegner n\u00e4hern. So bist du ihnen immer einen Schritt voraus. Au\u00dferdem kommunizierst du dank der Rauschunterdr\u00fcckung des Mikrofons online ohne Hintergrundger\u00e4usche mit deinen Freunden. So kommen deine Kommentare immer deutlich r\u00fcber. Die durchschnittliche Akkulaufzeit des Headsets betr\u00e4gt 24 Stunden. Damit erlebst du ausgiebigen Gaming-Spa\u00df, ohne das Headset zwischendurch zu laden. Spielst du \u00f6fter im Single-Player-Modus oder ben\u00f6tigst kein Mikrofon? Dann klappe das Mikrofon vom Headset einfach ein.<\/p>\n","protected":false},"excerpt":{"rendered":"<p>Erlebe deine Lieblingssounds im Spiel mit dem Logitech G Astro A50 Lightspeed Wei\u00df. Du verbindest dieses Headset \u00fcber die Basisstation kabellos mit deinem PC, deiner PlayStation oder deiner Xbox. Dank der Lightspeed-Verbindung hast du keine Probleme mit Verz\u00f6gerungen in der Verbindung. Zudem schaltest du einfach zwischen verschiedenen Systemen hin und her, sodass du das Headset an mehreren Plattformen gleichzeitig nutzt. Mit Surround Sound h\u00f6rst du das gesamte Gaming-Audio in 360 Grad um dich herum, sodass du genau wei\u00dft, aus welcher Richtung sich deine Gegner n\u00e4hern. So bist du ihnen immer einen Schritt voraus. Au\u00dferdem kommunizierst du dank der Rauschunterdr\u00fcckung des Mikrofons online ohne Hintergrundger\u00e4usche mit deinen Freunden. So kommen deine Kommentare immer deutlich r\u00fcber. Die durchschnittliche Akkulaufzeit des Headsets betr\u00e4gt 24 Stunden. Damit erlebst du ausgiebigen Gaming-Spa\u00df, ohne das Headset zwischendurch zu laden. Spielst du \u00f6fter im Single-Player-Modus oder ben\u00f6tigst kein Mikrofon? Dann klappe das Mikrofon vom Headset einfach ein.<\/p>\n","protected":false},"featured_media":0,"comment_status":"closed","ping_status":"open","template":"","meta":{"_acf_changed":false},"brand":[225],"product_brand":[],"product_cat":[3435],"product_tag":[3436],"class_list":{"0":"post-81479","1":"product","2":"type-product","3":"status-publish","5":"brand-logitech-g","6":"product_cat-gaming-headsets","7":"product_tag-gaming-headsets","8":"pa_condition-new","9":"pa_coolblue-de-verzending-morgen-gratis-geliefert","10":"pa_ean-23776","11":"pa_mpn-939-002230","13":"first","14":"instock","15":"product-type-external"},"acf":[],"_links":{"self":[{"href":"https:\/\/onlinehardwareshop.de\/index.php\/wp-json\/wp\/v2\/product\/81479","targetHints":{"allow":["GET"]}}],"collection":[{"href":"https:\/\/onlinehardwareshop.de\/index.php\/wp-json\/wp\/v2\/product"}],"about":[{"href":"https:\/\/onlinehardwareshop.de\/index.php\/wp-json\/wp\/v2\/types\/product"}],"replies":[{"embeddable":true,"href":"https:\/\/onlinehardwareshop.de\/index.php\/wp-json\/wp\/v2\/comments?post=81479"}],"wp:attachment":[{"href":"https:\/\/onlinehardwareshop.de\/index.php\/wp-json\/wp\/v2\/media?parent=81479"}],"wp:term":[{"taxonomy":"brand","embeddable":true,"href":"https:\/\/onlinehardwareshop.de\/index.php\/wp-json\/wp\/v2\/brand?post=81479"},{"taxonomy":"product_brand","embeddable":true,"href":"https:\/\/onlinehardwareshop.de\/index.php\/wp-json\/wp\/v2\/product_brand?post=81479"},{"taxonomy":"product_cat","embeddable":true,"href":"https:\/\/onlinehardwareshop.de\/index.php\/wp-json\/wp\/v2\/product_cat?post=81479"},{"taxonomy":"product_tag","embeddable":true,"href":"https:\/\/onlinehardwareshop.de\/index.php\/wp-json\/wp\/v2\/product_tag?post=81479"}],"curies":[{"name":"wp","href":"https:\/\/api.w.org\/{rel}","templated":true}]}}