{"id":81456,"date":"2024-10-23T13:53:09","date_gmt":"2024-10-23T13:53:09","guid":{"rendered":"https:\/\/onlinehardwareshop.de\/index.php\/produkt\/steelseries-arctis-gamebuds-wei-2\/"},"modified":"2025-05-14T14:39:20","modified_gmt":"2025-05-14T14:39:20","slug":"steelseries-arctis-gamebuds-wei","status":"publish","type":"product","link":"https:\/\/onlinehardwareshop.de\/index.php\/produkt\/steelseries-arctis-gamebuds-wei\/","title":{"rendered":"SteelSeries Arctis GameBuds Wei&#xDF;"},"content":{"rendered":"<p>Spiele deine Lieblingsspiele und erlebe den Sound der Spiele mit den SteelSeries Arctis GameBuds Wei\u00df. Diese In-Ear-Kopfh\u00f6rer f\u00fcr Gaming verbindest du \u00fcber den USB-C-Dongle oder Bluetooth ganz einfach mit deinem Smartphone, PC, deiner Nintendo Switch oder PlayStation. Dank des Surround Sounds h\u00f6rst du die T\u00f6ne des Spiels in 360 Grad um dich herum und wei\u00dft genau, aus welcher Richtung deine Gegner kommen. Damit bist du ihnen jederzeit einen Schritt voraus. Au\u00dferdem kommunizierst du dank der Rauschunterdr\u00fcckung des Mikrofons online ohne Hintergrundger\u00e4usche mit deinen Freunden. Deine Kommentare kommen also immer deutlich an. Die durchschnittliche Akkulaufzeit der In-Ear-Kopfh\u00f6rer betr\u00e4gt 10 Stunden. So erlebst du ausgiebigen Gaming-Spa\u00df, ohne die In-Ear-Kopfh\u00f6rer zwischendurch zu laden.<\/p>\n","protected":false},"excerpt":{"rendered":"<p>Spiele deine Lieblingsspiele und erlebe den Sound der Spiele mit den SteelSeries Arctis GameBuds Wei\u00df. Diese In-Ear-Kopfh\u00f6rer f\u00fcr Gaming verbindest du \u00fcber den USB-C-Dongle oder Bluetooth ganz einfach mit deinem Smartphone, PC, deiner Nintendo Switch oder PlayStation. Dank des Surround Sounds h\u00f6rst du die T\u00f6ne des Spiels in 360 Grad um dich herum und wei\u00dft genau, aus welcher Richtung deine Gegner kommen. Damit bist du ihnen jederzeit einen Schritt voraus. Au\u00dferdem kommunizierst du dank der Rauschunterdr\u00fcckung des Mikrofons online ohne Hintergrundger\u00e4usche mit deinen Freunden. Deine Kommentare kommen also immer deutlich an. Die durchschnittliche Akkulaufzeit der In-Ear-Kopfh\u00f6rer betr\u00e4gt 10 Stunden. So erlebst du ausgiebigen Gaming-Spa\u00df, ohne die In-Ear-Kopfh\u00f6rer zwischendurch zu laden.<\/p>\n","protected":false},"featured_media":0,"comment_status":"closed","ping_status":"open","template":"","meta":{"_acf_changed":false},"brand":[3605],"product_brand":[],"product_cat":[3435],"product_tag":[3436],"class_list":{"0":"post-81456","1":"product","2":"type-product","3":"status-publish","5":"brand-steelseries","6":"product_cat-gaming-headsets","7":"product_tag-gaming-headsets","8":"pa_condition-new","9":"pa_coolblue-de-verzending-morgen-gratis-geliefert","10":"pa_ean-23750","11":"pa_mpn-23751","13":"first","14":"instock","15":"product-type-external"},"acf":[],"_links":{"self":[{"href":"https:\/\/onlinehardwareshop.de\/index.php\/wp-json\/wp\/v2\/product\/81456","targetHints":{"allow":["GET"]}}],"collection":[{"href":"https:\/\/onlinehardwareshop.de\/index.php\/wp-json\/wp\/v2\/product"}],"about":[{"href":"https:\/\/onlinehardwareshop.de\/index.php\/wp-json\/wp\/v2\/types\/product"}],"replies":[{"embeddable":true,"href":"https:\/\/onlinehardwareshop.de\/index.php\/wp-json\/wp\/v2\/comments?post=81456"}],"wp:attachment":[{"href":"https:\/\/onlinehardwareshop.de\/index.php\/wp-json\/wp\/v2\/media?parent=81456"}],"wp:term":[{"taxonomy":"brand","embeddable":true,"href":"https:\/\/onlinehardwareshop.de\/index.php\/wp-json\/wp\/v2\/brand?post=81456"},{"taxonomy":"product_brand","embeddable":true,"href":"https:\/\/onlinehardwareshop.de\/index.php\/wp-json\/wp\/v2\/product_brand?post=81456"},{"taxonomy":"product_cat","embeddable":true,"href":"https:\/\/onlinehardwareshop.de\/index.php\/wp-json\/wp\/v2\/product_cat?post=81456"},{"taxonomy":"product_tag","embeddable":true,"href":"https:\/\/onlinehardwareshop.de\/index.php\/wp-json\/wp\/v2\/product_tag?post=81456"}],"curies":[{"name":"wp","href":"https:\/\/api.w.org\/{rel}","templated":true}]}}