{"id":81429,"date":"2024-10-31T02:40:54","date_gmt":"2024-10-31T02:40:54","guid":{"rendered":"https:\/\/onlinehardwareshop.de\/index.php\/produkt\/logitech-g-pro-x-superlight-2-dex-lightspeed-kabellose-gaming-maus-schwarz-2\/"},"modified":"2025-05-14T14:37:04","modified_gmt":"2025-05-14T14:37:04","slug":"logitech-g-pro-x-superlight-2-dex-lightspeed-kabellose-gaming-maus-schwarz","status":"publish","type":"product","link":"https:\/\/onlinehardwareshop.de\/index.php\/produkt\/logitech-g-pro-x-superlight-2-dex-lightspeed-kabellose-gaming-maus-schwarz\/","title":{"rendered":"Logitech G PRO X Superlight 2 DEX Lightspeed Kabellose Gaming-Maus Schwarz"},"content":{"rendered":"<p>Mit der Logitech G PRO X Superlight 2 DEX Lightspeed Kabellosen Gaming-Maus reagierst du blitzschnell in deinen Spielen. Dank des HERO 2 optischen Sensors mit 44.000\u00a0dpi bewegst du diese kabellose Gaming-Maus w\u00e4hrend deines Spiels geschmeidig \u00fcber deinen Schreibtisch. So reagierst du immer mit Pr\u00e4zision. Diese leichte Gaming-Maus wiegt nur 60 Gramm und erm\u00f6glicht dadurch pr\u00e4ziseres Gameplay. Die beiden zus\u00e4tzlichen Daumentasten stellst du selbst ein, sodass du schneller als deine Gegner reagierst und deine Waffen wechselst oder eine Spezial-Attacke ausf\u00fchrst. Du schlie\u00dft die Maus kabellos \u00fcber einen USB-A-Dongle an. So hast du w\u00e4hrend deines Spiels genug Bewegungsfreiheit. Diese kabellose Gaming-Maus hat eine Akkulaufzeit von 95 Stunden, sodass du auch lange Gaming-Sessions spielst, ohne die Maus zwischendurch aufzuladen.<\/p>\n","protected":false},"excerpt":{"rendered":"<p>Mit der Logitech G PRO X Superlight 2 DEX Lightspeed Kabellosen Gaming-Maus reagierst du blitzschnell in deinen Spielen. Dank des HERO 2 optischen Sensors mit 44.000\u00a0dpi bewegst du diese kabellose Gaming-Maus w\u00e4hrend deines Spiels geschmeidig \u00fcber deinen Schreibtisch. So reagierst du immer mit Pr\u00e4zision. Diese leichte Gaming-Maus wiegt nur 60 Gramm und erm\u00f6glicht dadurch pr\u00e4ziseres Gameplay. Die beiden zus\u00e4tzlichen Daumentasten stellst du selbst ein, sodass du schneller als deine Gegner reagierst und deine Waffen wechselst oder eine Spezial-Attacke ausf\u00fchrst. Du schlie\u00dft die Maus kabellos \u00fcber einen USB-A-Dongle an. So hast du w\u00e4hrend deines Spiels genug Bewegungsfreiheit. Diese kabellose Gaming-Maus hat eine Akkulaufzeit von 95 Stunden, sodass du auch lange Gaming-Sessions spielst, ohne die Maus zwischendurch aufzuladen.<\/p>\n","protected":false},"featured_media":0,"comment_status":"closed","ping_status":"open","template":"","meta":{"_acf_changed":false},"brand":[225],"product_brand":[],"product_cat":[33],"product_tag":[3752],"class_list":{"0":"post-81429","1":"product","2":"type-product","3":"status-publish","5":"brand-logitech-g","6":"product_cat-muse","7":"product_tag-gaming-muizen","8":"pa_condition-new","9":"pa_coolblue-de-verzending-morgen-gratis-geliefert","10":"pa_ean-23703","11":"pa_mpn-910-007358","13":"first","14":"instock","15":"product-type-external"},"acf":[],"_links":{"self":[{"href":"https:\/\/onlinehardwareshop.de\/index.php\/wp-json\/wp\/v2\/product\/81429","targetHints":{"allow":["GET"]}}],"collection":[{"href":"https:\/\/onlinehardwareshop.de\/index.php\/wp-json\/wp\/v2\/product"}],"about":[{"href":"https:\/\/onlinehardwareshop.de\/index.php\/wp-json\/wp\/v2\/types\/product"}],"replies":[{"embeddable":true,"href":"https:\/\/onlinehardwareshop.de\/index.php\/wp-json\/wp\/v2\/comments?post=81429"}],"wp:attachment":[{"href":"https:\/\/onlinehardwareshop.de\/index.php\/wp-json\/wp\/v2\/media?parent=81429"}],"wp:term":[{"taxonomy":"brand","embeddable":true,"href":"https:\/\/onlinehardwareshop.de\/index.php\/wp-json\/wp\/v2\/brand?post=81429"},{"taxonomy":"product_brand","embeddable":true,"href":"https:\/\/onlinehardwareshop.de\/index.php\/wp-json\/wp\/v2\/product_brand?post=81429"},{"taxonomy":"product_cat","embeddable":true,"href":"https:\/\/onlinehardwareshop.de\/index.php\/wp-json\/wp\/v2\/product_cat?post=81429"},{"taxonomy":"product_tag","embeddable":true,"href":"https:\/\/onlinehardwareshop.de\/index.php\/wp-json\/wp\/v2\/product_tag?post=81429"}],"curies":[{"name":"wp","href":"https:\/\/api.w.org\/{rel}","templated":true}]}}