{"id":81424,"date":"2024-09-22T20:14:07","date_gmt":"2024-09-22T20:14:07","guid":{"rendered":"https:\/\/onlinehardwareshop.de\/index.php\/produkt\/philips-7000-series-high-speed-standmixer-hr3760-10-2\/"},"modified":"2025-05-14T14:36:35","modified_gmt":"2025-05-14T14:36:35","slug":"philips-7000-series-high-speed-standmixer-hr3760-10","status":"publish","type":"product","link":"https:\/\/onlinehardwareshop.de\/index.php\/produkt\/philips-7000-series-high-speed-standmixer-hr3760-10\/","title":{"rendered":"Philips 7000 Series High Speed Standmixer HR3760\/10"},"content":{"rendered":"<p>Mit dem Philips 7000 Series High Speed Standmixer HR3760\/10 bereitest du ganz einfach unterschiedliche S\u00e4fte nacheinander zu, da du zwei zus\u00e4tzliche Mixbeh\u00e4lter mitgeliefert bekommst. Dank der automatischen Mixprogramme nutzt du immer die richtigen Einstellungen. Es gibt zum Beispiel ein Programm f\u00fcr Smoothies, Suppe, Nusspaste oder Sauce. Der Standmixer hat eine starke Leistung von 1.500 Watt. Damit mischt du harte Zutaten einfach und schnell. Der gl\u00e4serne Mixbeh\u00e4lter hat ein Fassungsverm\u00f6gen von zwei Litern. Hiermit machst du f\u00fcnf bis sechs Smoothies gleichzeitig. Bist du fertig mit dem Mixen? Dann reinigst du den Beh\u00e4lter mit der praktischen Reinigungsfunktion. F\u00fcr eine gr\u00fcndliche Reinigung steckst du die einzelnen Bestandteile in die Sp\u00fclmaschine.<\/p>\n","protected":false},"excerpt":{"rendered":"<p>Mit dem Philips 7000 Series High Speed Standmixer HR3760\/10 bereitest du ganz einfach unterschiedliche S\u00e4fte nacheinander zu, da du zwei zus\u00e4tzliche Mixbeh\u00e4lter mitgeliefert bekommst. Dank der automatischen Mixprogramme nutzt du immer die richtigen Einstellungen. Es gibt zum Beispiel ein Programm f\u00fcr Smoothies, Suppe, Nusspaste oder Sauce. Der Standmixer hat eine starke Leistung von 1.500 Watt. Damit mischt du harte Zutaten einfach und schnell. Der gl\u00e4serne Mixbeh\u00e4lter hat ein Fassungsverm\u00f6gen von zwei Litern. Hiermit machst du f\u00fcnf bis sechs Smoothies gleichzeitig. Bist du fertig mit dem Mixen? Dann reinigst du den Beh\u00e4lter mit der praktischen Reinigungsfunktion. F\u00fcr eine gr\u00fcndliche Reinigung steckst du die einzelnen Bestandteile in die Sp\u00fclmaschine.<\/p>\n","protected":false},"featured_media":0,"comment_status":"closed","ping_status":"open","template":"","meta":{"_acf_changed":false},"brand":[1382],"product_brand":[],"product_cat":[1606],"product_tag":[1607],"class_list":{"0":"post-81424","1":"product","2":"type-product","3":"status-publish","5":"brand-philips","6":"product_cat-standmixer","7":"product_tag-blenders","8":"pa_condition-new","9":"pa_coolblue-de-verzending-morgen-gratis-geliefert","10":"pa_ean-23697","11":"pa_mpn-hr3760-10","13":"first","14":"instock","15":"product-type-external"},"acf":[],"_links":{"self":[{"href":"https:\/\/onlinehardwareshop.de\/index.php\/wp-json\/wp\/v2\/product\/81424","targetHints":{"allow":["GET"]}}],"collection":[{"href":"https:\/\/onlinehardwareshop.de\/index.php\/wp-json\/wp\/v2\/product"}],"about":[{"href":"https:\/\/onlinehardwareshop.de\/index.php\/wp-json\/wp\/v2\/types\/product"}],"replies":[{"embeddable":true,"href":"https:\/\/onlinehardwareshop.de\/index.php\/wp-json\/wp\/v2\/comments?post=81424"}],"wp:attachment":[{"href":"https:\/\/onlinehardwareshop.de\/index.php\/wp-json\/wp\/v2\/media?parent=81424"}],"wp:term":[{"taxonomy":"brand","embeddable":true,"href":"https:\/\/onlinehardwareshop.de\/index.php\/wp-json\/wp\/v2\/brand?post=81424"},{"taxonomy":"product_brand","embeddable":true,"href":"https:\/\/onlinehardwareshop.de\/index.php\/wp-json\/wp\/v2\/product_brand?post=81424"},{"taxonomy":"product_cat","embeddable":true,"href":"https:\/\/onlinehardwareshop.de\/index.php\/wp-json\/wp\/v2\/product_cat?post=81424"},{"taxonomy":"product_tag","embeddable":true,"href":"https:\/\/onlinehardwareshop.de\/index.php\/wp-json\/wp\/v2\/product_tag?post=81424"}],"curies":[{"name":"wp","href":"https:\/\/api.w.org\/{rel}","templated":true}]}}