{"id":81291,"date":"2024-07-28T09:07:09","date_gmt":"2024-07-28T09:07:09","guid":{"rendered":"https:\/\/onlinehardwareshop.de\/index.php\/produkt\/maxi-cosi-kindersitzbezug-cabriofix-i-size-pebble-s-2\/"},"modified":"2025-05-14T14:24:54","modified_gmt":"2025-05-14T14:24:54","slug":"maxi-cosi-kindersitzbezug-cabriofix-i-size-pebble-s","status":"publish","type":"product","link":"https:\/\/onlinehardwareshop.de\/index.php\/produkt\/maxi-cosi-kindersitzbezug-cabriofix-i-size-pebble-s\/","title":{"rendered":"Maxi-Cosi Kindersitzbezug CabrioFix i-Size \/ Pebble S"},"content":{"rendered":"<p>Mit dem Maxi-Cosi Kindersitzbezug CabrioFix i-Size \/ Pebble S sorgst du daf\u00fcr, dass sich der Kindersitz deines Kindes immer frisch und angenehm anf\u00fchlt. Dieser Bezug wurde f\u00fcr den Maxi-Cosi Pebble S und CabrioFix i-Size entworfen. Der atmungsaktive Stoff aus Bio-Baumwolle nimmt Feuchtigkeit schnell auf, sodass dein Kind trocken bleibt. Der weiche Stoff ist besonders bequem und sch\u00fctzt den Kindersitz vor Schmutz und Spritzern. Du w\u00e4schst den Bezug problemlos bei 30 Grad Celsius in der Waschmaschine, damit er wieder sauber wird. Dank des intelligenten Designs bringst du den Bezug einfach auf dem Kindersitz an, ohne den Gurt abzunehmen. So bleibt der Kindersitz f\u00fcr dein Kind immer sauber.<\/p>\n","protected":false},"excerpt":{"rendered":"<p>Mit dem Maxi-Cosi Kindersitzbezug CabrioFix i-Size \/ Pebble S sorgst du daf\u00fcr, dass sich der Kindersitz deines Kindes immer frisch und angenehm anf\u00fchlt. Dieser Bezug wurde f\u00fcr den Maxi-Cosi Pebble S und CabrioFix i-Size entworfen. Der atmungsaktive Stoff aus Bio-Baumwolle nimmt Feuchtigkeit schnell auf, sodass dein Kind trocken bleibt. Der weiche Stoff ist besonders bequem und sch\u00fctzt den Kindersitz vor Schmutz und Spritzern. Du w\u00e4schst den Bezug problemlos bei 30 Grad Celsius in der Waschmaschine, damit er wieder sauber wird. Dank des intelligenten Designs bringst du den Bezug einfach auf dem Kindersitz an, ohne den Gurt abzunehmen. So bleibt der Kindersitz f\u00fcr dein Kind immer sauber.<\/p>\n","protected":false},"featured_media":0,"comment_status":"closed","ping_status":"open","template":"","meta":{"_acf_changed":false},"brand":[9874],"product_brand":[],"product_cat":[23490],"product_tag":[23491],"class_list":{"0":"post-81291","1":"product","2":"type-product","3":"status-publish","5":"brand-maxi-cosi","6":"product_cat-autoschonbezge","7":"product_tag-autostoelbescherming","8":"pa_condition-new","9":"pa_coolblue-de-verzending-morgen-gratis-geliefert","10":"pa_ean-23496","11":"pa_mpn-23497","13":"first","14":"instock","15":"product-type-external"},"acf":[],"_links":{"self":[{"href":"https:\/\/onlinehardwareshop.de\/index.php\/wp-json\/wp\/v2\/product\/81291","targetHints":{"allow":["GET"]}}],"collection":[{"href":"https:\/\/onlinehardwareshop.de\/index.php\/wp-json\/wp\/v2\/product"}],"about":[{"href":"https:\/\/onlinehardwareshop.de\/index.php\/wp-json\/wp\/v2\/types\/product"}],"replies":[{"embeddable":true,"href":"https:\/\/onlinehardwareshop.de\/index.php\/wp-json\/wp\/v2\/comments?post=81291"}],"wp:attachment":[{"href":"https:\/\/onlinehardwareshop.de\/index.php\/wp-json\/wp\/v2\/media?parent=81291"}],"wp:term":[{"taxonomy":"brand","embeddable":true,"href":"https:\/\/onlinehardwareshop.de\/index.php\/wp-json\/wp\/v2\/brand?post=81291"},{"taxonomy":"product_brand","embeddable":true,"href":"https:\/\/onlinehardwareshop.de\/index.php\/wp-json\/wp\/v2\/product_brand?post=81291"},{"taxonomy":"product_cat","embeddable":true,"href":"https:\/\/onlinehardwareshop.de\/index.php\/wp-json\/wp\/v2\/product_cat?post=81291"},{"taxonomy":"product_tag","embeddable":true,"href":"https:\/\/onlinehardwareshop.de\/index.php\/wp-json\/wp\/v2\/product_tag?post=81291"}],"curies":[{"name":"wp","href":"https:\/\/api.w.org\/{rel}","templated":true}]}}