{"id":81290,"date":"2024-05-24T06:51:33","date_gmt":"2024-05-24T06:51:33","guid":{"rendered":"https:\/\/onlinehardwareshop.de\/index.php\/produkt\/maxi-cosi-kindersitzbezug-mica-eco-2\/"},"modified":"2025-05-14T14:24:49","modified_gmt":"2025-05-14T14:24:49","slug":"maxi-cosi-kindersitzbezug-mica-eco","status":"publish","type":"product","link":"https:\/\/onlinehardwareshop.de\/index.php\/produkt\/maxi-cosi-kindersitzbezug-mica-eco\/","title":{"rendered":"Maxi-Cosi Kindersitzbezug Mica Eco"},"content":{"rendered":"<p>Mit dem Maxi-Cosi Kindersitzbezug Mica Eco bleibt der Kindersitz deines Kindes k\u00fchl, trocken und bequem. Dieser intelligente Bezug aus atmungsaktivem Terry-Baumwollstoff nimmt Feuchtigkeit schnell auf, damit dein Kind immer angenehm sitzt. Sch\u00fctze den Kindersitz vor Spritzern und Schmutz mit diesem praktischen Bezug, damit Dreckflecken kein Problem sind. Du brauchst dir also keine Sorgen um dreckige H\u00e4nde oder ein versch\u00fcttetes Getr\u00e4nk machen, denn der Bezug kann einfach in die Waschmaschine. Der Bezug passt problemlos an den Maxi-Cosi Pearl 360 oder Mica Pro Eco i-Size. Dank des intelligenten Designs bringst du den Bezug einfach auf dem Kindersitz an, ohne den Gurt abzunehmen. So garantierst du deinem Kind immer eine angenehme Autofahrt.<\/p>\n","protected":false},"excerpt":{"rendered":"<p>Mit dem Maxi-Cosi Kindersitzbezug Mica Eco bleibt der Kindersitz deines Kindes k\u00fchl, trocken und bequem. Dieser intelligente Bezug aus atmungsaktivem Terry-Baumwollstoff nimmt Feuchtigkeit schnell auf, damit dein Kind immer angenehm sitzt. Sch\u00fctze den Kindersitz vor Spritzern und Schmutz mit diesem praktischen Bezug, damit Dreckflecken kein Problem sind. Du brauchst dir also keine Sorgen um dreckige H\u00e4nde oder ein versch\u00fcttetes Getr\u00e4nk machen, denn der Bezug kann einfach in die Waschmaschine. Der Bezug passt problemlos an den Maxi-Cosi Pearl 360 oder Mica Pro Eco i-Size. Dank des intelligenten Designs bringst du den Bezug einfach auf dem Kindersitz an, ohne den Gurt abzunehmen. So garantierst du deinem Kind immer eine angenehme Autofahrt.<\/p>\n","protected":false},"featured_media":0,"comment_status":"closed","ping_status":"open","template":"","meta":{"_acf_changed":false},"brand":[9874],"product_brand":[],"product_cat":[23490],"product_tag":[23491],"class_list":{"0":"post-81290","1":"product","2":"type-product","3":"status-publish","5":"brand-maxi-cosi","6":"product_cat-autoschonbezge","7":"product_tag-autostoelbescherming","8":"pa_condition-new","9":"pa_coolblue-de-verzending-morgen-gratis-geliefert","10":"pa_ean-31326","11":"pa_mpn-31327","13":"first","14":"instock","15":"product-type-external"},"acf":[],"_links":{"self":[{"href":"https:\/\/onlinehardwareshop.de\/index.php\/wp-json\/wp\/v2\/product\/81290","targetHints":{"allow":["GET"]}}],"collection":[{"href":"https:\/\/onlinehardwareshop.de\/index.php\/wp-json\/wp\/v2\/product"}],"about":[{"href":"https:\/\/onlinehardwareshop.de\/index.php\/wp-json\/wp\/v2\/types\/product"}],"replies":[{"embeddable":true,"href":"https:\/\/onlinehardwareshop.de\/index.php\/wp-json\/wp\/v2\/comments?post=81290"}],"wp:attachment":[{"href":"https:\/\/onlinehardwareshop.de\/index.php\/wp-json\/wp\/v2\/media?parent=81290"}],"wp:term":[{"taxonomy":"brand","embeddable":true,"href":"https:\/\/onlinehardwareshop.de\/index.php\/wp-json\/wp\/v2\/brand?post=81290"},{"taxonomy":"product_brand","embeddable":true,"href":"https:\/\/onlinehardwareshop.de\/index.php\/wp-json\/wp\/v2\/product_brand?post=81290"},{"taxonomy":"product_cat","embeddable":true,"href":"https:\/\/onlinehardwareshop.de\/index.php\/wp-json\/wp\/v2\/product_cat?post=81290"},{"taxonomy":"product_tag","embeddable":true,"href":"https:\/\/onlinehardwareshop.de\/index.php\/wp-json\/wp\/v2\/product_tag?post=81290"}],"curies":[{"name":"wp","href":"https:\/\/api.w.org\/{rel}","templated":true}]}}