{"id":81289,"date":"2024-04-01T06:37:20","date_gmt":"2024-04-01T06:37:20","guid":{"rendered":"https:\/\/onlinehardwareshop.de\/index.php\/produkt\/maxi-cosi-kindersitzbezug-emerald-360-s-2\/"},"modified":"2025-05-14T14:24:44","modified_gmt":"2025-05-14T14:24:44","slug":"maxi-cosi-kindersitzbezug-emerald-360-s","status":"publish","type":"product","link":"https:\/\/onlinehardwareshop.de\/index.php\/produkt\/maxi-cosi-kindersitzbezug-emerald-360-s\/","title":{"rendered":"Maxi-Cosi Kindersitzbezug Emerald 360 S"},"content":{"rendered":"<p>Mit dem Maxi-Cosi Kindersitzbezug Emerald 360 S aus Bio-Baumwolle schenkst du deinem Kind das ganze Jahr lang einen bequemen Sitzplatz. Der atmungsaktive Stoff nimmt Feuchtigkeit schnell auf und sorgt f\u00fcr zus\u00e4tzliche Polsterung, damit dein Kind bequem sitzt. Dieser Bezug sch\u00fctzt den Kindersitz vor Spritzern und Flecken, sodass er immer sauber bleibt. Du w\u00e4schst den Bezug ganz einfach bei 30 Grad Celsius in der Waschmachine, sodass dreckige H\u00e4nde oder ein versch\u00fcttetes Getr\u00e4nk kein Problem sind. Dank des intelligenten Designs bringst du den Bezug einfach auf dem Kindersitz an, ohne den Gurt abzunehmen. So garantierst du deinem Kind immer eine saubere und bequeme Autofahrt.<\/p>\n","protected":false},"excerpt":{"rendered":"<p>Mit dem Maxi-Cosi Kindersitzbezug Emerald 360 S aus Bio-Baumwolle schenkst du deinem Kind das ganze Jahr lang einen bequemen Sitzplatz. Der atmungsaktive Stoff nimmt Feuchtigkeit schnell auf und sorgt f\u00fcr zus\u00e4tzliche Polsterung, damit dein Kind bequem sitzt. Dieser Bezug sch\u00fctzt den Kindersitz vor Spritzern und Flecken, sodass er immer sauber bleibt. Du w\u00e4schst den Bezug ganz einfach bei 30 Grad Celsius in der Waschmachine, sodass dreckige H\u00e4nde oder ein versch\u00fcttetes Getr\u00e4nk kein Problem sind. Dank des intelligenten Designs bringst du den Bezug einfach auf dem Kindersitz an, ohne den Gurt abzunehmen. So garantierst du deinem Kind immer eine saubere und bequeme Autofahrt.<\/p>\n","protected":false},"featured_media":0,"comment_status":"closed","ping_status":"open","template":"","meta":{"_acf_changed":false},"brand":[9874],"product_brand":[],"product_cat":[23490],"product_tag":[23491],"class_list":{"0":"post-81289","1":"product","2":"type-product","3":"status-publish","5":"brand-maxi-cosi","6":"product_cat-autoschonbezge","7":"product_tag-autostoelbescherming","8":"pa_condition-new","9":"pa_coolblue-de-verzending-morgen-gratis-geliefert","10":"pa_ean-33438","11":"pa_mpn-33439","13":"first","14":"instock","15":"product-type-external"},"acf":[],"_links":{"self":[{"href":"https:\/\/onlinehardwareshop.de\/index.php\/wp-json\/wp\/v2\/product\/81289","targetHints":{"allow":["GET"]}}],"collection":[{"href":"https:\/\/onlinehardwareshop.de\/index.php\/wp-json\/wp\/v2\/product"}],"about":[{"href":"https:\/\/onlinehardwareshop.de\/index.php\/wp-json\/wp\/v2\/types\/product"}],"replies":[{"embeddable":true,"href":"https:\/\/onlinehardwareshop.de\/index.php\/wp-json\/wp\/v2\/comments?post=81289"}],"wp:attachment":[{"href":"https:\/\/onlinehardwareshop.de\/index.php\/wp-json\/wp\/v2\/media?parent=81289"}],"wp:term":[{"taxonomy":"brand","embeddable":true,"href":"https:\/\/onlinehardwareshop.de\/index.php\/wp-json\/wp\/v2\/brand?post=81289"},{"taxonomy":"product_brand","embeddable":true,"href":"https:\/\/onlinehardwareshop.de\/index.php\/wp-json\/wp\/v2\/product_brand?post=81289"},{"taxonomy":"product_cat","embeddable":true,"href":"https:\/\/onlinehardwareshop.de\/index.php\/wp-json\/wp\/v2\/product_cat?post=81289"},{"taxonomy":"product_tag","embeddable":true,"href":"https:\/\/onlinehardwareshop.de\/index.php\/wp-json\/wp\/v2\/product_tag?post=81289"}],"curies":[{"name":"wp","href":"https:\/\/api.w.org\/{rel}","templated":true}]}}