{"id":81270,"date":"2024-07-23T01:44:25","date_gmt":"2024-07-23T01:44:25","guid":{"rendered":"https:\/\/onlinehardwareshop.de\/index.php\/produkt\/kingston-nv3-pcie-4-0-nvme-ssd-2tb-2\/"},"modified":"2025-05-14T14:22:52","modified_gmt":"2025-05-14T14:22:52","slug":"kingston-nv3-pcie-4-0-nvme-ssd-2tb","status":"publish","type":"product","link":"https:\/\/onlinehardwareshop.de\/index.php\/produkt\/kingston-nv3-pcie-4-0-nvme-ssd-2tb\/","title":{"rendered":"Kingston NV3 PCIe 4.0 NVMe SSD 2TB"},"content":{"rendered":"<p>Hinweis: Diese M.2-SSD hat eine PCI Express 4.0 (NVMe) Schnittstelle und funktioniert nur, wenn dein System PCIe 4.0\/NVMe unterst\u00fctzt. Zudem hat die SSD einen M-Key, der nur zu Systemen mit einem M-Slot passt. Dies solltest du in der Gebrauchsanleitung deines Laptops oder Motherboards \u00fcberpr\u00fcfen.  Speichere deine Fotos, Videos und andere Dateien auf der Kingston NV3 PCIe 4.0 NVMe SSD 2\u00a0TB internen SSD f\u00fcr deinen Laptop oder PC. Dank des 2\u00a0TB gro\u00dfen Speichers speicherst du bis zu 200.000 Fotos oder 200 Stunden an Videomaterial ab. Diese interne SSD ist dank der Lese- und Schreibgeschwindigkeit von 6.000 und 5.000\u00a0MB\/s extrem schnell. So f\u00e4hrt dein PC schnell hoch und du machst dich sofort ans Werk. Dar\u00fcber hinaus hat diese interne SSD eine PCIe-4.0-Schnittstelle. Damit werden deine Dateien blitzschnell \u00fcbertragen. Durch den 3D NAND Flash-Speicher verbraucht die interne SSD weniger Energie, was auch daf\u00fcr sorgt, dass sie nicht warm wird. So speicherst du problemlos viele Dateien ab. Auf diese SSD erh\u00e4ltst du au\u00dferdem ganze drei Jahre Garantie von Kingston.<\/p>\n","protected":false},"excerpt":{"rendered":"<p>Hinweis: Diese M.2-SSD hat eine PCI Express 4.0 (NVMe) Schnittstelle und funktioniert nur, wenn dein System PCIe 4.0\/NVMe unterst\u00fctzt. Zudem hat die SSD einen M-Key, der nur zu Systemen mit einem M-Slot passt. Dies solltest du in der Gebrauchsanleitung deines Laptops oder Motherboards \u00fcberpr\u00fcfen.  Speichere deine Fotos, Videos und andere Dateien auf der Kingston NV3 PCIe 4.0 NVMe SSD 2\u00a0TB internen SSD f\u00fcr deinen Laptop oder PC. Dank des 2\u00a0TB gro\u00dfen Speichers speicherst du bis zu 200.000 Fotos oder 200 Stunden an Videomaterial ab. Diese interne SSD ist dank der Lese- und Schreibgeschwindigkeit von 6.000 und 5.000\u00a0MB\/s extrem schnell. So f\u00e4hrt dein PC schnell hoch und du machst dich sofort ans Werk. Dar\u00fcber hinaus hat diese interne SSD eine PCIe-4.0-Schnittstelle. Damit werden deine Dateien blitzschnell \u00fcbertragen. Durch den 3D NAND Flash-Speicher verbraucht die interne SSD weniger Energie, was auch daf\u00fcr sorgt, dass sie nicht warm wird. So speicherst du problemlos viele Dateien ab. Auf diese SSD erh\u00e4ltst du au\u00dferdem ganze drei Jahre Garantie von Kingston.<\/p>\n","protected":false},"featured_media":0,"comment_status":"closed","ping_status":"open","template":"","meta":{"_acf_changed":false},"brand":[2956],"product_brand":[],"product_cat":[2957],"product_tag":[7168],"class_list":{"0":"post-81270","1":"product","2":"type-product","3":"status-publish","5":"brand-kingston","6":"product_cat-solid-state-drives-ssd","7":"product_tag-m-2-ssd","8":"pa_condition-new","9":"pa_coolblue-de-verzending-morgen-gratis-geliefert","10":"pa_ean-23447","11":"pa_mpn-snv3s-2000g","13":"first","14":"instock","15":"product-type-external"},"acf":[],"_links":{"self":[{"href":"https:\/\/onlinehardwareshop.de\/index.php\/wp-json\/wp\/v2\/product\/81270","targetHints":{"allow":["GET"]}}],"collection":[{"href":"https:\/\/onlinehardwareshop.de\/index.php\/wp-json\/wp\/v2\/product"}],"about":[{"href":"https:\/\/onlinehardwareshop.de\/index.php\/wp-json\/wp\/v2\/types\/product"}],"replies":[{"embeddable":true,"href":"https:\/\/onlinehardwareshop.de\/index.php\/wp-json\/wp\/v2\/comments?post=81270"}],"wp:attachment":[{"href":"https:\/\/onlinehardwareshop.de\/index.php\/wp-json\/wp\/v2\/media?parent=81270"}],"wp:term":[{"taxonomy":"brand","embeddable":true,"href":"https:\/\/onlinehardwareshop.de\/index.php\/wp-json\/wp\/v2\/brand?post=81270"},{"taxonomy":"product_brand","embeddable":true,"href":"https:\/\/onlinehardwareshop.de\/index.php\/wp-json\/wp\/v2\/product_brand?post=81270"},{"taxonomy":"product_cat","embeddable":true,"href":"https:\/\/onlinehardwareshop.de\/index.php\/wp-json\/wp\/v2\/product_cat?post=81270"},{"taxonomy":"product_tag","embeddable":true,"href":"https:\/\/onlinehardwareshop.de\/index.php\/wp-json\/wp\/v2\/product_tag?post=81270"}],"curies":[{"name":"wp","href":"https:\/\/api.w.org\/{rel}","templated":true}]}}