{"id":81268,"date":"2024-06-04T19:30:32","date_gmt":"2024-06-04T19:30:32","guid":{"rendered":"https:\/\/onlinehardwareshop.de\/index.php\/produkt\/kingston-nv3-pcie-4-0-nvme-ssd-500gb-2\/"},"modified":"2025-05-14T14:22:48","modified_gmt":"2025-05-14T14:22:48","slug":"kingston-nv3-pcie-4-0-nvme-ssd-500gb","status":"publish","type":"product","link":"https:\/\/onlinehardwareshop.de\/index.php\/produkt\/kingston-nv3-pcie-4-0-nvme-ssd-500gb\/","title":{"rendered":"Kingston NV3 PCIe 4.0 NVMe SSD 500GB"},"content":{"rendered":"<p>Hinweis: Diese M.2-SSD hat eine PCI Express 4.0 (NVMe) Schnittstelle und funktioniert nur, wenn dein System PCIe 4.0\/NVMe unterst\u00fctzt. Zudem hat die SSD einen M-Key, der nur zu Systemen mit einem M-Slot passt. Dies solltest du in der Gebrauchsanleitung deines Laptops oder Motherboards \u00fcberpr\u00fcfen.  Speichere deine Fotos und Videos auf der Kingston NV3 PCIe 4.0 NVMe SSD 500\u00a0GB internen SSD ab. Auf dem 500\u00a0GB gro\u00dfen Speicher finden bis zu 50.000 Fotos oder 50 Stunden Videomaterial Platz. Dank der Lesegeschwindigkeit von 6.000\u00a0MB\/s und der Schreibgeschwindigkeit von 2.200\u00a0MB\/s ist diese SSD extrem schnell. So f\u00e4hrt dein PC schneller hoch und du machst dich sofort ans Werk. Durch die PCIe-4.0-Schnittstelle werden Dateien blitzschnell \u00fcbertragen. Du verwendest diese interne SSD sowohl f\u00fcr PCs als auch f\u00fcr Laptops. Die Kingston NV3 PCIe 4.0 hat einen 3D NAND Flash-Speicher, weshalb die interne SSD weniger Energie verbraucht und dadurch weniger warm wird. Auf diese SSD erh\u00e4ltst du au\u00dferdem ganze drei Jahre Garantie von Kingston.<\/p>\n","protected":false},"excerpt":{"rendered":"<p>Hinweis: Diese M.2-SSD hat eine PCI Express 4.0 (NVMe) Schnittstelle und funktioniert nur, wenn dein System PCIe 4.0\/NVMe unterst\u00fctzt. Zudem hat die SSD einen M-Key, der nur zu Systemen mit einem M-Slot passt. Dies solltest du in der Gebrauchsanleitung deines Laptops oder Motherboards \u00fcberpr\u00fcfen.  Speichere deine Fotos und Videos auf der Kingston NV3 PCIe 4.0 NVMe SSD 500\u00a0GB internen SSD ab. Auf dem 500\u00a0GB gro\u00dfen Speicher finden bis zu 50.000 Fotos oder 50 Stunden Videomaterial Platz. Dank der Lesegeschwindigkeit von 6.000\u00a0MB\/s und der Schreibgeschwindigkeit von 2.200\u00a0MB\/s ist diese SSD extrem schnell. So f\u00e4hrt dein PC schneller hoch und du machst dich sofort ans Werk. Durch die PCIe-4.0-Schnittstelle werden Dateien blitzschnell \u00fcbertragen. Du verwendest diese interne SSD sowohl f\u00fcr PCs als auch f\u00fcr Laptops. Die Kingston NV3 PCIe 4.0 hat einen 3D NAND Flash-Speicher, weshalb die interne SSD weniger Energie verbraucht und dadurch weniger warm wird. Auf diese SSD erh\u00e4ltst du au\u00dferdem ganze drei Jahre Garantie von Kingston.<\/p>\n","protected":false},"featured_media":0,"comment_status":"closed","ping_status":"open","template":"","meta":{"_acf_changed":false},"brand":[2956],"product_brand":[],"product_cat":[2957],"product_tag":[7168],"class_list":{"0":"post-81268","1":"product","2":"type-product","3":"status-publish","5":"brand-kingston","6":"product_cat-solid-state-drives-ssd","7":"product_tag-m-2-ssd","8":"pa_condition-new","9":"pa_coolblue-de-verzending-morgen-gratis-geliefert","10":"pa_ean-23443","11":"pa_mpn-snv3s-500g","13":"first","14":"instock","15":"product-type-external"},"acf":[],"_links":{"self":[{"href":"https:\/\/onlinehardwareshop.de\/index.php\/wp-json\/wp\/v2\/product\/81268","targetHints":{"allow":["GET"]}}],"collection":[{"href":"https:\/\/onlinehardwareshop.de\/index.php\/wp-json\/wp\/v2\/product"}],"about":[{"href":"https:\/\/onlinehardwareshop.de\/index.php\/wp-json\/wp\/v2\/types\/product"}],"replies":[{"embeddable":true,"href":"https:\/\/onlinehardwareshop.de\/index.php\/wp-json\/wp\/v2\/comments?post=81268"}],"wp:attachment":[{"href":"https:\/\/onlinehardwareshop.de\/index.php\/wp-json\/wp\/v2\/media?parent=81268"}],"wp:term":[{"taxonomy":"brand","embeddable":true,"href":"https:\/\/onlinehardwareshop.de\/index.php\/wp-json\/wp\/v2\/brand?post=81268"},{"taxonomy":"product_brand","embeddable":true,"href":"https:\/\/onlinehardwareshop.de\/index.php\/wp-json\/wp\/v2\/product_brand?post=81268"},{"taxonomy":"product_cat","embeddable":true,"href":"https:\/\/onlinehardwareshop.de\/index.php\/wp-json\/wp\/v2\/product_cat?post=81268"},{"taxonomy":"product_tag","embeddable":true,"href":"https:\/\/onlinehardwareshop.de\/index.php\/wp-json\/wp\/v2\/product_tag?post=81268"}],"curies":[{"name":"wp","href":"https:\/\/api.w.org\/{rel}","templated":true}]}}