{"id":81198,"date":"2024-05-20T22:23:17","date_gmt":"2024-05-20T22:23:17","guid":{"rendered":"https:\/\/onlinehardwareshop.de\/index.php\/produkt\/tolino-stylus-2\/"},"modified":"2025-05-14T14:17:23","modified_gmt":"2025-05-14T14:17:23","slug":"tolino-stylus","status":"publish","type":"product","link":"https:\/\/onlinehardwareshop.de\/index.php\/produkt\/tolino-stylus\/","title":{"rendered":"tolino stylus"},"content":{"rendered":"<p>Mit dem tolino stylus Stift erstellst du digitale Notizb\u00fccher auf deinem tolino vision color eBook-Reader. So h\u00e4ltst du To-Do Listen, Tagebucheintr\u00e4ge oder Ideen fest. Der eBook-Reader verwandelt deine handschriftlichen Notizen direkt in digitalen Text. M\u00f6chtest du wichtige Textstellen in deinem Buch markieren? Hebe sie einfach mit dem tolino stylus Stift hervor oder f\u00fcge Anmerkungen hinzu. Bist du mit einer Notiz nicht zufrieden, entfernst du sie schnell mit der Radierfunktion auf der R\u00fcckseite des Stifts. Verbinde den Stift \u00fcber Bluetooth mit deinem tolino vision color eBook-Reader. Du l\u00e4dst den tolino stylus bequem \u00fcber den USB-C-Anschluss auf. Ein USB-C Kabel und einen Adapter kaufst du separat.<\/p>\n","protected":false},"excerpt":{"rendered":"<p>Mit dem tolino stylus Stift erstellst du digitale Notizb\u00fccher auf deinem tolino vision color eBook-Reader. So h\u00e4ltst du To-Do Listen, Tagebucheintr\u00e4ge oder Ideen fest. Der eBook-Reader verwandelt deine handschriftlichen Notizen direkt in digitalen Text. M\u00f6chtest du wichtige Textstellen in deinem Buch markieren? Hebe sie einfach mit dem tolino stylus Stift hervor oder f\u00fcge Anmerkungen hinzu. Bist du mit einer Notiz nicht zufrieden, entfernst du sie schnell mit der Radierfunktion auf der R\u00fcckseite des Stifts. Verbinde den Stift \u00fcber Bluetooth mit deinem tolino vision color eBook-Reader. Du l\u00e4dst den tolino stylus bequem \u00fcber den USB-C-Anschluss auf. Ein USB-C Kabel und einen Adapter kaufst du separat.<\/p>\n","protected":false},"featured_media":0,"comment_status":"closed","ping_status":"open","template":"","meta":{"_acf_changed":false},"brand":[23320],"product_brand":[],"product_cat":[8609],"product_tag":[8610],"class_list":{"0":"post-81198","1":"product","2":"type-product","3":"status-publish","5":"brand-tolino","6":"product_cat-ebook-reader","7":"product_tag-e-readers","8":"pa_condition-new","9":"pa_coolblue-de-verzending-morgen-gratis-geliefert","10":"pa_ean-23325","11":"pa_mpn-23326","13":"first","14":"instock","15":"product-type-external"},"acf":[],"_links":{"self":[{"href":"https:\/\/onlinehardwareshop.de\/index.php\/wp-json\/wp\/v2\/product\/81198","targetHints":{"allow":["GET"]}}],"collection":[{"href":"https:\/\/onlinehardwareshop.de\/index.php\/wp-json\/wp\/v2\/product"}],"about":[{"href":"https:\/\/onlinehardwareshop.de\/index.php\/wp-json\/wp\/v2\/types\/product"}],"replies":[{"embeddable":true,"href":"https:\/\/onlinehardwareshop.de\/index.php\/wp-json\/wp\/v2\/comments?post=81198"}],"wp:attachment":[{"href":"https:\/\/onlinehardwareshop.de\/index.php\/wp-json\/wp\/v2\/media?parent=81198"}],"wp:term":[{"taxonomy":"brand","embeddable":true,"href":"https:\/\/onlinehardwareshop.de\/index.php\/wp-json\/wp\/v2\/brand?post=81198"},{"taxonomy":"product_brand","embeddable":true,"href":"https:\/\/onlinehardwareshop.de\/index.php\/wp-json\/wp\/v2\/product_brand?post=81198"},{"taxonomy":"product_cat","embeddable":true,"href":"https:\/\/onlinehardwareshop.de\/index.php\/wp-json\/wp\/v2\/product_cat?post=81198"},{"taxonomy":"product_tag","embeddable":true,"href":"https:\/\/onlinehardwareshop.de\/index.php\/wp-json\/wp\/v2\/product_tag?post=81198"}],"curies":[{"name":"wp","href":"https:\/\/api.w.org\/{rel}","templated":true}]}}