{"id":81197,"date":"2024-06-14T02:37:33","date_gmt":"2024-06-14T02:37:33","guid":{"rendered":"https:\/\/onlinehardwareshop.de\/index.php\/produkt\/tolino-epos-3-2\/"},"modified":"2025-05-14T14:17:18","modified_gmt":"2025-05-14T14:17:18","slug":"tolino-epos-3","status":"publish","type":"product","link":"https:\/\/onlinehardwareshop.de\/index.php\/produkt\/tolino-epos-3\/","title":{"rendered":"tolino epos 3"},"content":{"rendered":"<p>Mit dem tolino epos 3 Schwarz eBook-Reader liest du deine Lieblingsb\u00fccher bequem am St\u00fcck durch. Der Reader hat ein gro\u00dfes 8 Zoll Display, auf dem Texte gut lesbar sind und du nicht so oft umbl\u00e4tterst. Dieses Display ist au\u00dferdem augenschonend. Die smartLight Technologie filtert blaues Licht und passt die Beleuchtung sowie Farbtemperatur automatisch der Tageszeit an. Bei Tageslicht schaltest du die Beleuchtung aus, um die Akkulaufzeit deines tolino epos 3 eBook-Readers zu verl\u00e4ngern. Lesen im Bad oder am Strand ist dank des wasserfesten Geh\u00e4uses problemlos m\u00f6glich. Der 32 Gigabyte gro\u00dfe Speicherplatz reicht f\u00fcr eine beeindruckende Sammlung von bis zu 24.000 B\u00fcchern.<\/p>\n","protected":false},"excerpt":{"rendered":"<p>Mit dem tolino epos 3 Schwarz eBook-Reader liest du deine Lieblingsb\u00fccher bequem am St\u00fcck durch. Der Reader hat ein gro\u00dfes 8 Zoll Display, auf dem Texte gut lesbar sind und du nicht so oft umbl\u00e4tterst. Dieses Display ist au\u00dferdem augenschonend. Die smartLight Technologie filtert blaues Licht und passt die Beleuchtung sowie Farbtemperatur automatisch der Tageszeit an. Bei Tageslicht schaltest du die Beleuchtung aus, um die Akkulaufzeit deines tolino epos 3 eBook-Readers zu verl\u00e4ngern. Lesen im Bad oder am Strand ist dank des wasserfesten Geh\u00e4uses problemlos m\u00f6glich. Der 32 Gigabyte gro\u00dfe Speicherplatz reicht f\u00fcr eine beeindruckende Sammlung von bis zu 24.000 B\u00fcchern.<\/p>\n","protected":false},"featured_media":0,"comment_status":"closed","ping_status":"open","template":"","meta":{"_acf_changed":false},"brand":[23320],"product_brand":[],"product_cat":[8609],"product_tag":[8610],"class_list":{"0":"post-81197","1":"product","2":"type-product","3":"status-publish","5":"brand-tolino","6":"product_cat-ebook-reader","7":"product_tag-e-readers","8":"pa_condition-new","9":"pa_coolblue-de-verzending-morgen-gratis-geliefert","10":"pa_ean-23323","11":"pa_mpn-23324","13":"first","14":"instock","15":"product-type-external"},"acf":[],"_links":{"self":[{"href":"https:\/\/onlinehardwareshop.de\/index.php\/wp-json\/wp\/v2\/product\/81197","targetHints":{"allow":["GET"]}}],"collection":[{"href":"https:\/\/onlinehardwareshop.de\/index.php\/wp-json\/wp\/v2\/product"}],"about":[{"href":"https:\/\/onlinehardwareshop.de\/index.php\/wp-json\/wp\/v2\/types\/product"}],"replies":[{"embeddable":true,"href":"https:\/\/onlinehardwareshop.de\/index.php\/wp-json\/wp\/v2\/comments?post=81197"}],"wp:attachment":[{"href":"https:\/\/onlinehardwareshop.de\/index.php\/wp-json\/wp\/v2\/media?parent=81197"}],"wp:term":[{"taxonomy":"brand","embeddable":true,"href":"https:\/\/onlinehardwareshop.de\/index.php\/wp-json\/wp\/v2\/brand?post=81197"},{"taxonomy":"product_brand","embeddable":true,"href":"https:\/\/onlinehardwareshop.de\/index.php\/wp-json\/wp\/v2\/product_brand?post=81197"},{"taxonomy":"product_cat","embeddable":true,"href":"https:\/\/onlinehardwareshop.de\/index.php\/wp-json\/wp\/v2\/product_cat?post=81197"},{"taxonomy":"product_tag","embeddable":true,"href":"https:\/\/onlinehardwareshop.de\/index.php\/wp-json\/wp\/v2\/product_tag?post=81197"}],"curies":[{"name":"wp","href":"https:\/\/api.w.org\/{rel}","templated":true}]}}