{"id":81187,"date":"2024-02-16T13:40:56","date_gmt":"2024-02-16T13:40:56","guid":{"rendered":"https:\/\/onlinehardwareshop.de\/index.php\/produkt\/bose-quietcomfort-earbuds-lila-2\/"},"modified":"2025-05-14T14:16:12","modified_gmt":"2025-05-14T14:16:12","slug":"bose-quietcomfort-earbuds-lila","status":"publish","type":"product","link":"https:\/\/onlinehardwareshop.de\/index.php\/produkt\/bose-quietcomfort-earbuds-lila\/","title":{"rendered":"Bose QuietComfort Earbuds Lila"},"content":{"rendered":"<p>Mit den Bose QuietComfort Earbuds Lila genie\u00dft du in aller Ruhe deine Lieblingsmusik. Diese In-Ear-Kopfh\u00f6rer verf\u00fcgen \u00fcber ein starkes Noise Cancelling. Diese Technik d\u00e4mpft Umgebungsger\u00e4usche stark, sodass du beispielsweise das Gewusel in einem vollen Zug ein St\u00fcck weit ausblendest. So tauchst du vollkommen in deine Lieblingsmusik ein. Das In-Ear-Design umfasst Stabilit\u00e4tsb\u00e4nder und Silikon-Ohreins\u00e4tze, sodass die In-Ear-Kopfh\u00f6rer fest in deinen Ohren sitzen. Die B\u00e4nder f\u00fcllen deine Ohrmuschel vollst\u00e4ndig aus, sodass du auch beim Sport keine Reibung sp\u00fcrst. Dadurch lassen sie sich beim Training gut verwenden. In der Bose QCE App hast du die M\u00f6glichkeit, den Sound \u00fcber einen 5-Band-Equalizer ganz deinen W\u00fcnschen anzupassen. Stelle dort zum Beispiel die Tiefen, Mitten und H\u00f6hen nach Belieben ein.<\/p>\n","protected":false},"excerpt":{"rendered":"<p>Mit den Bose QuietComfort Earbuds Lila genie\u00dft du in aller Ruhe deine Lieblingsmusik. Diese In-Ear-Kopfh\u00f6rer verf\u00fcgen \u00fcber ein starkes Noise Cancelling. Diese Technik d\u00e4mpft Umgebungsger\u00e4usche stark, sodass du beispielsweise das Gewusel in einem vollen Zug ein St\u00fcck weit ausblendest. So tauchst du vollkommen in deine Lieblingsmusik ein. Das In-Ear-Design umfasst Stabilit\u00e4tsb\u00e4nder und Silikon-Ohreins\u00e4tze, sodass die In-Ear-Kopfh\u00f6rer fest in deinen Ohren sitzen. Die B\u00e4nder f\u00fcllen deine Ohrmuschel vollst\u00e4ndig aus, sodass du auch beim Sport keine Reibung sp\u00fcrst. Dadurch lassen sie sich beim Training gut verwenden. In der Bose QCE App hast du die M\u00f6glichkeit, den Sound \u00fcber einen 5-Band-Equalizer ganz deinen W\u00fcnschen anzupassen. Stelle dort zum Beispiel die Tiefen, Mitten und H\u00f6hen nach Belieben ein.<\/p>\n","protected":false},"featured_media":0,"comment_status":"closed","ping_status":"open","template":"","meta":{"_acf_changed":false},"brand":[3092],"product_brand":[],"product_cat":[563],"product_tag":[1210],"class_list":{"0":"post-81187","1":"product","2":"type-product","3":"status-publish","5":"brand-bose","6":"product_cat-in-ear-kopfhrer","7":"product_tag-non-apple-oordopjes","8":"pa_condition-new","9":"pa_coolblue-de-verzending-morgen-gratis-geliefert","10":"pa_ean-23296","11":"pa_mpn-888507-0300","13":"first","14":"instock","15":"product-type-external"},"acf":[],"_links":{"self":[{"href":"https:\/\/onlinehardwareshop.de\/index.php\/wp-json\/wp\/v2\/product\/81187","targetHints":{"allow":["GET"]}}],"collection":[{"href":"https:\/\/onlinehardwareshop.de\/index.php\/wp-json\/wp\/v2\/product"}],"about":[{"href":"https:\/\/onlinehardwareshop.de\/index.php\/wp-json\/wp\/v2\/types\/product"}],"replies":[{"embeddable":true,"href":"https:\/\/onlinehardwareshop.de\/index.php\/wp-json\/wp\/v2\/comments?post=81187"}],"wp:attachment":[{"href":"https:\/\/onlinehardwareshop.de\/index.php\/wp-json\/wp\/v2\/media?parent=81187"}],"wp:term":[{"taxonomy":"brand","embeddable":true,"href":"https:\/\/onlinehardwareshop.de\/index.php\/wp-json\/wp\/v2\/brand?post=81187"},{"taxonomy":"product_brand","embeddable":true,"href":"https:\/\/onlinehardwareshop.de\/index.php\/wp-json\/wp\/v2\/product_brand?post=81187"},{"taxonomy":"product_cat","embeddable":true,"href":"https:\/\/onlinehardwareshop.de\/index.php\/wp-json\/wp\/v2\/product_cat?post=81187"},{"taxonomy":"product_tag","embeddable":true,"href":"https:\/\/onlinehardwareshop.de\/index.php\/wp-json\/wp\/v2\/product_tag?post=81187"}],"curies":[{"name":"wp","href":"https:\/\/api.w.org\/{rel}","templated":true}]}}