{"id":81119,"date":"2024-03-29T22:14:52","date_gmt":"2024-03-29T22:14:52","guid":{"rendered":"https:\/\/onlinehardwareshop.de\/index.php\/produkt\/apple-watch-series-10-42mm-rosgold-sport-loop-2\/"},"modified":"2025-05-14T14:10:19","modified_gmt":"2025-05-14T14:10:19","slug":"apple-watch-series-10-42mm-rosgold-sport-loop","status":"publish","type":"product","link":"https:\/\/onlinehardwareshop.de\/index.php\/produkt\/apple-watch-series-10-42mm-rosgold-sport-loop\/","title":{"rendered":"Apple Watch Series 10 42&#xA0;mm Ros&#xE9;gold Sport Loop"},"content":{"rendered":"<p>Mit der Apple Watch Series 10 42\u00a0mm Ros\u00e9gold Sport Loop bist du immer \u00fcber deine Gesundheit und Smartphone-Benachrichtigungen auf dem Laufenden. Diese neue Apple Watch hat ein gr\u00f6\u00dferes Display als ihre Vorg\u00e4ngerinnen. Dadurch liest du all deine Nachrichten und Benachrichtigungen bequem ab. Dank der abgerundeten Kanten siehst du den Displayinhalt komfortabel von der Seite. Indem du zweimal mit deinem Zeigefinger gegen deinen Daumen tippst, h\u00e4ltst du die Musik an, nimmst einen Anruf entgegen oder startest den Timer. Die Akkulaufzeit betr\u00e4gt bei durchschnittlicher Nutzung einen Tag. Mit der Apple Watch werden deine Herzfrequenz, dein Schlaf sowie Stress registriert und du erh\u00e4ltst Tipps und \u00dcbungen, mit denen du deine mentale Gesundheit verbesserst. Auf dem Always-on-Display hast du jederzeit die Uhrzeit und deine Benachrichtigungen im Blick, ohne eine Taste bet\u00e4tigen zu m\u00fcssen.   Hinweis: Zum Lieferumfang geh\u00f6rt kein Ladeger\u00e4t. M\u00f6chtest du die Uhr an der Steckdose aufladen? Dann verwende das Ladeger\u00e4t deines Smartphones oder bestelle dir ein Ladeger\u00e4t einzeln dazu.  Diese Armbanduhr ist f\u00fcr einen Handgelenkumfang von 15 bis 17\u00a0cm geeignet. Hinweis: Um die Apple Watch zu verwenden, ben\u00f6tigst du ein iPhone Xs oder neuer mit iOS 18 oder neuer.<\/p>\n","protected":false},"excerpt":{"rendered":"<p>Mit der Apple Watch Series 10 42\u00a0mm Ros\u00e9gold Sport Loop bist du immer \u00fcber deine Gesundheit und Smartphone-Benachrichtigungen auf dem Laufenden. Diese neue Apple Watch hat ein gr\u00f6\u00dferes Display als ihre Vorg\u00e4ngerinnen. Dadurch liest du all deine Nachrichten und Benachrichtigungen bequem ab. Dank der abgerundeten Kanten siehst du den Displayinhalt komfortabel von der Seite. Indem du zweimal mit deinem Zeigefinger gegen deinen Daumen tippst, h\u00e4ltst du die Musik an, nimmst einen Anruf entgegen oder startest den Timer. Die Akkulaufzeit betr\u00e4gt bei durchschnittlicher Nutzung einen Tag. Mit der Apple Watch werden deine Herzfrequenz, dein Schlaf sowie Stress registriert und du erh\u00e4ltst Tipps und \u00dcbungen, mit denen du deine mentale Gesundheit verbesserst. Auf dem Always-on-Display hast du jederzeit die Uhrzeit und deine Benachrichtigungen im Blick, ohne eine Taste bet\u00e4tigen zu m\u00fcssen.   Hinweis: Zum Lieferumfang geh\u00f6rt kein Ladeger\u00e4t. M\u00f6chtest du die Uhr an der Steckdose aufladen? Dann verwende das Ladeger\u00e4t deines Smartphones oder bestelle dir ein Ladeger\u00e4t einzeln dazu.  Diese Armbanduhr ist f\u00fcr einen Handgelenkumfang von 15 bis 17\u00a0cm geeignet. Hinweis: Um die Apple Watch zu verwenden, ben\u00f6tigst du ein iPhone Xs oder neuer mit iOS 18 oder neuer.<\/p>\n","protected":false},"featured_media":0,"comment_status":"closed","ping_status":"open","template":"","meta":{"_acf_changed":false},"brand":[148],"product_brand":[],"product_cat":[6848],"product_tag":[15198],"class_list":{"0":"post-81119","1":"product","2":"type-product","3":"status-publish","5":"brand-apple","6":"product_cat-smartwatches","7":"product_tag-apple-watches","8":"pa_condition-new","9":"pa_coolblue-de-verzending-morgen-gratis-geliefert","10":"pa_ean-23144","11":"pa_mpn-mwwk3qf-a","13":"first","14":"instock","15":"product-type-external"},"acf":[],"_links":{"self":[{"href":"https:\/\/onlinehardwareshop.de\/index.php\/wp-json\/wp\/v2\/product\/81119","targetHints":{"allow":["GET"]}}],"collection":[{"href":"https:\/\/onlinehardwareshop.de\/index.php\/wp-json\/wp\/v2\/product"}],"about":[{"href":"https:\/\/onlinehardwareshop.de\/index.php\/wp-json\/wp\/v2\/types\/product"}],"replies":[{"embeddable":true,"href":"https:\/\/onlinehardwareshop.de\/index.php\/wp-json\/wp\/v2\/comments?post=81119"}],"wp:attachment":[{"href":"https:\/\/onlinehardwareshop.de\/index.php\/wp-json\/wp\/v2\/media?parent=81119"}],"wp:term":[{"taxonomy":"brand","embeddable":true,"href":"https:\/\/onlinehardwareshop.de\/index.php\/wp-json\/wp\/v2\/brand?post=81119"},{"taxonomy":"product_brand","embeddable":true,"href":"https:\/\/onlinehardwareshop.de\/index.php\/wp-json\/wp\/v2\/product_brand?post=81119"},{"taxonomy":"product_cat","embeddable":true,"href":"https:\/\/onlinehardwareshop.de\/index.php\/wp-json\/wp\/v2\/product_cat?post=81119"},{"taxonomy":"product_tag","embeddable":true,"href":"https:\/\/onlinehardwareshop.de\/index.php\/wp-json\/wp\/v2\/product_tag?post=81119"}],"curies":[{"name":"wp","href":"https:\/\/api.w.org\/{rel}","templated":true}]}}