{"id":81101,"date":"2024-01-10T09:23:12","date_gmt":"2024-01-10T09:23:12","guid":{"rendered":"https:\/\/onlinehardwareshop.de\/index.php\/produkt\/apple-watch-se-2024-44mm-mitternacht-sportarmband-m-l-2\/"},"modified":"2025-05-14T14:08:37","modified_gmt":"2025-05-14T14:08:37","slug":"apple-watch-se-2024-44mm-mitternacht-sportarmband-m-l","status":"publish","type":"product","link":"https:\/\/onlinehardwareshop.de\/index.php\/produkt\/apple-watch-se-2024-44mm-mitternacht-sportarmband-m-l\/","title":{"rendered":"Apple Watch SE 2024 44&#xA0;mm Mitternacht Sportarmband M\/L"},"content":{"rendered":"<p>Mit der Apple Watch SE 2024 44\u00a0mm Mitternacht Sportarmband M\/L arbeitest du an deiner Gesundheit und bleibst auf dem neuesten Stand deiner Benachrichtigungen. Bleibe auf dem Laufenden \u00fcber all deine Benachrichtigungen und nimm \u00fcber die Watch Anrufe entgegen. Dar\u00fcber hinaus misst du deinen Schlaf und zeichnest Trainingsdaten auf, wie zum Beispiel deine Lieblingslaufrunde oder dein Fitnesstraining. Die Apple Watch funktioniert ausschlie\u00dflich in Kombination mit einem iPhone. Du verbindest diese Smartwatch somit nicht mit einem Android-Smartphone.  Hinweis: Zum Lieferumfang geh\u00f6rt kein Ladeger\u00e4t. M\u00f6chtest du die Uhr an der Steckdose aufladen? Dann verwende das Ladeger\u00e4t deines Smartphones oder bestelle dir ein Ladeger\u00e4t einzeln dazu.  Diese Armbanduhr ist f\u00fcr einen Handgelenkumfang von 15 bis 17\u00a0cm geeignet. Hinweis: Um die Apple Watch zu verwenden, ben\u00f6tigst du ein iPhone Xs oder neuer mit iOS 18 oder neuer.<\/p>\n","protected":false},"excerpt":{"rendered":"<p>Mit der Apple Watch SE 2024 44\u00a0mm Mitternacht Sportarmband M\/L arbeitest du an deiner Gesundheit und bleibst auf dem neuesten Stand deiner Benachrichtigungen. Bleibe auf dem Laufenden \u00fcber all deine Benachrichtigungen und nimm \u00fcber die Watch Anrufe entgegen. Dar\u00fcber hinaus misst du deinen Schlaf und zeichnest Trainingsdaten auf, wie zum Beispiel deine Lieblingslaufrunde oder dein Fitnesstraining. Die Apple Watch funktioniert ausschlie\u00dflich in Kombination mit einem iPhone. Du verbindest diese Smartwatch somit nicht mit einem Android-Smartphone.  Hinweis: Zum Lieferumfang geh\u00f6rt kein Ladeger\u00e4t. M\u00f6chtest du die Uhr an der Steckdose aufladen? Dann verwende das Ladeger\u00e4t deines Smartphones oder bestelle dir ein Ladeger\u00e4t einzeln dazu.  Diese Armbanduhr ist f\u00fcr einen Handgelenkumfang von 15 bis 17\u00a0cm geeignet. Hinweis: Um die Apple Watch zu verwenden, ben\u00f6tigst du ein iPhone Xs oder neuer mit iOS 18 oder neuer.<\/p>\n","protected":false},"featured_media":0,"comment_status":"closed","ping_status":"open","template":"","meta":{"_acf_changed":false},"brand":[148],"product_brand":[],"product_cat":[6848],"product_tag":[15198],"class_list":{"0":"post-81101","1":"product","2":"type-product","3":"status-publish","5":"brand-apple","6":"product_cat-smartwatches","7":"product_tag-apple-watches","8":"pa_condition-new","9":"pa_coolblue-de-verzending-morgen-gratis-geliefert","10":"pa_ean-23105","11":"pa_mpn-mxek3qf-a","13":"first","14":"instock","15":"product-type-external"},"acf":[],"_links":{"self":[{"href":"https:\/\/onlinehardwareshop.de\/index.php\/wp-json\/wp\/v2\/product\/81101","targetHints":{"allow":["GET"]}}],"collection":[{"href":"https:\/\/onlinehardwareshop.de\/index.php\/wp-json\/wp\/v2\/product"}],"about":[{"href":"https:\/\/onlinehardwareshop.de\/index.php\/wp-json\/wp\/v2\/types\/product"}],"replies":[{"embeddable":true,"href":"https:\/\/onlinehardwareshop.de\/index.php\/wp-json\/wp\/v2\/comments?post=81101"}],"wp:attachment":[{"href":"https:\/\/onlinehardwareshop.de\/index.php\/wp-json\/wp\/v2\/media?parent=81101"}],"wp:term":[{"taxonomy":"brand","embeddable":true,"href":"https:\/\/onlinehardwareshop.de\/index.php\/wp-json\/wp\/v2\/brand?post=81101"},{"taxonomy":"product_brand","embeddable":true,"href":"https:\/\/onlinehardwareshop.de\/index.php\/wp-json\/wp\/v2\/product_brand?post=81101"},{"taxonomy":"product_cat","embeddable":true,"href":"https:\/\/onlinehardwareshop.de\/index.php\/wp-json\/wp\/v2\/product_cat?post=81101"},{"taxonomy":"product_tag","embeddable":true,"href":"https:\/\/onlinehardwareshop.de\/index.php\/wp-json\/wp\/v2\/product_tag?post=81101"}],"curies":[{"name":"wp","href":"https:\/\/api.w.org\/{rel}","templated":true}]}}