{"id":81066,"date":"2024-11-02T10:59:12","date_gmt":"2024-11-02T10:59:12","guid":{"rendered":"https:\/\/onlinehardwareshop.de\/index.php\/produkt\/jbl-tour-one-m2-schwarz-bluebuilt-quick-charge-ladegert-mit-usb-2\/"},"modified":"2025-05-14T14:05:47","modified_gmt":"2025-05-14T14:05:47","slug":"jbl-tour-one-m2-schwarz-bluebuilt-quick-charge-ladegert-mit-usb","status":"publish","type":"product","link":"https:\/\/onlinehardwareshop.de\/index.php\/produkt\/jbl-tour-one-m2-schwarz-bluebuilt-quick-charge-ladegert-mit-usb\/","title":{"rendered":"JBL Tour One M2 Schwarz + BlueBuilt Quick-Charge-Ladeger&#xE4;t mit USB"},"content":{"rendered":"<p>Mit dem JBL Tour One M2 Schwarz + BlueBuilt Quick-Charge-Ladeger\u00e4t mit USB-A-Port 18\u00a0W Schwarz erh\u00e4ltst du einen Kopfh\u00f6rer mit Noise Cancelling sowie ein Ladeset. Der Over-Ear-Kopfh\u00f6rer verf\u00fcgt \u00fcber aktives Noise Cancelling, eine Technologie, die Rauschen und Umgebungsger\u00e4usche d\u00e4mpft. Damit brauchst du deine Lautst\u00e4rke nicht h\u00f6her zu drehen, wenn du im Bus oder in der Bahn sitzt. Mit den vier integrierten Mikrofonen f\u00fchrst du deutliche Telefonate. Die Smart Talk Funktion in den Mikrofonen erkennt deine Stimme. Sobald du ein Gespr\u00e4ch mit jemandem beginnst, senkt sich die Lautst\u00e4rke dank dieser Funktion automatisch. So f\u00fchrst du ganz bequem ein Gespr\u00e4ch, w\u00e4hrend du den Kopfh\u00f6rer tr\u00e4gst. Wenn du ihn mit der My JBL Headphones App verbindest, passt du die Klangeinstellungen mittels Equalizer deinen W\u00fcnschen entsprechend an. Dank des mitgelieferten Flugzeugadapters l\u00e4sst sich dein Kopfh\u00f6rer an das Unterhaltungssystem im Flugzeug anschlie\u00dfen.<\/p>\n","protected":false},"excerpt":{"rendered":"<p>Mit dem JBL Tour One M2 Schwarz + BlueBuilt Quick-Charge-Ladeger\u00e4t mit USB-A-Port 18\u00a0W Schwarz erh\u00e4ltst du einen Kopfh\u00f6rer mit Noise Cancelling sowie ein Ladeset. Der Over-Ear-Kopfh\u00f6rer verf\u00fcgt \u00fcber aktives Noise Cancelling, eine Technologie, die Rauschen und Umgebungsger\u00e4usche d\u00e4mpft. Damit brauchst du deine Lautst\u00e4rke nicht h\u00f6her zu drehen, wenn du im Bus oder in der Bahn sitzt. Mit den vier integrierten Mikrofonen f\u00fchrst du deutliche Telefonate. Die Smart Talk Funktion in den Mikrofonen erkennt deine Stimme. Sobald du ein Gespr\u00e4ch mit jemandem beginnst, senkt sich die Lautst\u00e4rke dank dieser Funktion automatisch. So f\u00fchrst du ganz bequem ein Gespr\u00e4ch, w\u00e4hrend du den Kopfh\u00f6rer tr\u00e4gst. Wenn du ihn mit der My JBL Headphones App verbindest, passt du die Klangeinstellungen mittels Equalizer deinen W\u00fcnschen entsprechend an. Dank des mitgelieferten Flugzeugadapters l\u00e4sst sich dein Kopfh\u00f6rer an das Unterhaltungssystem im Flugzeug anschlie\u00dfen.<\/p>\n","protected":false},"featured_media":0,"comment_status":"closed","ping_status":"open","template":"","meta":{"_acf_changed":false},"brand":[5677],"product_brand":[],"product_cat":[1182],"product_tag":[5609],"class_list":{"0":"post-81066","1":"product","2":"type-product","3":"status-publish","5":"brand-jbl","6":"product_cat-kopfhrer","7":"product_tag-hoofdtelefoons-met-noisecancelling","8":"pa_condition-new","9":"pa_coolblue-de-verzending-morgen-gratis-geliefert","10":"pa_ean-23036","12":"first","13":"instock","14":"product-type-external"},"acf":[],"_links":{"self":[{"href":"https:\/\/onlinehardwareshop.de\/index.php\/wp-json\/wp\/v2\/product\/81066","targetHints":{"allow":["GET"]}}],"collection":[{"href":"https:\/\/onlinehardwareshop.de\/index.php\/wp-json\/wp\/v2\/product"}],"about":[{"href":"https:\/\/onlinehardwareshop.de\/index.php\/wp-json\/wp\/v2\/types\/product"}],"replies":[{"embeddable":true,"href":"https:\/\/onlinehardwareshop.de\/index.php\/wp-json\/wp\/v2\/comments?post=81066"}],"wp:attachment":[{"href":"https:\/\/onlinehardwareshop.de\/index.php\/wp-json\/wp\/v2\/media?parent=81066"}],"wp:term":[{"taxonomy":"brand","embeddable":true,"href":"https:\/\/onlinehardwareshop.de\/index.php\/wp-json\/wp\/v2\/brand?post=81066"},{"taxonomy":"product_brand","embeddable":true,"href":"https:\/\/onlinehardwareshop.de\/index.php\/wp-json\/wp\/v2\/product_brand?post=81066"},{"taxonomy":"product_cat","embeddable":true,"href":"https:\/\/onlinehardwareshop.de\/index.php\/wp-json\/wp\/v2\/product_cat?post=81066"},{"taxonomy":"product_tag","embeddable":true,"href":"https:\/\/onlinehardwareshop.de\/index.php\/wp-json\/wp\/v2\/product_tag?post=81066"}],"curies":[{"name":"wp","href":"https:\/\/api.w.org\/{rel}","templated":true}]}}