{"id":81063,"date":"2025-02-01T15:08:34","date_gmt":"2025-02-01T15:08:34","guid":{"rendered":"https:\/\/onlinehardwareshop.de\/index.php\/produkt\/jbl-live-770nc-wei-bluebuilt-quick-charge-ladegert-mit-usb-2\/"},"modified":"2025-05-14T14:05:32","modified_gmt":"2025-05-14T14:05:32","slug":"jbl-live-770nc-wei-bluebuilt-quick-charge-ladegert-mit-usb","status":"publish","type":"product","link":"https:\/\/onlinehardwareshop.de\/index.php\/produkt\/jbl-live-770nc-wei-bluebuilt-quick-charge-ladegert-mit-usb\/","title":{"rendered":"JBL Live 770NC Wei&#xDF; + BlueBuilt Quick-Charge-Ladeger&#xE4;t mit USB"},"content":{"rendered":"<p>Mit dem Set aus JBL Live 770NC Wei\u00df + BlueBuilt Quick-Charge-Ladeger\u00e4t mit USB-A-Anschluss 18\u00a0W Schwarz legst du dir einen Kopfh\u00f6rer mit Ladeger\u00e4t zu. Dieser Kopfh\u00f6rer hat eine Akkulaufzeit von 65 Stunden, sodass dir fast nie die Musik ausgeht. Ist der Kopfh\u00f6rer doch mal leer? Mit dem mitgelieferten USB-C-Ladekabel l\u00e4sst er sich wieder aufladen. Innerhalb von f\u00fcnf Minuten hast du wieder genug Akkuleistung f\u00fcr vier Stunden Musikh\u00f6ren. Dank der Over-Ear-Ohrmuscheln blendest du deine Umgebung akustisch aus. Dabei hilft auch das aktive Noise Cancelling. Diese Technologie unterdr\u00fcckt Umgebungsger\u00e4usche, sodass du ganz in deine Lieblingsmusik eintauchst. Dank der integrierten Sprachassistenten Google und Alexa sendest du zum Beispiel \u00fcber den Kopfh\u00f6rer Sprachbefehle. Au\u00dferdem nutzt du den Sprachassistenten, um Fragen zum Wetter oder Verkehrsinformationen beantworten zu lassen.<\/p>\n","protected":false},"excerpt":{"rendered":"<p>Mit dem Set aus JBL Live 770NC Wei\u00df + BlueBuilt Quick-Charge-Ladeger\u00e4t mit USB-A-Anschluss 18\u00a0W Schwarz legst du dir einen Kopfh\u00f6rer mit Ladeger\u00e4t zu. Dieser Kopfh\u00f6rer hat eine Akkulaufzeit von 65 Stunden, sodass dir fast nie die Musik ausgeht. Ist der Kopfh\u00f6rer doch mal leer? Mit dem mitgelieferten USB-C-Ladekabel l\u00e4sst er sich wieder aufladen. Innerhalb von f\u00fcnf Minuten hast du wieder genug Akkuleistung f\u00fcr vier Stunden Musikh\u00f6ren. Dank der Over-Ear-Ohrmuscheln blendest du deine Umgebung akustisch aus. Dabei hilft auch das aktive Noise Cancelling. Diese Technologie unterdr\u00fcckt Umgebungsger\u00e4usche, sodass du ganz in deine Lieblingsmusik eintauchst. Dank der integrierten Sprachassistenten Google und Alexa sendest du zum Beispiel \u00fcber den Kopfh\u00f6rer Sprachbefehle. Au\u00dferdem nutzt du den Sprachassistenten, um Fragen zum Wetter oder Verkehrsinformationen beantworten zu lassen.<\/p>\n","protected":false},"featured_media":0,"comment_status":"closed","ping_status":"open","template":"","meta":{"_acf_changed":false},"brand":[5677],"product_brand":[],"product_cat":[1182],"product_tag":[5609],"class_list":{"0":"post-81063","1":"product","2":"type-product","3":"status-publish","5":"brand-jbl","6":"product_cat-kopfhrer","7":"product_tag-hoofdtelefoons-met-noisecancelling","8":"pa_condition-new","9":"pa_coolblue-de-verzending-morgen-gratis-geliefert","10":"pa_ean-23033","12":"first","13":"instock","14":"product-type-external"},"acf":[],"_links":{"self":[{"href":"https:\/\/onlinehardwareshop.de\/index.php\/wp-json\/wp\/v2\/product\/81063","targetHints":{"allow":["GET"]}}],"collection":[{"href":"https:\/\/onlinehardwareshop.de\/index.php\/wp-json\/wp\/v2\/product"}],"about":[{"href":"https:\/\/onlinehardwareshop.de\/index.php\/wp-json\/wp\/v2\/types\/product"}],"replies":[{"embeddable":true,"href":"https:\/\/onlinehardwareshop.de\/index.php\/wp-json\/wp\/v2\/comments?post=81063"}],"wp:attachment":[{"href":"https:\/\/onlinehardwareshop.de\/index.php\/wp-json\/wp\/v2\/media?parent=81063"}],"wp:term":[{"taxonomy":"brand","embeddable":true,"href":"https:\/\/onlinehardwareshop.de\/index.php\/wp-json\/wp\/v2\/brand?post=81063"},{"taxonomy":"product_brand","embeddable":true,"href":"https:\/\/onlinehardwareshop.de\/index.php\/wp-json\/wp\/v2\/product_brand?post=81063"},{"taxonomy":"product_cat","embeddable":true,"href":"https:\/\/onlinehardwareshop.de\/index.php\/wp-json\/wp\/v2\/product_cat?post=81063"},{"taxonomy":"product_tag","embeddable":true,"href":"https:\/\/onlinehardwareshop.de\/index.php\/wp-json\/wp\/v2\/product_tag?post=81063"}],"curies":[{"name":"wp","href":"https:\/\/api.w.org\/{rel}","templated":true}]}}