{"id":81059,"date":"2024-01-14T09:30:36","date_gmt":"2024-01-14T09:30:36","guid":{"rendered":"https:\/\/onlinehardwareshop.de\/index.php\/produkt\/jbl-live-660nc-schwarz-bluebuilt-quick-charge-ladegert-mit-usb-2\/"},"modified":"2025-05-14T14:05:23","modified_gmt":"2025-05-14T14:05:23","slug":"jbl-live-660nc-schwarz-bluebuilt-quick-charge-ladegert-mit-usb","status":"publish","type":"product","link":"https:\/\/onlinehardwareshop.de\/index.php\/produkt\/jbl-live-660nc-schwarz-bluebuilt-quick-charge-ladegert-mit-usb\/","title":{"rendered":"JBL Live 660NC Schwarz + BlueBuilt Quick-Charge-Ladeger&#xE4;t mit USB"},"content":{"rendered":"<p>Mit diesem Set aus JBL Live 660NC Schwarz + BlueBuilt Quick-Charge-Ladeger\u00e4t mit USB-A-Port 18\u00a0W Schwarz erh\u00e4ltst du einen Kopfh\u00f6rer mit Noise Cancelling sowie ein Ladeset. Das Noise Cancelling d\u00e4mpft Umgebungsger\u00e4usche und Rauschen, sodass du dich auf das konzentrierst, was du gerade tust. Verwende die My JBL Headphones App auf deinem Smartphone, um die Audiowiedergabe der Kopfh\u00f6rer anzupassen. So h\u00f6rst du personalisierten Sound. Wenn du Noise Cancelling aktivierst, halten die Kopfh\u00f6rer mit einer vollen Akkuladung 40 Stunden lang durch. Nach einer Ladezeit von zehn Minuten h\u00f6rst du wieder vier Stunden lang Musik. Expertenmeinung zum Klang Die tiefen Tonlagen dieses Kopfh\u00f6rers sind nachdr\u00fccklich h\u00f6rbar. Dadurch liegt die Betonung des Klangs auf den B\u00e4ssen. Die Mitten sind nicht hervorgehoben, sodass Instrumente und Gesang quasi genauso klingen, wie dies vom K\u00fcnstler beabsichtigt ist. Willst du den Schwerpunkt des Klangs verschieben? In der My JBL Headphones App passt du den Klang \u00fcber einen Equalizer an.<\/p>\n","protected":false},"excerpt":{"rendered":"<p>Mit diesem Set aus JBL Live 660NC Schwarz + BlueBuilt Quick-Charge-Ladeger\u00e4t mit USB-A-Port 18\u00a0W Schwarz erh\u00e4ltst du einen Kopfh\u00f6rer mit Noise Cancelling sowie ein Ladeset. Das Noise Cancelling d\u00e4mpft Umgebungsger\u00e4usche und Rauschen, sodass du dich auf das konzentrierst, was du gerade tust. Verwende die My JBL Headphones App auf deinem Smartphone, um die Audiowiedergabe der Kopfh\u00f6rer anzupassen. So h\u00f6rst du personalisierten Sound. Wenn du Noise Cancelling aktivierst, halten die Kopfh\u00f6rer mit einer vollen Akkuladung 40 Stunden lang durch. Nach einer Ladezeit von zehn Minuten h\u00f6rst du wieder vier Stunden lang Musik. Expertenmeinung zum Klang Die tiefen Tonlagen dieses Kopfh\u00f6rers sind nachdr\u00fccklich h\u00f6rbar. Dadurch liegt die Betonung des Klangs auf den B\u00e4ssen. Die Mitten sind nicht hervorgehoben, sodass Instrumente und Gesang quasi genauso klingen, wie dies vom K\u00fcnstler beabsichtigt ist. Willst du den Schwerpunkt des Klangs verschieben? In der My JBL Headphones App passt du den Klang \u00fcber einen Equalizer an.<\/p>\n","protected":false},"featured_media":0,"comment_status":"closed","ping_status":"open","template":"","meta":{"_acf_changed":false},"brand":[5677],"product_brand":[],"product_cat":[1182],"product_tag":[5609],"class_list":{"0":"post-81059","1":"product","2":"type-product","3":"status-publish","5":"brand-jbl","6":"product_cat-kopfhrer","7":"product_tag-hoofdtelefoons-met-noisecancelling","8":"pa_condition-new","9":"pa_coolblue-de-verzending-morgen-gratis-geliefert","10":"pa_ean-23029","12":"first","13":"instock","14":"product-type-external"},"acf":[],"_links":{"self":[{"href":"https:\/\/onlinehardwareshop.de\/index.php\/wp-json\/wp\/v2\/product\/81059","targetHints":{"allow":["GET"]}}],"collection":[{"href":"https:\/\/onlinehardwareshop.de\/index.php\/wp-json\/wp\/v2\/product"}],"about":[{"href":"https:\/\/onlinehardwareshop.de\/index.php\/wp-json\/wp\/v2\/types\/product"}],"replies":[{"embeddable":true,"href":"https:\/\/onlinehardwareshop.de\/index.php\/wp-json\/wp\/v2\/comments?post=81059"}],"wp:attachment":[{"href":"https:\/\/onlinehardwareshop.de\/index.php\/wp-json\/wp\/v2\/media?parent=81059"}],"wp:term":[{"taxonomy":"brand","embeddable":true,"href":"https:\/\/onlinehardwareshop.de\/index.php\/wp-json\/wp\/v2\/brand?post=81059"},{"taxonomy":"product_brand","embeddable":true,"href":"https:\/\/onlinehardwareshop.de\/index.php\/wp-json\/wp\/v2\/product_brand?post=81059"},{"taxonomy":"product_cat","embeddable":true,"href":"https:\/\/onlinehardwareshop.de\/index.php\/wp-json\/wp\/v2\/product_cat?post=81059"},{"taxonomy":"product_tag","embeddable":true,"href":"https:\/\/onlinehardwareshop.de\/index.php\/wp-json\/wp\/v2\/product_tag?post=81059"}],"curies":[{"name":"wp","href":"https:\/\/api.w.org\/{rel}","templated":true}]}}