{"id":81022,"date":"2024-01-02T08:21:53","date_gmt":"2024-01-02T08:21:53","guid":{"rendered":"https:\/\/onlinehardwareshop.de\/index.php\/produkt\/gopro-wasserdichte-auslserfernbedienung-2\/"},"modified":"2025-05-14T14:02:13","modified_gmt":"2025-05-14T14:02:13","slug":"gopro-wasserdichte-auslserfernbedienung","status":"publish","type":"product","link":"https:\/\/onlinehardwareshop.de\/index.php\/produkt\/gopro-wasserdichte-auslserfernbedienung\/","title":{"rendered":"GoPro Wasserdichte Ausl&#xF6;serfernbedienung"},"content":{"rendered":"<p>Bediene deine GoPro HERO 13, 12 oder 11 mit dieser GoPro wasserdichten Ausl\u00f6serfernbedienung aus 20 Metern Abstand. Die Fernbedienung ist bis zu einer Tiefe von 5 Metern wasserdicht und eigent sich daher beispielsweise auch f\u00fcr Aktivit\u00e4ten in und auf dem Wasser. Du startest und stoppst deine Aufnahmen einfach durch Bet\u00e4tigung der Taste. Du befestigst die Fernbedienung am mitgelieferten Handgelenkband. So hast du sie immer dabei.<\/p>\n","protected":false},"excerpt":{"rendered":"<p>Bediene deine GoPro HERO 13, 12 oder 11 mit dieser GoPro wasserdichten Ausl\u00f6serfernbedienung aus 20 Metern Abstand. Die Fernbedienung ist bis zu einer Tiefe von 5 Metern wasserdicht und eigent sich daher beispielsweise auch f\u00fcr Aktivit\u00e4ten in und auf dem Wasser. Du startest und stoppst deine Aufnahmen einfach durch Bet\u00e4tigung der Taste. Du befestigst die Fernbedienung am mitgelieferten Handgelenkband. So hast du sie immer dabei.<\/p>\n","protected":false},"featured_media":0,"comment_status":"closed","ping_status":"open","template":"","meta":{"_acf_changed":false},"brand":[591],"product_brand":[],"product_cat":[6247],"product_tag":[6248],"class_list":{"0":"post-81022","1":"product","2":"type-product","3":"status-publish","5":"brand-gopro","6":"product_cat-fernbedienungen-fr-kameras","7":"product_tag-afstandsbedieningen-voor-cameras","8":"pa_condition-new","9":"pa_coolblue-de-verzending-morgen-gratis-geliefert","10":"pa_ean-22962","11":"pa_mpn-armte-004-eu","13":"first","14":"instock","15":"product-type-external"},"acf":[],"_links":{"self":[{"href":"https:\/\/onlinehardwareshop.de\/index.php\/wp-json\/wp\/v2\/product\/81022","targetHints":{"allow":["GET"]}}],"collection":[{"href":"https:\/\/onlinehardwareshop.de\/index.php\/wp-json\/wp\/v2\/product"}],"about":[{"href":"https:\/\/onlinehardwareshop.de\/index.php\/wp-json\/wp\/v2\/types\/product"}],"replies":[{"embeddable":true,"href":"https:\/\/onlinehardwareshop.de\/index.php\/wp-json\/wp\/v2\/comments?post=81022"}],"wp:attachment":[{"href":"https:\/\/onlinehardwareshop.de\/index.php\/wp-json\/wp\/v2\/media?parent=81022"}],"wp:term":[{"taxonomy":"brand","embeddable":true,"href":"https:\/\/onlinehardwareshop.de\/index.php\/wp-json\/wp\/v2\/brand?post=81022"},{"taxonomy":"product_brand","embeddable":true,"href":"https:\/\/onlinehardwareshop.de\/index.php\/wp-json\/wp\/v2\/product_brand?post=81022"},{"taxonomy":"product_cat","embeddable":true,"href":"https:\/\/onlinehardwareshop.de\/index.php\/wp-json\/wp\/v2\/product_cat?post=81022"},{"taxonomy":"product_tag","embeddable":true,"href":"https:\/\/onlinehardwareshop.de\/index.php\/wp-json\/wp\/v2\/product_tag?post=81022"}],"curies":[{"name":"wp","href":"https:\/\/api.w.org\/{rel}","templated":true}]}}