{"id":80973,"date":"2024-01-30T16:20:47","date_gmt":"2024-01-30T16:20:47","guid":{"rendered":"https:\/\/onlinehardwareshop.de\/index.php\/produkt\/jbl-tune-670nc-wei-bluebuilt-quick-charge-ladegert-mit-usb-a-port-18w-schwarz-2\/"},"modified":"2025-05-14T13:57:57","modified_gmt":"2025-05-14T13:57:57","slug":"jbl-tune-670nc-wei-bluebuilt-quick-charge-ladegert-mit-usb-a-port-18w-schwarz","status":"publish","type":"product","link":"https:\/\/onlinehardwareshop.de\/index.php\/produkt\/jbl-tune-670nc-wei-bluebuilt-quick-charge-ladegert-mit-usb-a-port-18w-schwarz\/","title":{"rendered":"JBL Tune 670NC Wei&#xDF; + BlueBuilt Quick-Charge-Ladeger&#xE4;t mit USB-A-Port 18&#xA0;W Schwarz"},"content":{"rendered":"<p>Mit dem JBL Tune 670NC Wei\u00df + BlueBuilt Quick-Charge-Ladeger\u00e4t mit USB-A-Port 18\u00a0W Schwarz Set erh\u00e4ltst du einen Kopfh\u00f6rer, der sich an jeder Steckdose aufladen l\u00e4sst. Das Noise Cancelling d\u00e4mpft Umgebungsger\u00e4usche stark. Die lange Akkulaufzeit erm\u00f6glicht es dir, bis zu 70 Stunden lang Musik zu h\u00f6ren. Dieser JBL Kopfh\u00f6rer kann anhand von Multipoint-Pairing an zwei Ger\u00e4te gleichzeitig angeschlossen werden. Du kannst also zum Beispiel \u00fcber den Laptop Musik h\u00f6ren und gleichzeitig mit deinem Smartphone Anrufe entgegennehmen. Der Kopfh\u00f6rer schaltet automatisch zwischen diesen beiden Ger\u00e4ten um. Mit der JBL Headphones App kannst du deine Pr\u00e4ferenzen einstellen und zum Beispiel die B\u00e4sse verst\u00e4rken und den Ton anpassen. Die B\u00e4sse werden durch die JBL Pure Bass Technik noch verst\u00e4rkt. Deine Musik klingt dadurch wie in einem echten Konzert.<\/p>\n","protected":false},"excerpt":{"rendered":"<p>Mit dem JBL Tune 670NC Wei\u00df + BlueBuilt Quick-Charge-Ladeger\u00e4t mit USB-A-Port 18\u00a0W Schwarz Set erh\u00e4ltst du einen Kopfh\u00f6rer, der sich an jeder Steckdose aufladen l\u00e4sst. Das Noise Cancelling d\u00e4mpft Umgebungsger\u00e4usche stark. Die lange Akkulaufzeit erm\u00f6glicht es dir, bis zu 70 Stunden lang Musik zu h\u00f6ren. Dieser JBL Kopfh\u00f6rer kann anhand von Multipoint-Pairing an zwei Ger\u00e4te gleichzeitig angeschlossen werden. Du kannst also zum Beispiel \u00fcber den Laptop Musik h\u00f6ren und gleichzeitig mit deinem Smartphone Anrufe entgegennehmen. Der Kopfh\u00f6rer schaltet automatisch zwischen diesen beiden Ger\u00e4ten um. Mit der JBL Headphones App kannst du deine Pr\u00e4ferenzen einstellen und zum Beispiel die B\u00e4sse verst\u00e4rken und den Ton anpassen. Die B\u00e4sse werden durch die JBL Pure Bass Technik noch verst\u00e4rkt. Deine Musik klingt dadurch wie in einem echten Konzert.<\/p>\n","protected":false},"featured_media":0,"comment_status":"closed","ping_status":"open","template":"","meta":{"_acf_changed":false},"brand":[5677],"product_brand":[],"product_cat":[1182],"product_tag":[5609],"class_list":{"0":"post-80973","1":"product","2":"type-product","3":"status-publish","5":"brand-jbl","6":"product_cat-kopfhrer","7":"product_tag-hoofdtelefoons-met-noisecancelling","8":"pa_condition-new","9":"pa_coolblue-de-verzending-morgen-gratis-geliefert","10":"pa_ean-22899","12":"first","13":"instock","14":"product-type-external"},"acf":[],"_links":{"self":[{"href":"https:\/\/onlinehardwareshop.de\/index.php\/wp-json\/wp\/v2\/product\/80973","targetHints":{"allow":["GET"]}}],"collection":[{"href":"https:\/\/onlinehardwareshop.de\/index.php\/wp-json\/wp\/v2\/product"}],"about":[{"href":"https:\/\/onlinehardwareshop.de\/index.php\/wp-json\/wp\/v2\/types\/product"}],"replies":[{"embeddable":true,"href":"https:\/\/onlinehardwareshop.de\/index.php\/wp-json\/wp\/v2\/comments?post=80973"}],"wp:attachment":[{"href":"https:\/\/onlinehardwareshop.de\/index.php\/wp-json\/wp\/v2\/media?parent=80973"}],"wp:term":[{"taxonomy":"brand","embeddable":true,"href":"https:\/\/onlinehardwareshop.de\/index.php\/wp-json\/wp\/v2\/brand?post=80973"},{"taxonomy":"product_brand","embeddable":true,"href":"https:\/\/onlinehardwareshop.de\/index.php\/wp-json\/wp\/v2\/product_brand?post=80973"},{"taxonomy":"product_cat","embeddable":true,"href":"https:\/\/onlinehardwareshop.de\/index.php\/wp-json\/wp\/v2\/product_cat?post=80973"},{"taxonomy":"product_tag","embeddable":true,"href":"https:\/\/onlinehardwareshop.de\/index.php\/wp-json\/wp\/v2\/product_tag?post=80973"}],"curies":[{"name":"wp","href":"https:\/\/api.w.org\/{rel}","templated":true}]}}