{"id":80943,"date":"2024-08-08T03:42:34","date_gmt":"2024-08-08T03:42:34","guid":{"rendered":"https:\/\/onlinehardwareshop.de\/index.php\/produkt\/kodak-bcs800-10x42-2\/"},"modified":"2025-05-14T13:55:26","modified_gmt":"2025-05-14T13:55:26","slug":"kodak-bcs800-10x42","status":"publish","type":"product","link":"https:\/\/onlinehardwareshop.de\/index.php\/produkt\/kodak-bcs800-10x42\/","title":{"rendered":"Kodak BCS800 10&#215;42"},"content":{"rendered":"<p>Das Kodak BCS800 10&#215;42 ist ein vielseitiges Fernglas. Die Objektive haben einen gro\u00dfen Durchmesser von 42 Millimetern. Hierdurch siehst du sogar bei wenig Licht scharfe, helle Bilder. Das ist in der D\u00e4mmerung und an einem bew\u00f6lkten Tag praktisch. Das Fernglas hat eine zehnfache Vergr\u00f6\u00dferung, sodass du Motive in der Ferne m\u00fchelos nahe heranholst. So siehst du dir beispielsweise ein Vogelnest in einem Baum an. Dank des breiten Sehfelds von 94 Metern folgst du einem sich bewegenden Motiv problemlos, zum Beispiel einem wegfliegenden Vogel. Die Objektive haben Gummi-Augenmuscheln, die f\u00fcr viel Komfort bei der Benutzung sorgen.<\/p>\n","protected":false},"excerpt":{"rendered":"<p>Das Kodak BCS800 10&#215;42 ist ein vielseitiges Fernglas. Die Objektive haben einen gro\u00dfen Durchmesser von 42 Millimetern. Hierdurch siehst du sogar bei wenig Licht scharfe, helle Bilder. Das ist in der D\u00e4mmerung und an einem bew\u00f6lkten Tag praktisch. Das Fernglas hat eine zehnfache Vergr\u00f6\u00dferung, sodass du Motive in der Ferne m\u00fchelos nahe heranholst. So siehst du dir beispielsweise ein Vogelnest in einem Baum an. Dank des breiten Sehfelds von 94 Metern folgst du einem sich bewegenden Motiv problemlos, zum Beispiel einem wegfliegenden Vogel. Die Objektive haben Gummi-Augenmuscheln, die f\u00fcr viel Komfort bei der Benutzung sorgen.<\/p>\n","protected":false},"featured_media":0,"comment_status":"closed","ping_status":"open","template":"","meta":{"_acf_changed":false},"brand":[7383],"product_brand":[],"product_cat":[448],"product_tag":[1304],"class_list":{"0":"post-80943","1":"product","2":"type-product","3":"status-publish","5":"brand-kodak","6":"product_cat-fernglser","7":"product_tag-dakkant-verrekijkers","8":"pa_condition-new","9":"pa_coolblue-de-verzending-morgen-gratis-geliefert","10":"pa_ean-22837","11":"pa_mpn-bcs800bk","13":"first","14":"instock","15":"product-type-external"},"acf":[],"_links":{"self":[{"href":"https:\/\/onlinehardwareshop.de\/index.php\/wp-json\/wp\/v2\/product\/80943","targetHints":{"allow":["GET"]}}],"collection":[{"href":"https:\/\/onlinehardwareshop.de\/index.php\/wp-json\/wp\/v2\/product"}],"about":[{"href":"https:\/\/onlinehardwareshop.de\/index.php\/wp-json\/wp\/v2\/types\/product"}],"replies":[{"embeddable":true,"href":"https:\/\/onlinehardwareshop.de\/index.php\/wp-json\/wp\/v2\/comments?post=80943"}],"wp:attachment":[{"href":"https:\/\/onlinehardwareshop.de\/index.php\/wp-json\/wp\/v2\/media?parent=80943"}],"wp:term":[{"taxonomy":"brand","embeddable":true,"href":"https:\/\/onlinehardwareshop.de\/index.php\/wp-json\/wp\/v2\/brand?post=80943"},{"taxonomy":"product_brand","embeddable":true,"href":"https:\/\/onlinehardwareshop.de\/index.php\/wp-json\/wp\/v2\/product_brand?post=80943"},{"taxonomy":"product_cat","embeddable":true,"href":"https:\/\/onlinehardwareshop.de\/index.php\/wp-json\/wp\/v2\/product_cat?post=80943"},{"taxonomy":"product_tag","embeddable":true,"href":"https:\/\/onlinehardwareshop.de\/index.php\/wp-json\/wp\/v2\/product_tag?post=80943"}],"curies":[{"name":"wp","href":"https:\/\/api.w.org\/{rel}","templated":true}]}}