{"id":80942,"date":"2024-11-03T03:13:14","date_gmt":"2024-11-03T03:13:14","guid":{"rendered":"https:\/\/onlinehardwareshop.de\/index.php\/produkt\/kodak-bcs600-12x32-2\/"},"modified":"2025-05-14T13:55:21","modified_gmt":"2025-05-14T13:55:21","slug":"kodak-bcs600-12x32","status":"publish","type":"product","link":"https:\/\/onlinehardwareshop.de\/index.php\/produkt\/kodak-bcs600-12x32\/","title":{"rendered":"Kodak BCS600 12&#215;32"},"content":{"rendered":"<p>Mit dem Kodak BCS600 12&#215;32 siehst du dir problemlos V\u00f6gel und andere Tiere an. Dieses Fernglas hat eine zw\u00f6lffache Vergr\u00f6\u00dferung. Dadurch holst du dir Motive in der Ferne problemlos nahe heran. So siehst du beispielsweise alle Details eines Rehs mit seinen Kitzen. Beide Objektive haben einen gro\u00dfen Durchmesser von 32 Millimetern, wodurch sie viel Licht hindurchlassen. Deshalb siehst du helle Bilder durch das Fernglas. Das ist praktisch, wenn du in der D\u00e4mmerung unterwegs bist. Das Fernglas hat ein kompaktes Format und wiegt nur 344 Gramm. Deswegen nimmst du es m\u00fchelos mit, zum  Beispiel auf Wanderungen oder in den Urlaub.<\/p>\n","protected":false},"excerpt":{"rendered":"<p>Mit dem Kodak BCS600 12&#215;32 siehst du dir problemlos V\u00f6gel und andere Tiere an. Dieses Fernglas hat eine zw\u00f6lffache Vergr\u00f6\u00dferung. Dadurch holst du dir Motive in der Ferne problemlos nahe heran. So siehst du beispielsweise alle Details eines Rehs mit seinen Kitzen. Beide Objektive haben einen gro\u00dfen Durchmesser von 32 Millimetern, wodurch sie viel Licht hindurchlassen. Deshalb siehst du helle Bilder durch das Fernglas. Das ist praktisch, wenn du in der D\u00e4mmerung unterwegs bist. Das Fernglas hat ein kompaktes Format und wiegt nur 344 Gramm. Deswegen nimmst du es m\u00fchelos mit, zum  Beispiel auf Wanderungen oder in den Urlaub.<\/p>\n","protected":false},"featured_media":0,"comment_status":"closed","ping_status":"open","template":"","meta":{"_acf_changed":false},"brand":[7383],"product_brand":[],"product_cat":[448],"product_tag":[1304],"class_list":{"0":"post-80942","1":"product","2":"type-product","3":"status-publish","5":"brand-kodak","6":"product_cat-fernglser","7":"product_tag-dakkant-verrekijkers","8":"pa_condition-new","9":"pa_coolblue-de-verzending-morgen-gratis-geliefert","10":"pa_ean-22835","11":"pa_mpn-bcs600bk","13":"first","14":"instock","15":"product-type-external"},"acf":[],"_links":{"self":[{"href":"https:\/\/onlinehardwareshop.de\/index.php\/wp-json\/wp\/v2\/product\/80942","targetHints":{"allow":["GET"]}}],"collection":[{"href":"https:\/\/onlinehardwareshop.de\/index.php\/wp-json\/wp\/v2\/product"}],"about":[{"href":"https:\/\/onlinehardwareshop.de\/index.php\/wp-json\/wp\/v2\/types\/product"}],"replies":[{"embeddable":true,"href":"https:\/\/onlinehardwareshop.de\/index.php\/wp-json\/wp\/v2\/comments?post=80942"}],"wp:attachment":[{"href":"https:\/\/onlinehardwareshop.de\/index.php\/wp-json\/wp\/v2\/media?parent=80942"}],"wp:term":[{"taxonomy":"brand","embeddable":true,"href":"https:\/\/onlinehardwareshop.de\/index.php\/wp-json\/wp\/v2\/brand?post=80942"},{"taxonomy":"product_brand","embeddable":true,"href":"https:\/\/onlinehardwareshop.de\/index.php\/wp-json\/wp\/v2\/product_brand?post=80942"},{"taxonomy":"product_cat","embeddable":true,"href":"https:\/\/onlinehardwareshop.de\/index.php\/wp-json\/wp\/v2\/product_cat?post=80942"},{"taxonomy":"product_tag","embeddable":true,"href":"https:\/\/onlinehardwareshop.de\/index.php\/wp-json\/wp\/v2\/product_tag?post=80942"}],"curies":[{"name":"wp","href":"https:\/\/api.w.org\/{rel}","templated":true}]}}