{"id":80912,"date":"2024-05-27T08:09:32","date_gmt":"2024-05-27T08:09:32","guid":{"rendered":"https:\/\/onlinehardwareshop.de\/index.php\/produkt\/turtle-beach-kone-ii-air-wireless-gaming-maus-wei-2\/"},"modified":"2025-05-14T13:52:47","modified_gmt":"2025-05-14T13:52:47","slug":"turtle-beach-kone-ii-air-wireless-gaming-maus-wei","status":"publish","type":"product","link":"https:\/\/onlinehardwareshop.de\/index.php\/produkt\/turtle-beach-kone-ii-air-wireless-gaming-maus-wei\/","title":{"rendered":"Turtle Beach Kone II AIR Wireless Gaming-Maus Wei&#xDF;"},"content":{"rendered":"<p>Mit der Turtle Beach Kone II AIR Wireless Gaming-Maus Wei\u00df bist du beim Spielen immer pr\u00e4zise. Dank des optischen Sensors mit 26.000\u00a0dpi schiebst du diese kabellose Gaming-Maus w\u00e4hrend eines schnellen Spiels ebenso schnell \u00fcber deinen Schreibtisch. So sind deine Reaktionen im Spiel immer pr\u00e4zise. Je h\u00f6her die dpi, desto pr\u00e4ziser spielst du. Die dpi l\u00e4sst sich au\u00dferdem beim Spielen anpassen. Mit der Easy Shift Funktion erweiterst du die sieben Tasten und das Scrollrad um bis zu 21 anpassbare Funktionen und hast so alle Tasten zur Hand. Du schlie\u00dft diese Gaming-Maus kabellos \u00fcber den USB-A-Dongle oder Bluetooth an und genie\u00dft vollkommene Bewegungsfreiheit beim Spielen. Diese kabellose Gaming-Maus hat eine Akkulaufzeit von 130 Stunden. Damit spielst du lange Sessions, ohne die Maus zwischendurch aufzuladen. Stelle die RGB-Beleuchtung \u00fcber die Swarm II Software ein und w\u00e4hle aus 16,8 Millionen Farben. So passt du die Gaming-Maus an dein Setup an.<\/p>\n","protected":false},"excerpt":{"rendered":"<p>Mit der Turtle Beach Kone II AIR Wireless Gaming-Maus Wei\u00df bist du beim Spielen immer pr\u00e4zise. Dank des optischen Sensors mit 26.000\u00a0dpi schiebst du diese kabellose Gaming-Maus w\u00e4hrend eines schnellen Spiels ebenso schnell \u00fcber deinen Schreibtisch. So sind deine Reaktionen im Spiel immer pr\u00e4zise. Je h\u00f6her die dpi, desto pr\u00e4ziser spielst du. Die dpi l\u00e4sst sich au\u00dferdem beim Spielen anpassen. Mit der Easy Shift Funktion erweiterst du die sieben Tasten und das Scrollrad um bis zu 21 anpassbare Funktionen und hast so alle Tasten zur Hand. Du schlie\u00dft diese Gaming-Maus kabellos \u00fcber den USB-A-Dongle oder Bluetooth an und genie\u00dft vollkommene Bewegungsfreiheit beim Spielen. Diese kabellose Gaming-Maus hat eine Akkulaufzeit von 130 Stunden. Damit spielst du lange Sessions, ohne die Maus zwischendurch aufzuladen. Stelle die RGB-Beleuchtung \u00fcber die Swarm II Software ein und w\u00e4hle aus 16,8 Millionen Farben. So passt du die Gaming-Maus an dein Setup an.<\/p>\n","protected":false},"featured_media":0,"comment_status":"closed","ping_status":"open","template":"","meta":{"_acf_changed":false},"brand":[20632],"product_brand":[],"product_cat":[33],"product_tag":[3752],"class_list":{"0":"post-80912","1":"product","2":"type-product","3":"status-publish","5":"brand-turtle-beach","6":"product_cat-muse","7":"product_tag-gaming-muizen","8":"pa_condition-new","9":"pa_coolblue-de-verzending-morgen-gratis-geliefert","10":"pa_ean-22771","11":"pa_mpn-tura45-bx-gand","13":"first","14":"instock","15":"product-type-external"},"acf":[],"_links":{"self":[{"href":"https:\/\/onlinehardwareshop.de\/index.php\/wp-json\/wp\/v2\/product\/80912","targetHints":{"allow":["GET"]}}],"collection":[{"href":"https:\/\/onlinehardwareshop.de\/index.php\/wp-json\/wp\/v2\/product"}],"about":[{"href":"https:\/\/onlinehardwareshop.de\/index.php\/wp-json\/wp\/v2\/types\/product"}],"replies":[{"embeddable":true,"href":"https:\/\/onlinehardwareshop.de\/index.php\/wp-json\/wp\/v2\/comments?post=80912"}],"wp:attachment":[{"href":"https:\/\/onlinehardwareshop.de\/index.php\/wp-json\/wp\/v2\/media?parent=80912"}],"wp:term":[{"taxonomy":"brand","embeddable":true,"href":"https:\/\/onlinehardwareshop.de\/index.php\/wp-json\/wp\/v2\/brand?post=80912"},{"taxonomy":"product_brand","embeddable":true,"href":"https:\/\/onlinehardwareshop.de\/index.php\/wp-json\/wp\/v2\/product_brand?post=80912"},{"taxonomy":"product_cat","embeddable":true,"href":"https:\/\/onlinehardwareshop.de\/index.php\/wp-json\/wp\/v2\/product_cat?post=80912"},{"taxonomy":"product_tag","embeddable":true,"href":"https:\/\/onlinehardwareshop.de\/index.php\/wp-json\/wp\/v2\/product_tag?post=80912"}],"curies":[{"name":"wp","href":"https:\/\/api.w.org\/{rel}","templated":true}]}}