{"id":80909,"date":"2024-08-19T17:53:48","date_gmt":"2024-08-19T17:53:48","guid":{"rendered":"https:\/\/onlinehardwareshop.de\/index.php\/produkt\/turtle-beach-kone-ii-wired-gaming-maus-schwarz-2\/"},"modified":"2025-05-14T13:52:32","modified_gmt":"2025-05-14T13:52:32","slug":"turtle-beach-kone-ii-wired-gaming-maus-schwarz","status":"publish","type":"product","link":"https:\/\/onlinehardwareshop.de\/index.php\/produkt\/turtle-beach-kone-ii-wired-gaming-maus-schwarz\/","title":{"rendered":"Turtle Beach Kone II Wired Gaming-Maus Schwarz"},"content":{"rendered":"<p>Mit der Turtle Beach Kone II Wired Gaming-Maus Schwarz hast du beim Zocken alle Tasten zur Hand. Dank des optischen Sensors mit 26.000\u00a0dpi schiebst du diese kabelgebundene Gaming-Maus w\u00e4hrend eines schnellen Spiels ebenso schnell \u00fcber deinen Schreibtisch. So sind deine Reaktionen im Spiel immer pr\u00e4zise. Je h\u00f6her die dpi, desto pr\u00e4ziser spielst du. Die dpi l\u00e4sst sich au\u00dferdem beim Spielen anpassen. Mit der Easy Shift Funktion erweiterst du die sieben Tasten und das Scrollrad um bis zu 23 anpassbare Funktionen und hast so alle Tasten zur Hand. Du schlie\u00dft diese kabelgebundene Maus \u00fcber ein USB-A-Kabel an. Die Maus ist damit Plug and Play und direkt einsatzbereit. Stelle die RGB-Beleuchtung \u00fcber die Swarm II Software selbst ein und w\u00e4hle aus 16,8 Millionen Farben. So passt du die Gaming-Maus an dein Setup an.<\/p>\n","protected":false},"excerpt":{"rendered":"<p>Mit der Turtle Beach Kone II Wired Gaming-Maus Schwarz hast du beim Zocken alle Tasten zur Hand. Dank des optischen Sensors mit 26.000\u00a0dpi schiebst du diese kabelgebundene Gaming-Maus w\u00e4hrend eines schnellen Spiels ebenso schnell \u00fcber deinen Schreibtisch. So sind deine Reaktionen im Spiel immer pr\u00e4zise. Je h\u00f6her die dpi, desto pr\u00e4ziser spielst du. Die dpi l\u00e4sst sich au\u00dferdem beim Spielen anpassen. Mit der Easy Shift Funktion erweiterst du die sieben Tasten und das Scrollrad um bis zu 23 anpassbare Funktionen und hast so alle Tasten zur Hand. Du schlie\u00dft diese kabelgebundene Maus \u00fcber ein USB-A-Kabel an. Die Maus ist damit Plug and Play und direkt einsatzbereit. Stelle die RGB-Beleuchtung \u00fcber die Swarm II Software selbst ein und w\u00e4hle aus 16,8 Millionen Farben. So passt du die Gaming-Maus an dein Setup an.<\/p>\n","protected":false},"featured_media":0,"comment_status":"closed","ping_status":"open","template":"","meta":{"_acf_changed":false},"brand":[20632],"product_brand":[],"product_cat":[33],"product_tag":[3752],"class_list":{"0":"post-80909","1":"product","2":"type-product","3":"status-publish","5":"brand-turtle-beach","6":"product_cat-muse","7":"product_tag-gaming-muizen","8":"pa_condition-new","9":"pa_coolblue-de-verzending-morgen-gratis-geliefert","10":"pa_ean-22763","11":"pa_mpn-tura45-bx-gana","13":"first","14":"instock","15":"product-type-external"},"acf":[],"_links":{"self":[{"href":"https:\/\/onlinehardwareshop.de\/index.php\/wp-json\/wp\/v2\/product\/80909","targetHints":{"allow":["GET"]}}],"collection":[{"href":"https:\/\/onlinehardwareshop.de\/index.php\/wp-json\/wp\/v2\/product"}],"about":[{"href":"https:\/\/onlinehardwareshop.de\/index.php\/wp-json\/wp\/v2\/types\/product"}],"replies":[{"embeddable":true,"href":"https:\/\/onlinehardwareshop.de\/index.php\/wp-json\/wp\/v2\/comments?post=80909"}],"wp:attachment":[{"href":"https:\/\/onlinehardwareshop.de\/index.php\/wp-json\/wp\/v2\/media?parent=80909"}],"wp:term":[{"taxonomy":"brand","embeddable":true,"href":"https:\/\/onlinehardwareshop.de\/index.php\/wp-json\/wp\/v2\/brand?post=80909"},{"taxonomy":"product_brand","embeddable":true,"href":"https:\/\/onlinehardwareshop.de\/index.php\/wp-json\/wp\/v2\/product_brand?post=80909"},{"taxonomy":"product_cat","embeddable":true,"href":"https:\/\/onlinehardwareshop.de\/index.php\/wp-json\/wp\/v2\/product_cat?post=80909"},{"taxonomy":"product_tag","embeddable":true,"href":"https:\/\/onlinehardwareshop.de\/index.php\/wp-json\/wp\/v2\/product_tag?post=80909"}],"curies":[{"name":"wp","href":"https:\/\/api.w.org\/{rel}","templated":true}]}}