{"id":80890,"date":"2024-08-29T22:35:57","date_gmt":"2024-08-29T22:35:57","guid":{"rendered":"https:\/\/onlinehardwareshop.de\/index.php\/produkt\/tolino-shine-b-w-schwarz-2\/"},"modified":"2025-05-14T13:51:01","modified_gmt":"2025-05-14T13:51:01","slug":"tolino-shine-b-w-schwarz","status":"publish","type":"product","link":"https:\/\/onlinehardwareshop.de\/index.php\/produkt\/tolino-shine-b-w-schwarz\/","title":{"rendered":"tolino shine B\/W Schwarz"},"content":{"rendered":"<p>Lies oder h\u00f6re unterwegs deine Lieblingsb\u00fccher mit dem tolino shine (5. Generation) B\/W Schwarz eBook-Reader. Der 6 Zoll gro\u00dfe Reader ist kompakt und leicht. Dadurch nimmst du ihn problemlos \u00fcberallhin mit. Dank smartLight Beleuchtung passt du die Helligkeit und Farbtemperatur an. Wechsle zum Beispiel von k\u00fchlem Licht am Morgen zu warmem Licht am Abend, um deine Augen zu schonen und besser einzuschlafen. Bei Tageslicht schaltest du die Beleuchtung auch ganz aus und verl\u00e4ngerst so die Akkulaufzeit. Da der tolino shine eBook-Reader wasserfest ist, liest du auch sorglos am Strand oder in der Badewanne. Hast du gerade keine Lust zu lesen? \u00dcber kabellose Kopfh\u00f6rer h\u00f6rst du auch H\u00f6rb\u00fccher.<\/p>\n","protected":false},"excerpt":{"rendered":"<p>Lies oder h\u00f6re unterwegs deine Lieblingsb\u00fccher mit dem tolino shine (5. Generation) B\/W Schwarz eBook-Reader. Der 6 Zoll gro\u00dfe Reader ist kompakt und leicht. Dadurch nimmst du ihn problemlos \u00fcberallhin mit. Dank smartLight Beleuchtung passt du die Helligkeit und Farbtemperatur an. Wechsle zum Beispiel von k\u00fchlem Licht am Morgen zu warmem Licht am Abend, um deine Augen zu schonen und besser einzuschlafen. Bei Tageslicht schaltest du die Beleuchtung auch ganz aus und verl\u00e4ngerst so die Akkulaufzeit. Da der tolino shine eBook-Reader wasserfest ist, liest du auch sorglos am Strand oder in der Badewanne. Hast du gerade keine Lust zu lesen? \u00dcber kabellose Kopfh\u00f6rer h\u00f6rst du auch H\u00f6rb\u00fccher.<\/p>\n","protected":false},"featured_media":0,"comment_status":"closed","ping_status":"open","template":"","meta":{"_acf_changed":false},"brand":[23320],"product_brand":[],"product_cat":[8609],"product_tag":[8610],"class_list":{"0":"post-80890","1":"product","2":"type-product","3":"status-publish","5":"brand-tolino","6":"product_cat-ebook-reader","7":"product_tag-e-readers","8":"pa_condition-new","9":"pa_coolblue-de-verzending-morgen-gratis-geliefert","10":"pa_ean-29946","11":"pa_mpn-29947","13":"first","14":"instock","15":"product-type-external"},"acf":[],"_links":{"self":[{"href":"https:\/\/onlinehardwareshop.de\/index.php\/wp-json\/wp\/v2\/product\/80890","targetHints":{"allow":["GET"]}}],"collection":[{"href":"https:\/\/onlinehardwareshop.de\/index.php\/wp-json\/wp\/v2\/product"}],"about":[{"href":"https:\/\/onlinehardwareshop.de\/index.php\/wp-json\/wp\/v2\/types\/product"}],"replies":[{"embeddable":true,"href":"https:\/\/onlinehardwareshop.de\/index.php\/wp-json\/wp\/v2\/comments?post=80890"}],"wp:attachment":[{"href":"https:\/\/onlinehardwareshop.de\/index.php\/wp-json\/wp\/v2\/media?parent=80890"}],"wp:term":[{"taxonomy":"brand","embeddable":true,"href":"https:\/\/onlinehardwareshop.de\/index.php\/wp-json\/wp\/v2\/brand?post=80890"},{"taxonomy":"product_brand","embeddable":true,"href":"https:\/\/onlinehardwareshop.de\/index.php\/wp-json\/wp\/v2\/product_brand?post=80890"},{"taxonomy":"product_cat","embeddable":true,"href":"https:\/\/onlinehardwareshop.de\/index.php\/wp-json\/wp\/v2\/product_cat?post=80890"},{"taxonomy":"product_tag","embeddable":true,"href":"https:\/\/onlinehardwareshop.de\/index.php\/wp-json\/wp\/v2\/product_tag?post=80890"}],"curies":[{"name":"wp","href":"https:\/\/api.w.org\/{rel}","templated":true}]}}