{"id":80885,"date":"2025-04-12T12:33:21","date_gmt":"2025-04-12T12:33:21","guid":{"rendered":"https:\/\/onlinehardwareshop.de\/index.php\/produkt\/dewalt-dch273nt-xj-ohne-akku-2\/"},"modified":"2025-05-14T13:50:37","modified_gmt":"2025-05-14T13:50:37","slug":"dewalt-dch273nt-xj-ohne-akku","status":"publish","type":"product","link":"https:\/\/onlinehardwareshop.de\/index.php\/produkt\/dewalt-dch273nt-xj-ohne-akku\/","title":{"rendered":"DeWalt DCH273NT-XJ (ohne Akku)"},"content":{"rendered":"<p>Mit dem DeWalt DCH273NT-XJ Kombihammer (ohne Akku) bohrst du m\u00fchelos in Beton. Zus\u00e4tzlich mei\u00dfelst du dank des Drehstopps auch die Fliesen von der Badezimmerwand. Dank des Akkus (nicht im Lieferumfang enthalten) arbeitest du \u00fcberall im Haus, auch wenn keine Steckdose vorhanden ist. Mit einer Schlagkraft von 2,1 Joule bohrst du L\u00f6cher von bis zu 24\u00a0mm Durchmesser und bew\u00e4ltigst somit auch mittelgro\u00dfe Arbeiten. Der verstellbare Seitengriff gibt dir dabei mehr Kontrolle \u00fcber den Kombihammer. Fertig mit Werkeln? Dann verstaust du den Kombihammer im stapelbaren TSTAK Aufbewahrungskoffer. Wenn du bereits einen Akku aus dem DeWalt XR 18V Akkusystem zu Hause hast, dann l\u00e4sst sich dieser Akku auch mit dem DCH273NT-XJ (ohne Akku) verwenden.<\/p>\n","protected":false},"excerpt":{"rendered":"<p>Mit dem DeWalt DCH273NT-XJ Kombihammer (ohne Akku) bohrst du m\u00fchelos in Beton. Zus\u00e4tzlich mei\u00dfelst du dank des Drehstopps auch die Fliesen von der Badezimmerwand. Dank des Akkus (nicht im Lieferumfang enthalten) arbeitest du \u00fcberall im Haus, auch wenn keine Steckdose vorhanden ist. Mit einer Schlagkraft von 2,1 Joule bohrst du L\u00f6cher von bis zu 24\u00a0mm Durchmesser und bew\u00e4ltigst somit auch mittelgro\u00dfe Arbeiten. Der verstellbare Seitengriff gibt dir dabei mehr Kontrolle \u00fcber den Kombihammer. Fertig mit Werkeln? Dann verstaust du den Kombihammer im stapelbaren TSTAK Aufbewahrungskoffer. Wenn du bereits einen Akku aus dem DeWalt XR 18V Akkusystem zu Hause hast, dann l\u00e4sst sich dieser Akku auch mit dem DCH273NT-XJ (ohne Akku) verwenden.<\/p>\n","protected":false},"featured_media":0,"comment_status":"closed","ping_status":"open","template":"","meta":{"_acf_changed":false},"brand":[980],"product_brand":[],"product_cat":[261],"product_tag":[262],"class_list":{"0":"post-80885","1":"product","2":"type-product","3":"status-publish","5":"brand-dewalt","6":"product_cat-bohrmaschinen","7":"product_tag-boorhamers","8":"pa_condition-new","9":"pa_coolblue-de-verzending-morgen-gratis-geliefert","10":"pa_ean-22724","11":"pa_mpn-dch273nt-xj","13":"first","14":"instock","15":"product-type-external"},"acf":[],"_links":{"self":[{"href":"https:\/\/onlinehardwareshop.de\/index.php\/wp-json\/wp\/v2\/product\/80885","targetHints":{"allow":["GET"]}}],"collection":[{"href":"https:\/\/onlinehardwareshop.de\/index.php\/wp-json\/wp\/v2\/product"}],"about":[{"href":"https:\/\/onlinehardwareshop.de\/index.php\/wp-json\/wp\/v2\/types\/product"}],"replies":[{"embeddable":true,"href":"https:\/\/onlinehardwareshop.de\/index.php\/wp-json\/wp\/v2\/comments?post=80885"}],"wp:attachment":[{"href":"https:\/\/onlinehardwareshop.de\/index.php\/wp-json\/wp\/v2\/media?parent=80885"}],"wp:term":[{"taxonomy":"brand","embeddable":true,"href":"https:\/\/onlinehardwareshop.de\/index.php\/wp-json\/wp\/v2\/brand?post=80885"},{"taxonomy":"product_brand","embeddable":true,"href":"https:\/\/onlinehardwareshop.de\/index.php\/wp-json\/wp\/v2\/product_brand?post=80885"},{"taxonomy":"product_cat","embeddable":true,"href":"https:\/\/onlinehardwareshop.de\/index.php\/wp-json\/wp\/v2\/product_cat?post=80885"},{"taxonomy":"product_tag","embeddable":true,"href":"https:\/\/onlinehardwareshop.de\/index.php\/wp-json\/wp\/v2\/product_tag?post=80885"}],"curies":[{"name":"wp","href":"https:\/\/api.w.org\/{rel}","templated":true}]}}