{"id":80846,"date":"2025-02-19T03:36:41","date_gmt":"2025-02-19T03:36:41","guid":{"rendered":"https:\/\/onlinehardwareshop.de\/index.php\/produkt\/bose-quietcomfort-headphones-sc-ladegert-2\/"},"modified":"2025-05-14T13:47:31","modified_gmt":"2025-05-14T13:47:31","slug":"bose-quietcomfort-headphones-sc-ladegert","status":"publish","type":"product","link":"https:\/\/onlinehardwareshop.de\/index.php\/produkt\/bose-quietcomfort-headphones-sc-ladegert\/","title":{"rendered":"Bose QuietComfort Headphones SC + Ladeger&#xE4;t"},"content":{"rendered":"<p>Mit dem Set aus Bose QuietComfort Headphones SC + Ladeger\u00e4t legst du dir einen Kopfh\u00f6rer mit gutem Noise Cancelling zu, den du \u00fcberall aufl\u00e4dst. Dank Noise Cancelling h\u00f6rst du weniger von deiner Umgebung, sodass du deine Musik ohne st\u00f6rende Ger\u00e4usche genie\u00dft. Die Wind Block Technologie unterdr\u00fcckt das Rauschen des Windes stark. Dadurch h\u00f6rst du kein Rauschen, wenn du im Freien Musik h\u00f6rst. Hast du eine Bose Soundbar? Mit SimpleSync l\u00e4sst sich der Bose Kopfh\u00f6rer an die Soundbar anschlie\u00dfen, sodass du zum Beispiel Serien und Filme auf Netflix \u00fcber den Kopfh\u00f6rer h\u00f6rst. Mit der Bose Music App lassen sich die Musikeinstellungen zudem individuell anpassen, zum Beispiel die B\u00e4sse und H\u00f6hen. Dadurch h\u00f6rst du deine Lieblingsmusik so, wie du sie h\u00f6ren m\u00f6chtest. Mit einer Akkulaufzeit von 24 Stunden h\u00f6rst du sorglos den ganzen Tag Musik.   Hinweis: Zu diesem Kopfh\u00f6rer erh\u00e4ltst du ein weiches Transportetui. Dieses Softcase sch\u00fctzt weniger gut vor St\u00fcrzen und St\u00f6\u00dfen als ein Hardcase.<\/p>\n","protected":false},"excerpt":{"rendered":"<p>Mit dem Set aus Bose QuietComfort Headphones SC + Ladeger\u00e4t legst du dir einen Kopfh\u00f6rer mit gutem Noise Cancelling zu, den du \u00fcberall aufl\u00e4dst. Dank Noise Cancelling h\u00f6rst du weniger von deiner Umgebung, sodass du deine Musik ohne st\u00f6rende Ger\u00e4usche genie\u00dft. Die Wind Block Technologie unterdr\u00fcckt das Rauschen des Windes stark. Dadurch h\u00f6rst du kein Rauschen, wenn du im Freien Musik h\u00f6rst. Hast du eine Bose Soundbar? Mit SimpleSync l\u00e4sst sich der Bose Kopfh\u00f6rer an die Soundbar anschlie\u00dfen, sodass du zum Beispiel Serien und Filme auf Netflix \u00fcber den Kopfh\u00f6rer h\u00f6rst. Mit der Bose Music App lassen sich die Musikeinstellungen zudem individuell anpassen, zum Beispiel die B\u00e4sse und H\u00f6hen. Dadurch h\u00f6rst du deine Lieblingsmusik so, wie du sie h\u00f6ren m\u00f6chtest. Mit einer Akkulaufzeit von 24 Stunden h\u00f6rst du sorglos den ganzen Tag Musik.   Hinweis: Zu diesem Kopfh\u00f6rer erh\u00e4ltst du ein weiches Transportetui. Dieses Softcase sch\u00fctzt weniger gut vor St\u00fcrzen und St\u00f6\u00dfen als ein Hardcase.<\/p>\n","protected":false},"featured_media":0,"comment_status":"closed","ping_status":"open","template":"","meta":{"_acf_changed":false},"brand":[3092],"product_brand":[],"product_cat":[1182],"product_tag":[5609],"class_list":{"0":"post-80846","1":"product","2":"type-product","3":"status-publish","5":"brand-bose","6":"product_cat-kopfhrer","7":"product_tag-hoofdtelefoons-met-noisecancelling","8":"pa_condition-new","9":"pa_coolblue-de-verzending-morgen-gratis-geliefert","10":"pa_ean-22655","12":"first","13":"instock","14":"product-type-external"},"acf":[],"_links":{"self":[{"href":"https:\/\/onlinehardwareshop.de\/index.php\/wp-json\/wp\/v2\/product\/80846","targetHints":{"allow":["GET"]}}],"collection":[{"href":"https:\/\/onlinehardwareshop.de\/index.php\/wp-json\/wp\/v2\/product"}],"about":[{"href":"https:\/\/onlinehardwareshop.de\/index.php\/wp-json\/wp\/v2\/types\/product"}],"replies":[{"embeddable":true,"href":"https:\/\/onlinehardwareshop.de\/index.php\/wp-json\/wp\/v2\/comments?post=80846"}],"wp:attachment":[{"href":"https:\/\/onlinehardwareshop.de\/index.php\/wp-json\/wp\/v2\/media?parent=80846"}],"wp:term":[{"taxonomy":"brand","embeddable":true,"href":"https:\/\/onlinehardwareshop.de\/index.php\/wp-json\/wp\/v2\/brand?post=80846"},{"taxonomy":"product_brand","embeddable":true,"href":"https:\/\/onlinehardwareshop.de\/index.php\/wp-json\/wp\/v2\/product_brand?post=80846"},{"taxonomy":"product_cat","embeddable":true,"href":"https:\/\/onlinehardwareshop.de\/index.php\/wp-json\/wp\/v2\/product_cat?post=80846"},{"taxonomy":"product_tag","embeddable":true,"href":"https:\/\/onlinehardwareshop.de\/index.php\/wp-json\/wp\/v2\/product_tag?post=80846"}],"curies":[{"name":"wp","href":"https:\/\/api.w.org\/{rel}","templated":true}]}}