{"id":80776,"date":"2024-11-26T08:23:11","date_gmt":"2024-11-26T08:23:11","guid":{"rendered":"https:\/\/onlinehardwareshop.de\/index.php\/produkt\/hp-laserjet-pro-mfp-4102fdw-1-zustzlicher-schwarzer-toner-2\/"},"modified":"2025-05-14T13:41:56","modified_gmt":"2025-05-14T13:41:56","slug":"hp-laserjet-pro-mfp-4102fdw-1-zustzlicher-schwarzer-toner","status":"publish","type":"product","link":"https:\/\/onlinehardwareshop.de\/index.php\/produkt\/hp-laserjet-pro-mfp-4102fdw-1-zustzlicher-schwarzer-toner\/","title":{"rendered":"HP LaserJet Pro MFP 4102fdw + 1 zus&#xE4;tzlicher schwarzer Toner"},"content":{"rendered":"<p>Mit diesem Set aus HP LaserJet Pro MFP 4102fdw + 1 zus\u00e4tzlichen schwarzen Toner hast du f\u00fcrs Erste gen\u00fcgend Tinte f\u00fcr all deine Schwarz-Wei\u00df-Dokumente. Mit dem HP LaserJet Pro MFP 4102fdw Laserdrucker lassen sich ganze Stapel von Dokumenten drucken, scannen und kopieren. Mit einer Druckgeschwindigkeit von bis zu 40 Schwarz-Wei\u00df-Seiten pro Minute eignet sich dieser Drucker f\u00fcr kleine und mittelgro\u00dfe Unternehmen. So druckst du schnell umfangreiche Arbeitsunterlagen aus. M\u00f6chtest du Papier sparen? Dann drucke automatisch beidseitig. Deine Druckauftr\u00e4ge sendest du mit Apple AirPrint oder Wi-Fi Direct bequem von deinem B\u00fcrostuhl aus. Mit Wi-Fi Direct verbindest du deinen Laptop zudem ganz ohne Modem mit dem Drucker. Wenn du mal kein Internet hast, verbindest du den Drucker einfach \u00fcber ein Kabel mit deinem PC.   Drucker mit dynamischer Sicherheit  Bestimmte HP-Drucker sind daf\u00fcr ausgelegt, nur mit Patronen zu funktionieren, die neue oder wiederverwendete HP-Chips oder elektronische HP-Schaltkreise aufweisen. Diese Drucker nutzen dynamische Sicherheitsfunktionen, um Patronen zu blockieren, die mit einem Chip oder einer elektronischen Schaltung ausgestattet sind, die nicht von HP stammen. Die Wirksamkeit dieser Funktionen wird durch regelm\u00e4\u00dfige Firmware-Updates garantiert, sodass auch Patronen blockiert werden, die fr\u00fcher durchaus funktioniert haben. Wiederverwendete HP-Chips und elektronische HP-Schaltungen erm\u00f6glichen die Nutzung wiederverwendeter, recycelter und neu bef\u00fcllter Patronen.<\/p>\n","protected":false},"excerpt":{"rendered":"<p>Mit diesem Set aus HP LaserJet Pro MFP 4102fdw + 1 zus\u00e4tzlichen schwarzen Toner hast du f\u00fcrs Erste gen\u00fcgend Tinte f\u00fcr all deine Schwarz-Wei\u00df-Dokumente. Mit dem HP LaserJet Pro MFP 4102fdw Laserdrucker lassen sich ganze Stapel von Dokumenten drucken, scannen und kopieren. Mit einer Druckgeschwindigkeit von bis zu 40 Schwarz-Wei\u00df-Seiten pro Minute eignet sich dieser Drucker f\u00fcr kleine und mittelgro\u00dfe Unternehmen. So druckst du schnell umfangreiche Arbeitsunterlagen aus. M\u00f6chtest du Papier sparen? Dann drucke automatisch beidseitig. Deine Druckauftr\u00e4ge sendest du mit Apple AirPrint oder Wi-Fi Direct bequem von deinem B\u00fcrostuhl aus. Mit Wi-Fi Direct verbindest du deinen Laptop zudem ganz ohne Modem mit dem Drucker. Wenn du mal kein Internet hast, verbindest du den Drucker einfach \u00fcber ein Kabel mit deinem PC.   Drucker mit dynamischer Sicherheit  Bestimmte HP-Drucker sind daf\u00fcr ausgelegt, nur mit Patronen zu funktionieren, die neue oder wiederverwendete HP-Chips oder elektronische HP-Schaltkreise aufweisen. Diese Drucker nutzen dynamische Sicherheitsfunktionen, um Patronen zu blockieren, die mit einem Chip oder einer elektronischen Schaltung ausgestattet sind, die nicht von HP stammen. Die Wirksamkeit dieser Funktionen wird durch regelm\u00e4\u00dfige Firmware-Updates garantiert, sodass auch Patronen blockiert werden, die fr\u00fcher durchaus funktioniert haben. Wiederverwendete HP-Chips und elektronische HP-Schaltungen erm\u00f6glichen die Nutzung wiederverwendeter, recycelter und neu bef\u00fcllter Patronen.<\/p>\n","protected":false},"featured_media":0,"comment_status":"closed","ping_status":"open","template":"","meta":{"_acf_changed":false},"brand":[90],"product_brand":[],"product_cat":[2205],"product_tag":[4823],"class_list":{"0":"post-80776","1":"product","2":"type-product","3":"status-publish","5":"brand-hp","6":"product_cat-drucker","7":"product_tag-laserprinters","8":"pa_condition-new","9":"pa_coolblue-de-verzending-morgen-gratis-geliefert","10":"pa_ean-22510","12":"first","13":"instock","14":"product-type-external"},"acf":[],"_links":{"self":[{"href":"https:\/\/onlinehardwareshop.de\/index.php\/wp-json\/wp\/v2\/product\/80776","targetHints":{"allow":["GET"]}}],"collection":[{"href":"https:\/\/onlinehardwareshop.de\/index.php\/wp-json\/wp\/v2\/product"}],"about":[{"href":"https:\/\/onlinehardwareshop.de\/index.php\/wp-json\/wp\/v2\/types\/product"}],"replies":[{"embeddable":true,"href":"https:\/\/onlinehardwareshop.de\/index.php\/wp-json\/wp\/v2\/comments?post=80776"}],"wp:attachment":[{"href":"https:\/\/onlinehardwareshop.de\/index.php\/wp-json\/wp\/v2\/media?parent=80776"}],"wp:term":[{"taxonomy":"brand","embeddable":true,"href":"https:\/\/onlinehardwareshop.de\/index.php\/wp-json\/wp\/v2\/brand?post=80776"},{"taxonomy":"product_brand","embeddable":true,"href":"https:\/\/onlinehardwareshop.de\/index.php\/wp-json\/wp\/v2\/product_brand?post=80776"},{"taxonomy":"product_cat","embeddable":true,"href":"https:\/\/onlinehardwareshop.de\/index.php\/wp-json\/wp\/v2\/product_cat?post=80776"},{"taxonomy":"product_tag","embeddable":true,"href":"https:\/\/onlinehardwareshop.de\/index.php\/wp-json\/wp\/v2\/product_tag?post=80776"}],"curies":[{"name":"wp","href":"https:\/\/api.w.org\/{rel}","templated":true}]}}