{"id":80756,"date":"2024-03-15T10:42:44","date_gmt":"2024-03-15T10:42:44","guid":{"rendered":"https:\/\/onlinehardwareshop.de\/index.php\/produkt\/greenpan-evolution-bratpfanne-24cm-schwarz-2\/"},"modified":"2025-05-14T13:40:01","modified_gmt":"2025-05-14T13:40:01","slug":"greenpan-evolution-bratpfanne-24cm-schwarz","status":"publish","type":"product","link":"https:\/\/onlinehardwareshop.de\/index.php\/produkt\/greenpan-evolution-bratpfanne-24cm-schwarz\/","title":{"rendered":"GreenPan Evolution Bratpfanne 24&#xA0;cm Schwarz"},"content":{"rendered":"<p>Mit der GreenPan Evolution Bratpfanne 24\u00a0cm Schwarz br\u00e4tst du deine Kartoffeln besonders umweltfreundlich. Diese Pfanne besteht n\u00e4mlich zu 100 Prozent aus recyceltem Aluminium. Mit dem mitgelieferten Inbusschl\u00fcssel drehst du den abnehmbaren Griff ganz einfach an der Pfanne fest. Die Keramikbeschichtung nutzt sich weniger schnell ab als eine herk\u00f6mmliche Antihaftbeschichtung. Super, denn so h\u00e4lt die Pfanne l\u00e4nger. Die Keramikbeschichtung h\u00e4lt au\u00dferdem hohen Temperaturen stand. So werden deine Zutaten schnell kross. Fertig mit Braten? Dann stelle die Pfanne in die Sp\u00fclmaschine.<\/p>\n","protected":false},"excerpt":{"rendered":"<p>Mit der GreenPan Evolution Bratpfanne 24\u00a0cm Schwarz br\u00e4tst du deine Kartoffeln besonders umweltfreundlich. Diese Pfanne besteht n\u00e4mlich zu 100 Prozent aus recyceltem Aluminium. Mit dem mitgelieferten Inbusschl\u00fcssel drehst du den abnehmbaren Griff ganz einfach an der Pfanne fest. Die Keramikbeschichtung nutzt sich weniger schnell ab als eine herk\u00f6mmliche Antihaftbeschichtung. Super, denn so h\u00e4lt die Pfanne l\u00e4nger. Die Keramikbeschichtung h\u00e4lt au\u00dferdem hohen Temperaturen stand. So werden deine Zutaten schnell kross. Fertig mit Braten? Dann stelle die Pfanne in die Sp\u00fclmaschine.<\/p>\n","protected":false},"featured_media":0,"comment_status":"closed","ping_status":"open","template":"","meta":{"_acf_changed":false},"brand":[3971],"product_brand":[],"product_cat":[372],"product_tag":[384],"class_list":{"0":"post-80756","1":"product","2":"type-product","3":"status-publish","5":"brand-greenpan","6":"product_cat-tpfe-und-pfannen","7":"product_tag-koekenpannen","8":"pa_condition-new","9":"pa_coolblue-de-verzending-morgen-gratis-geliefert","10":"pa_ean-22465","11":"pa_mpn-cc006386-001","13":"first","14":"instock","15":"product-type-external"},"acf":[],"_links":{"self":[{"href":"https:\/\/onlinehardwareshop.de\/index.php\/wp-json\/wp\/v2\/product\/80756","targetHints":{"allow":["GET"]}}],"collection":[{"href":"https:\/\/onlinehardwareshop.de\/index.php\/wp-json\/wp\/v2\/product"}],"about":[{"href":"https:\/\/onlinehardwareshop.de\/index.php\/wp-json\/wp\/v2\/types\/product"}],"replies":[{"embeddable":true,"href":"https:\/\/onlinehardwareshop.de\/index.php\/wp-json\/wp\/v2\/comments?post=80756"}],"wp:attachment":[{"href":"https:\/\/onlinehardwareshop.de\/index.php\/wp-json\/wp\/v2\/media?parent=80756"}],"wp:term":[{"taxonomy":"brand","embeddable":true,"href":"https:\/\/onlinehardwareshop.de\/index.php\/wp-json\/wp\/v2\/brand?post=80756"},{"taxonomy":"product_brand","embeddable":true,"href":"https:\/\/onlinehardwareshop.de\/index.php\/wp-json\/wp\/v2\/product_brand?post=80756"},{"taxonomy":"product_cat","embeddable":true,"href":"https:\/\/onlinehardwareshop.de\/index.php\/wp-json\/wp\/v2\/product_cat?post=80756"},{"taxonomy":"product_tag","embeddable":true,"href":"https:\/\/onlinehardwareshop.de\/index.php\/wp-json\/wp\/v2\/product_tag?post=80756"}],"curies":[{"name":"wp","href":"https:\/\/api.w.org\/{rel}","templated":true}]}}