{"id":80754,"date":"2024-01-06T17:24:23","date_gmt":"2024-01-06T17:24:23","guid":{"rendered":"https:\/\/onlinehardwareshop.de\/index.php\/produkt\/brother-mfcj4340dwe-1-satz-reservetinte-2\/"},"modified":"2025-05-14T13:39:57","modified_gmt":"2025-05-14T13:39:57","slug":"brother-mfcj4340dwe-1-satz-reservetinte","status":"publish","type":"product","link":"https:\/\/onlinehardwareshop.de\/index.php\/produkt\/brother-mfcj4340dwe-1-satz-reservetinte\/","title":{"rendered":"Brother MFCJ4340DWE + 1 Satz Reservetinte"},"content":{"rendered":"<p>Hole dir mit diesem Set aus Brother MFCJ4340DWE + 1 Satz Reservetinte direkt einen Tintenvorrat zu deinem Drucker dazu. Du druckst, scannst, kopierst und faxt alle deine Dokumente mit dem 4-in-1-Farbtintenstrahldrucker Brother MFCJ4340DW. Mit diesem Drucker druckst du bis zu 35 Seiten pro Minute in Schwarz-Wei\u00df oder 29 pro Minute in Farbe. Du f\u00fcllst die Papierkassette mit bis zu 150 B\u00f6gen Papier. Dank des automatischen Dokumenteneinzugs kopierst und scannst du auch schneller. Dort legst du pro Vorgang bis zu 20 B\u00f6gen Papier ein. Sende deine Druckauftr\u00e4ge einfach \u00fcber die Brother Mobile Connect App, Wi-Fi Direct oder Apple AirPrint. Du liest die Tintenmenge im Drucker vom LCD-Farbdisplay ab.    Geeignet f\u00fcr Brother EcoPro  Dieser Drucker eignet sich f\u00fcr Brother EcoPro, das g\u00fcnstige Tintenabonnement von Brother. Du erh\u00e4ltst automatisch Patronen, wenn deine aktuellen Patronen leer sind. Leere Patronen schickst du kostenlos zur\u00fcck. Au\u00dferdem bekommst du eine fortlaufende Garantie f\u00fcr deinen Drucker. Probiere Brother EcoPro f\u00fcr einen sechsmonatigen Testzeitraum kostenlos aus. M\u00f6chtest du mehr \u00fcber EcoPro erfahren? Dann sieh dir unseren Beratungsartikel an.<\/p>\n","protected":false},"excerpt":{"rendered":"<p>Hole dir mit diesem Set aus Brother MFCJ4340DWE + 1 Satz Reservetinte direkt einen Tintenvorrat zu deinem Drucker dazu. Du druckst, scannst, kopierst und faxt alle deine Dokumente mit dem 4-in-1-Farbtintenstrahldrucker Brother MFCJ4340DW. Mit diesem Drucker druckst du bis zu 35 Seiten pro Minute in Schwarz-Wei\u00df oder 29 pro Minute in Farbe. Du f\u00fcllst die Papierkassette mit bis zu 150 B\u00f6gen Papier. Dank des automatischen Dokumenteneinzugs kopierst und scannst du auch schneller. Dort legst du pro Vorgang bis zu 20 B\u00f6gen Papier ein. Sende deine Druckauftr\u00e4ge einfach \u00fcber die Brother Mobile Connect App, Wi-Fi Direct oder Apple AirPrint. Du liest die Tintenmenge im Drucker vom LCD-Farbdisplay ab.    Geeignet f\u00fcr Brother EcoPro  Dieser Drucker eignet sich f\u00fcr Brother EcoPro, das g\u00fcnstige Tintenabonnement von Brother. Du erh\u00e4ltst automatisch Patronen, wenn deine aktuellen Patronen leer sind. Leere Patronen schickst du kostenlos zur\u00fcck. Au\u00dferdem bekommst du eine fortlaufende Garantie f\u00fcr deinen Drucker. Probiere Brother EcoPro f\u00fcr einen sechsmonatigen Testzeitraum kostenlos aus. M\u00f6chtest du mehr \u00fcber EcoPro erfahren? Dann sieh dir unseren Beratungsartikel an.<\/p>\n","protected":false},"featured_media":0,"comment_status":"closed","ping_status":"open","template":"","meta":{"_acf_changed":false},"brand":[164],"product_brand":[],"product_cat":[2205],"product_tag":[2206],"class_list":{"0":"post-80754","1":"product","2":"type-product","3":"status-publish","5":"brand-brother","6":"product_cat-drucker","7":"product_tag-inkjetprinters","8":"pa_condition-new","9":"pa_coolblue-de-verzending-morgen-gratis-geliefert","10":"pa_ean-27077","12":"first","13":"instock","14":"product-type-external"},"acf":[],"_links":{"self":[{"href":"https:\/\/onlinehardwareshop.de\/index.php\/wp-json\/wp\/v2\/product\/80754","targetHints":{"allow":["GET"]}}],"collection":[{"href":"https:\/\/onlinehardwareshop.de\/index.php\/wp-json\/wp\/v2\/product"}],"about":[{"href":"https:\/\/onlinehardwareshop.de\/index.php\/wp-json\/wp\/v2\/types\/product"}],"replies":[{"embeddable":true,"href":"https:\/\/onlinehardwareshop.de\/index.php\/wp-json\/wp\/v2\/comments?post=80754"}],"wp:attachment":[{"href":"https:\/\/onlinehardwareshop.de\/index.php\/wp-json\/wp\/v2\/media?parent=80754"}],"wp:term":[{"taxonomy":"brand","embeddable":true,"href":"https:\/\/onlinehardwareshop.de\/index.php\/wp-json\/wp\/v2\/brand?post=80754"},{"taxonomy":"product_brand","embeddable":true,"href":"https:\/\/onlinehardwareshop.de\/index.php\/wp-json\/wp\/v2\/product_brand?post=80754"},{"taxonomy":"product_cat","embeddable":true,"href":"https:\/\/onlinehardwareshop.de\/index.php\/wp-json\/wp\/v2\/product_cat?post=80754"},{"taxonomy":"product_tag","embeddable":true,"href":"https:\/\/onlinehardwareshop.de\/index.php\/wp-json\/wp\/v2\/product_tag?post=80754"}],"curies":[{"name":"wp","href":"https:\/\/api.w.org\/{rel}","templated":true}]}}