{"id":80753,"date":"2025-01-02T08:15:07","date_gmt":"2025-01-02T08:15:07","guid":{"rendered":"https:\/\/onlinehardwareshop.de\/index.php\/produkt\/brother-hl-l2400dwe-1-zustzlicher-schwarzer-toner-2\/"},"modified":"2025-05-14T13:39:52","modified_gmt":"2025-05-14T13:39:52","slug":"brother-hl-l2400dwe-1-zustzlicher-schwarzer-toner","status":"publish","type":"product","link":"https:\/\/onlinehardwareshop.de\/index.php\/produkt\/brother-hl-l2400dwe-1-zustzlicher-schwarzer-toner\/","title":{"rendered":"Brother HL-L2400DWE + 1 zus&#xE4;tzlicher schwarzer Toner"},"content":{"rendered":"<p>Mit diesem Set aus Brother HL-L2400DWE + 1 zus\u00e4tzlichen schwarzen Toner hast du genug Tinte f\u00fcr all deine Textdokumente. Der Brother HL-L2400DWE ist ein Laserdrucker f\u00fcr das Heimb\u00fcro oder das kleine Unternehmen. Du druckst mit einer Geschwindigkeit von 30 Schwarzwei\u00dfseiten pro Minute. Auf diese Weise druckst du kurz vor deinem Meeting noch schnell einen gro\u00dfen Arbeitsbericht aus. M\u00f6chtest du Papier sparen? Dann drucke automatisch auf beiden Seiten. Du verschickst deine Druckauftr\u00e4ge kabellos von deinem Schreibtisch aus \u00fcber WiFi Direct, Apple AirPrint oder die Brother Mobile Connect App. Der Drucker wird mit separater Trommel und Toner geliefert. Hast du schon ungef\u00e4hr 15.000 Seiten gedruckt? Tausche dann anschlie\u00dfend die Druckertrommel aus.    Geeignet f\u00fcr Brother EcoPro  Dieser Drucker eignet sich f\u00fcr Brother EcoPro, das Druckabonnement von Brother. Du bekommst automatisch Toner, wenn dir die Tinte ausgeht. Leere Toner gibst du kostenlos zur\u00fcck. Du bekommst au\u00dferdem eine laufende Garantie f\u00fcr deinen Drucker. Teste Brother EcoPro vier Monate lang kostenlos. Du m\u00f6chtest mehr \u00fcber EcoPro erfahren? Dann sieh dir unseren Beratungsartikel an.<\/p>\n","protected":false},"excerpt":{"rendered":"<p>Mit diesem Set aus Brother HL-L2400DWE + 1 zus\u00e4tzlichen schwarzen Toner hast du genug Tinte f\u00fcr all deine Textdokumente. Der Brother HL-L2400DWE ist ein Laserdrucker f\u00fcr das Heimb\u00fcro oder das kleine Unternehmen. Du druckst mit einer Geschwindigkeit von 30 Schwarzwei\u00dfseiten pro Minute. Auf diese Weise druckst du kurz vor deinem Meeting noch schnell einen gro\u00dfen Arbeitsbericht aus. M\u00f6chtest du Papier sparen? Dann drucke automatisch auf beiden Seiten. Du verschickst deine Druckauftr\u00e4ge kabellos von deinem Schreibtisch aus \u00fcber WiFi Direct, Apple AirPrint oder die Brother Mobile Connect App. Der Drucker wird mit separater Trommel und Toner geliefert. Hast du schon ungef\u00e4hr 15.000 Seiten gedruckt? Tausche dann anschlie\u00dfend die Druckertrommel aus.    Geeignet f\u00fcr Brother EcoPro  Dieser Drucker eignet sich f\u00fcr Brother EcoPro, das Druckabonnement von Brother. Du bekommst automatisch Toner, wenn dir die Tinte ausgeht. Leere Toner gibst du kostenlos zur\u00fcck. Du bekommst au\u00dferdem eine laufende Garantie f\u00fcr deinen Drucker. Teste Brother EcoPro vier Monate lang kostenlos. Du m\u00f6chtest mehr \u00fcber EcoPro erfahren? Dann sieh dir unseren Beratungsartikel an.<\/p>\n","protected":false},"featured_media":0,"comment_status":"closed","ping_status":"open","template":"","meta":{"_acf_changed":false},"brand":[164],"product_brand":[],"product_cat":[2205],"product_tag":[4823],"class_list":{"0":"post-80753","1":"product","2":"type-product","3":"status-publish","5":"brand-brother","6":"product_cat-drucker","7":"product_tag-laserprinters","8":"pa_condition-new","9":"pa_coolblue-de-verzending-morgen-gratis-geliefert","10":"pa_ean-22463","12":"first","13":"instock","14":"product-type-external"},"acf":[],"_links":{"self":[{"href":"https:\/\/onlinehardwareshop.de\/index.php\/wp-json\/wp\/v2\/product\/80753","targetHints":{"allow":["GET"]}}],"collection":[{"href":"https:\/\/onlinehardwareshop.de\/index.php\/wp-json\/wp\/v2\/product"}],"about":[{"href":"https:\/\/onlinehardwareshop.de\/index.php\/wp-json\/wp\/v2\/types\/product"}],"replies":[{"embeddable":true,"href":"https:\/\/onlinehardwareshop.de\/index.php\/wp-json\/wp\/v2\/comments?post=80753"}],"wp:attachment":[{"href":"https:\/\/onlinehardwareshop.de\/index.php\/wp-json\/wp\/v2\/media?parent=80753"}],"wp:term":[{"taxonomy":"brand","embeddable":true,"href":"https:\/\/onlinehardwareshop.de\/index.php\/wp-json\/wp\/v2\/brand?post=80753"},{"taxonomy":"product_brand","embeddable":true,"href":"https:\/\/onlinehardwareshop.de\/index.php\/wp-json\/wp\/v2\/product_brand?post=80753"},{"taxonomy":"product_cat","embeddable":true,"href":"https:\/\/onlinehardwareshop.de\/index.php\/wp-json\/wp\/v2\/product_cat?post=80753"},{"taxonomy":"product_tag","embeddable":true,"href":"https:\/\/onlinehardwareshop.de\/index.php\/wp-json\/wp\/v2\/product_tag?post=80753"}],"curies":[{"name":"wp","href":"https:\/\/api.w.org\/{rel}","templated":true}]}}