{"id":80748,"date":"2024-10-28T08:16:37","date_gmt":"2024-10-28T08:16:37","guid":{"rendered":"https:\/\/onlinehardwareshop.de\/index.php\/produkt\/brother-dcp-l2627dwe-1-zustzlicher-schwarzer-toner-2\/"},"modified":"2025-05-14T13:39:30","modified_gmt":"2025-05-14T13:39:30","slug":"brother-dcp-l2627dwe-1-zustzlicher-schwarzer-toner","status":"publish","type":"product","link":"https:\/\/onlinehardwareshop.de\/index.php\/produkt\/brother-dcp-l2627dwe-1-zustzlicher-schwarzer-toner\/","title":{"rendered":"Brother DCP-L2627DWE + 1 zus&#xE4;tzlicher schwarzer Toner"},"content":{"rendered":"<p>Mit dem Set aus Brother DCP-L2627DWE + 1 zus\u00e4tzlichen schwarzen Toner hast du f\u00fcrs Erste gen\u00fcgend Tinte zum Drucken all deiner Textdokumente. Mit dem Brother DCP-L2627DWE Multifunktions-Laserdrucker f\u00fcr Schwarz-Wei\u00df-Drucke geht das Drucken, Scannen und Kopieren ganz schnell. Dieser Schwarz-Wei\u00df-Drucker druckt und kopiert pro Minute bis zu 32 Seiten. So druckst du vor einer Besprechung noch schnell ein Handout aus. M\u00f6chtest du Papier sparen? Nutze dann den automatischen beidseitigen Druck. Du steuerst deinen Drucker \u00fcber die Brother Mobile Connect App auf deinem Smartphone oder PC. Der DCP-L2627DWE hat auch ein eigenes WLAN-Netzwerk, sodass die Verbindung nicht \u00fcber einen Router hergestellt wird, sondern direkt mit dem Drucker. Alternativ schlie\u00dft du ein USB-Kabel an den PC an.   Geeignet f\u00fcr Brother EcoPro   Dieser Drucker eignet sich f\u00fcr Brother EcoPro, das g\u00fcnstige Tintenabonnement von Brother. Du erh\u00e4ltst automatisch Patronen, wenn deine aktuellen Patronen leer sind. Leere Patronen schickst du kostenlos zur\u00fcck. Au\u00dferdem bekommst du eine fortlaufende Garantie f\u00fcr deinen Drucker. Probiere Brother EcoPro f\u00fcr einen sechsmonatigen Testzeitraum kostenlos aus. Mehr Informationen zu EcoPro? Sieh dir unseren Beratungsartikel an.<\/p>\n","protected":false},"excerpt":{"rendered":"<p>Mit dem Set aus Brother DCP-L2627DWE + 1 zus\u00e4tzlichen schwarzen Toner hast du f\u00fcrs Erste gen\u00fcgend Tinte zum Drucken all deiner Textdokumente. Mit dem Brother DCP-L2627DWE Multifunktions-Laserdrucker f\u00fcr Schwarz-Wei\u00df-Drucke geht das Drucken, Scannen und Kopieren ganz schnell. Dieser Schwarz-Wei\u00df-Drucker druckt und kopiert pro Minute bis zu 32 Seiten. So druckst du vor einer Besprechung noch schnell ein Handout aus. M\u00f6chtest du Papier sparen? Nutze dann den automatischen beidseitigen Druck. Du steuerst deinen Drucker \u00fcber die Brother Mobile Connect App auf deinem Smartphone oder PC. Der DCP-L2627DWE hat auch ein eigenes WLAN-Netzwerk, sodass die Verbindung nicht \u00fcber einen Router hergestellt wird, sondern direkt mit dem Drucker. Alternativ schlie\u00dft du ein USB-Kabel an den PC an.   Geeignet f\u00fcr Brother EcoPro   Dieser Drucker eignet sich f\u00fcr Brother EcoPro, das g\u00fcnstige Tintenabonnement von Brother. Du erh\u00e4ltst automatisch Patronen, wenn deine aktuellen Patronen leer sind. Leere Patronen schickst du kostenlos zur\u00fcck. Au\u00dferdem bekommst du eine fortlaufende Garantie f\u00fcr deinen Drucker. Probiere Brother EcoPro f\u00fcr einen sechsmonatigen Testzeitraum kostenlos aus. Mehr Informationen zu EcoPro? Sieh dir unseren Beratungsartikel an.<\/p>\n","protected":false},"featured_media":0,"comment_status":"closed","ping_status":"open","template":"","meta":{"_acf_changed":false},"brand":[164],"product_brand":[],"product_cat":[2205],"product_tag":[4823],"class_list":{"0":"post-80748","1":"product","2":"type-product","3":"status-publish","5":"brand-brother","6":"product_cat-drucker","7":"product_tag-laserprinters","8":"pa_condition-new","9":"pa_coolblue-de-verzending-morgen-gratis-geliefert","10":"pa_ean-22452","12":"first","13":"instock","14":"product-type-external"},"acf":[],"_links":{"self":[{"href":"https:\/\/onlinehardwareshop.de\/index.php\/wp-json\/wp\/v2\/product\/80748","targetHints":{"allow":["GET"]}}],"collection":[{"href":"https:\/\/onlinehardwareshop.de\/index.php\/wp-json\/wp\/v2\/product"}],"about":[{"href":"https:\/\/onlinehardwareshop.de\/index.php\/wp-json\/wp\/v2\/types\/product"}],"replies":[{"embeddable":true,"href":"https:\/\/onlinehardwareshop.de\/index.php\/wp-json\/wp\/v2\/comments?post=80748"}],"wp:attachment":[{"href":"https:\/\/onlinehardwareshop.de\/index.php\/wp-json\/wp\/v2\/media?parent=80748"}],"wp:term":[{"taxonomy":"brand","embeddable":true,"href":"https:\/\/onlinehardwareshop.de\/index.php\/wp-json\/wp\/v2\/brand?post=80748"},{"taxonomy":"product_brand","embeddable":true,"href":"https:\/\/onlinehardwareshop.de\/index.php\/wp-json\/wp\/v2\/product_brand?post=80748"},{"taxonomy":"product_cat","embeddable":true,"href":"https:\/\/onlinehardwareshop.de\/index.php\/wp-json\/wp\/v2\/product_cat?post=80748"},{"taxonomy":"product_tag","embeddable":true,"href":"https:\/\/onlinehardwareshop.de\/index.php\/wp-json\/wp\/v2\/product_tag?post=80748"}],"curies":[{"name":"wp","href":"https:\/\/api.w.org\/{rel}","templated":true}]}}