{"id":80746,"date":"2024-03-17T11:57:05","date_gmt":"2024-03-17T11:57:05","guid":{"rendered":"https:\/\/onlinehardwareshop.de\/index.php\/produkt\/dyson-ontrac-aluminium-2\/"},"modified":"2025-05-14T13:39:25","modified_gmt":"2025-05-14T13:39:25","slug":"dyson-ontrac-aluminium","status":"publish","type":"product","link":"https:\/\/onlinehardwareshop.de\/index.php\/produkt\/dyson-ontrac-aluminium\/","title":{"rendered":"Dyson OnTrac Aluminium"},"content":{"rendered":"<p>Mit dem Dyson OnTrac Aluminium genie\u00dft du deine Musik in aller Ruhe. Der Kopfh\u00f6rer verf\u00fcgt n\u00e4mlich \u00fcber Noise Cancelling. Dank dieser Technik werden Umgebungsger\u00e4usche ged\u00e4mpft, sodass du diese weniger wahrnimmst und dich zum Beispiel besser auf deine Arbeit konzentrierst, wenn im B\u00fcro mal wieder Trubel herrscht. Mit der Akkulaufzeit von 55 Stunden h\u00f6rst du tagelang Musik, ohne den Kopfh\u00f6rer zwischendurch aufzuladen. Wenn der Akku doch einmal leer ist, l\u00e4dst du ihn innerhalb von 30 Minuten auf und hast dann weitere 9,5 Stunden Akku f\u00fcr deine Musik. In der My Dyson App lassen sich die Sound-Einstellungen je nach Wunsch vornehmen. So stellst du \u00fcber einen Equalizer zum Beispiel die H\u00f6hen, Mitten oder Tiefen ein. In der App nimmst du auch die Einstellungen f\u00fcr das Noise Cancelling vor. So bestimmst du selbst, wie viel du von deiner Umgebung mitkriegen m\u00f6chtest, w\u00e4hrend du Musik h\u00f6rst.<\/p>\n","protected":false},"excerpt":{"rendered":"<p>Mit dem Dyson OnTrac Aluminium genie\u00dft du deine Musik in aller Ruhe. Der Kopfh\u00f6rer verf\u00fcgt n\u00e4mlich \u00fcber Noise Cancelling. Dank dieser Technik werden Umgebungsger\u00e4usche ged\u00e4mpft, sodass du diese weniger wahrnimmst und dich zum Beispiel besser auf deine Arbeit konzentrierst, wenn im B\u00fcro mal wieder Trubel herrscht. Mit der Akkulaufzeit von 55 Stunden h\u00f6rst du tagelang Musik, ohne den Kopfh\u00f6rer zwischendurch aufzuladen. Wenn der Akku doch einmal leer ist, l\u00e4dst du ihn innerhalb von 30 Minuten auf und hast dann weitere 9,5 Stunden Akku f\u00fcr deine Musik. In der My Dyson App lassen sich die Sound-Einstellungen je nach Wunsch vornehmen. So stellst du \u00fcber einen Equalizer zum Beispiel die H\u00f6hen, Mitten oder Tiefen ein. In der App nimmst du auch die Einstellungen f\u00fcr das Noise Cancelling vor. So bestimmst du selbst, wie viel du von deiner Umgebung mitkriegen m\u00f6chtest, w\u00e4hrend du Musik h\u00f6rst.<\/p>\n","protected":false},"featured_media":0,"comment_status":"closed","ping_status":"open","template":"","meta":{"_acf_changed":false},"brand":[4650],"product_brand":[],"product_cat":[1182],"product_tag":[5609],"class_list":{"0":"post-80746","1":"product","2":"type-product","3":"status-publish","5":"brand-dyson","6":"product_cat-kopfhrer","7":"product_tag-hoofdtelefoons-met-noisecancelling","8":"pa_condition-new","9":"pa_coolblue-de-verzending-morgen-gratis-geliefert","10":"pa_ean-22445","11":"pa_mpn-759557-01","13":"first","14":"instock","15":"product-type-external"},"acf":[],"_links":{"self":[{"href":"https:\/\/onlinehardwareshop.de\/index.php\/wp-json\/wp\/v2\/product\/80746","targetHints":{"allow":["GET"]}}],"collection":[{"href":"https:\/\/onlinehardwareshop.de\/index.php\/wp-json\/wp\/v2\/product"}],"about":[{"href":"https:\/\/onlinehardwareshop.de\/index.php\/wp-json\/wp\/v2\/types\/product"}],"replies":[{"embeddable":true,"href":"https:\/\/onlinehardwareshop.de\/index.php\/wp-json\/wp\/v2\/comments?post=80746"}],"wp:attachment":[{"href":"https:\/\/onlinehardwareshop.de\/index.php\/wp-json\/wp\/v2\/media?parent=80746"}],"wp:term":[{"taxonomy":"brand","embeddable":true,"href":"https:\/\/onlinehardwareshop.de\/index.php\/wp-json\/wp\/v2\/brand?post=80746"},{"taxonomy":"product_brand","embeddable":true,"href":"https:\/\/onlinehardwareshop.de\/index.php\/wp-json\/wp\/v2\/product_brand?post=80746"},{"taxonomy":"product_cat","embeddable":true,"href":"https:\/\/onlinehardwareshop.de\/index.php\/wp-json\/wp\/v2\/product_cat?post=80746"},{"taxonomy":"product_tag","embeddable":true,"href":"https:\/\/onlinehardwareshop.de\/index.php\/wp-json\/wp\/v2\/product_tag?post=80746"}],"curies":[{"name":"wp","href":"https:\/\/api.w.org\/{rel}","templated":true}]}}