{"id":80732,"date":"2024-10-05T20:53:07","date_gmt":"2024-10-05T20:53:07","guid":{"rendered":"https:\/\/onlinehardwareshop.de\/index.php\/produkt\/samsung-microsdxc-evo-plus-1tb-2\/"},"modified":"2025-05-14T13:38:20","modified_gmt":"2025-05-14T13:38:20","slug":"samsung-microsdxc-evo-plus-1tb","status":"publish","type":"product","link":"https:\/\/onlinehardwareshop.de\/index.php\/produkt\/samsung-microsdxc-evo-plus-1tb\/","title":{"rendered":"Samsung microSDXC EVO Plus 1TB"},"content":{"rendered":"<p>Erweitere den Speicherplatz deines Handys, Tablets oder deiner Kamera mit der Samsung EVO Plus 1\u00a0TB microSDXC + SD-Adapter Speicherkarte. Dank des mitgelieferten SD-Adapters passt die microSDXC in jedes Smartphone, Tablet und in jeden eBook-Reader. Die Speicherkarte verf\u00fcgt \u00fcber einen Speicher von 1\u00a0TB. Damit bietet sie dir Platz f\u00fcr rund 655.000 Full-HD-Fotos oder 158 Stunden Filmmaterial. Mit der Schreibgeschwindigkeit von 130\u00a0Mbit\/s \u00fcbertr\u00e4gst du circa 26 Bilder pro Sekunde auf externe Ger\u00e4te. Mit der Lesegeschwindigkeit von 160\u00a0Mbit\/s importierst und \u00f6ffnest du deine Dateien schnell. Diese microSDXC ist au\u00dferdem wasserdicht und h\u00e4lt extremen Temperaturen zwischen -25\u00a0\u00b0C und 85\u00a0\u00b0C stand. Du erh\u00e4ltst von Samsung eine Garantie von zehn Jahren auf diese microSDXC.<\/p>\n","protected":false},"excerpt":{"rendered":"<p>Erweitere den Speicherplatz deines Handys, Tablets oder deiner Kamera mit der Samsung EVO Plus 1\u00a0TB microSDXC + SD-Adapter Speicherkarte. Dank des mitgelieferten SD-Adapters passt die microSDXC in jedes Smartphone, Tablet und in jeden eBook-Reader. Die Speicherkarte verf\u00fcgt \u00fcber einen Speicher von 1\u00a0TB. Damit bietet sie dir Platz f\u00fcr rund 655.000 Full-HD-Fotos oder 158 Stunden Filmmaterial. Mit der Schreibgeschwindigkeit von 130\u00a0Mbit\/s \u00fcbertr\u00e4gst du circa 26 Bilder pro Sekunde auf externe Ger\u00e4te. Mit der Lesegeschwindigkeit von 160\u00a0Mbit\/s importierst und \u00f6ffnest du deine Dateien schnell. Diese microSDXC ist au\u00dferdem wasserdicht und h\u00e4lt extremen Temperaturen zwischen -25\u00a0\u00b0C und 85\u00a0\u00b0C stand. Du erh\u00e4ltst von Samsung eine Garantie von zehn Jahren auf diese microSDXC.<\/p>\n","protected":false},"featured_media":0,"comment_status":"closed","ping_status":"open","template":"","meta":{"_acf_changed":false},"brand":[1165],"product_brand":[],"product_cat":[1848],"product_tag":[1849],"class_list":{"0":"post-80732","1":"product","2":"type-product","3":"status-publish","5":"brand-samsung","6":"product_cat-speicherkarten","7":"product_tag-micro-sd-geheugenkaarten","8":"pa_condition-new","9":"pa_coolblue-de-verzending-morgen-gratis-geliefert","10":"pa_ean-27588","11":"pa_mpn-mb-mc1t0sa-eu","13":"first","14":"instock","15":"product-type-external"},"acf":[],"_links":{"self":[{"href":"https:\/\/onlinehardwareshop.de\/index.php\/wp-json\/wp\/v2\/product\/80732","targetHints":{"allow":["GET"]}}],"collection":[{"href":"https:\/\/onlinehardwareshop.de\/index.php\/wp-json\/wp\/v2\/product"}],"about":[{"href":"https:\/\/onlinehardwareshop.de\/index.php\/wp-json\/wp\/v2\/types\/product"}],"replies":[{"embeddable":true,"href":"https:\/\/onlinehardwareshop.de\/index.php\/wp-json\/wp\/v2\/comments?post=80732"}],"wp:attachment":[{"href":"https:\/\/onlinehardwareshop.de\/index.php\/wp-json\/wp\/v2\/media?parent=80732"}],"wp:term":[{"taxonomy":"brand","embeddable":true,"href":"https:\/\/onlinehardwareshop.de\/index.php\/wp-json\/wp\/v2\/brand?post=80732"},{"taxonomy":"product_brand","embeddable":true,"href":"https:\/\/onlinehardwareshop.de\/index.php\/wp-json\/wp\/v2\/product_brand?post=80732"},{"taxonomy":"product_cat","embeddable":true,"href":"https:\/\/onlinehardwareshop.de\/index.php\/wp-json\/wp\/v2\/product_cat?post=80732"},{"taxonomy":"product_tag","embeddable":true,"href":"https:\/\/onlinehardwareshop.de\/index.php\/wp-json\/wp\/v2\/product_tag?post=80732"}],"curies":[{"name":"wp","href":"https:\/\/api.w.org\/{rel}","templated":true}]}}