{"id":80719,"date":"2024-10-12T21:57:55","date_gmt":"2024-10-12T21:57:55","guid":{"rendered":"https:\/\/onlinehardwareshop.de\/index.php\/produkt\/logitech-meetup-2-konferenzkamera-2\/"},"modified":"2025-05-14T13:37:37","modified_gmt":"2025-05-14T13:37:37","slug":"logitech-meetup-2-konferenzkamera","status":"publish","type":"product","link":"https:\/\/onlinehardwareshop.de\/index.php\/produkt\/logitech-meetup-2-konferenzkamera\/","title":{"rendered":"Logitech MeetUp 2 Konferenzkamera"},"content":{"rendered":"<p>Mit der Logitech MeetUp 2 Konferenzkamera holst du das Beste aus deinen Versammlungen in kleinen R\u00e4umen heraus. Du nutzt MeetUp 2 im USB-Modus mit einem ortsfesten PC oder im Bring Your Own Device (BYOD)-Modus mit einem Laptop. So genie\u00dft du mehr Flexibilit\u00e4t bei deinen Meetings. Diese intelligente Konferenzkamera verbessert die Audio- und Videoqualit\u00e4t mit KI. Du w\u00e4hlst aus verschiedenen Einstellungen eine Ansicht, die zur anstehenden Versammlung passt, beispielsweise die Rasteransicht oder Speaker View. Rauschen und Echos werden durch die Mikrofone unterdr\u00fcckt, so dass du ungest\u00f6rt weitersprechen kannst. Dank der 4K-Aufl\u00f6sung sind alle Teilnehmer des Meetings gut zu sehen. Du montierst die MeetUp 2 einfach auf einem Bildschirm, einem Tisch oder an einer Wand. Du entscheidest also selbst, welcher Ort am besten geeignet ist. Mit Logitech Sync verwaltest und pflegst du deine Ger\u00e4te und R\u00e4ume ganz einfach. Dar\u00fcber hinaus funktioniert die MeetUp 2 mit Microsoft Teams, Zoom und Google Meet.<\/p>\n","protected":false},"excerpt":{"rendered":"<p>Mit der Logitech MeetUp 2 Konferenzkamera holst du das Beste aus deinen Versammlungen in kleinen R\u00e4umen heraus. Du nutzt MeetUp 2 im USB-Modus mit einem ortsfesten PC oder im Bring Your Own Device (BYOD)-Modus mit einem Laptop. So genie\u00dft du mehr Flexibilit\u00e4t bei deinen Meetings. Diese intelligente Konferenzkamera verbessert die Audio- und Videoqualit\u00e4t mit KI. Du w\u00e4hlst aus verschiedenen Einstellungen eine Ansicht, die zur anstehenden Versammlung passt, beispielsweise die Rasteransicht oder Speaker View. Rauschen und Echos werden durch die Mikrofone unterdr\u00fcckt, so dass du ungest\u00f6rt weitersprechen kannst. Dank der 4K-Aufl\u00f6sung sind alle Teilnehmer des Meetings gut zu sehen. Du montierst die MeetUp 2 einfach auf einem Bildschirm, einem Tisch oder an einer Wand. Du entscheidest also selbst, welcher Ort am besten geeignet ist. Mit Logitech Sync verwaltest und pflegst du deine Ger\u00e4te und R\u00e4ume ganz einfach. Dar\u00fcber hinaus funktioniert die MeetUp 2 mit Microsoft Teams, Zoom und Google Meet.<\/p>\n","protected":false},"featured_media":0,"comment_status":"closed","ping_status":"open","template":"","meta":{"_acf_changed":false},"brand":[998],"product_brand":[],"product_cat":[999],"product_tag":[2983],"class_list":{"0":"post-80719","1":"product","2":"type-product","3":"status-publish","5":"brand-logitech-vc","6":"product_cat-webcams","7":"product_tag-conference-cameras","8":"pa_condition-new","9":"pa_coolblue-de-verzending-morgen-gratis-geliefert","10":"pa_ean-27586","11":"pa_mpn-960-001681","13":"first","14":"instock","15":"product-type-external"},"acf":[],"_links":{"self":[{"href":"https:\/\/onlinehardwareshop.de\/index.php\/wp-json\/wp\/v2\/product\/80719","targetHints":{"allow":["GET"]}}],"collection":[{"href":"https:\/\/onlinehardwareshop.de\/index.php\/wp-json\/wp\/v2\/product"}],"about":[{"href":"https:\/\/onlinehardwareshop.de\/index.php\/wp-json\/wp\/v2\/types\/product"}],"replies":[{"embeddable":true,"href":"https:\/\/onlinehardwareshop.de\/index.php\/wp-json\/wp\/v2\/comments?post=80719"}],"wp:attachment":[{"href":"https:\/\/onlinehardwareshop.de\/index.php\/wp-json\/wp\/v2\/media?parent=80719"}],"wp:term":[{"taxonomy":"brand","embeddable":true,"href":"https:\/\/onlinehardwareshop.de\/index.php\/wp-json\/wp\/v2\/brand?post=80719"},{"taxonomy":"product_brand","embeddable":true,"href":"https:\/\/onlinehardwareshop.de\/index.php\/wp-json\/wp\/v2\/product_brand?post=80719"},{"taxonomy":"product_cat","embeddable":true,"href":"https:\/\/onlinehardwareshop.de\/index.php\/wp-json\/wp\/v2\/product_cat?post=80719"},{"taxonomy":"product_tag","embeddable":true,"href":"https:\/\/onlinehardwareshop.de\/index.php\/wp-json\/wp\/v2\/product_tag?post=80719"}],"curies":[{"name":"wp","href":"https:\/\/api.w.org\/{rel}","templated":true}]}}