{"id":80718,"date":"2024-09-11T06:23:03","date_gmt":"2024-09-11T06:23:03","guid":{"rendered":"https:\/\/onlinehardwareshop.de\/index.php\/produkt\/jabra-evolve2-65-ms-usb-c-2\/"},"modified":"2025-05-14T13:37:32","modified_gmt":"2025-05-14T13:37:32","slug":"jabra-evolve2-65-ms-usb-c","status":"publish","type":"product","link":"https:\/\/onlinehardwareshop.de\/index.php\/produkt\/jabra-evolve2-65-ms-usb-c\/","title":{"rendered":"Jabra Evolve2 65 MS USB-C"},"content":{"rendered":"<p>Mit dem Jabra Evolve2 65 MS USB-C f\u00fchrst du alle deine Online-Meetings durch. Dieses Office-Headset ist mit 40-mm-Lautsprechern ausgestattet, sodass du deine Gespr\u00e4chspartner klar und deutlich h\u00f6rst. Du verwendest dieses Office-Headset bis zu 37 Stunden lang, bevor du es erneut aufl\u00e4dst. Der Anschluss des kabellosen Jabra-Headsets mit deinem PC, Smartphone oder Laptop erfolgt \u00fcber Bluetooth oder einen USB-A-Dongle. Wenn dein Jabra Evolve2 65 Office-Headset leer ist, l\u00e4dst du es innerhalb von 90 Minuten vollst\u00e4ndig auf. Die verbesserte Passform mit passivem Noise Cancelling d\u00e4mpft Umgebungsger\u00e4usche auf nat\u00fcrliche Weise. So st\u00f6rt dich der L\u00e4rm von au\u00dfen weniger. Und dank der Rauschunterdr\u00fcckung im Mikrofon bel\u00e4stigt dein Umgebungsl\u00e4rm auch deinen Gespr\u00e4chspartner nicht. Wenn das Licht am Mikrofon und an der Ohrmuschel leuchtet, wissen deine Kollegen, dass du gerade telefonierst. So sehen sie, wann du ansprechbar bist und wann nicht. Mit Jabra Sound+ personalisierst du deinen Sound \u00fcber eine anpassbaren Equalizer.  Speziell f\u00fcr Microsoft Teams Dieses Headset wurde speziell f\u00fcr die ultimative Kommunikation \u00fcber Microsoft Teams entwickelt. Nimm an einem Meeting teil oder starte Microsoft Teams, indem du eine Taste an der Ohrmuschel dr\u00fcckst. Das Headset informiert dich, wenn du einen Anruf verpasst hast, eine Voicemail erh\u00e4ltst oder eine Besprechung hast.<\/p>\n","protected":false},"excerpt":{"rendered":"<p>Mit dem Jabra Evolve2 65 MS USB-C f\u00fchrst du alle deine Online-Meetings durch. Dieses Office-Headset ist mit 40-mm-Lautsprechern ausgestattet, sodass du deine Gespr\u00e4chspartner klar und deutlich h\u00f6rst. Du verwendest dieses Office-Headset bis zu 37 Stunden lang, bevor du es erneut aufl\u00e4dst. Der Anschluss des kabellosen Jabra-Headsets mit deinem PC, Smartphone oder Laptop erfolgt \u00fcber Bluetooth oder einen USB-A-Dongle. Wenn dein Jabra Evolve2 65 Office-Headset leer ist, l\u00e4dst du es innerhalb von 90 Minuten vollst\u00e4ndig auf. Die verbesserte Passform mit passivem Noise Cancelling d\u00e4mpft Umgebungsger\u00e4usche auf nat\u00fcrliche Weise. So st\u00f6rt dich der L\u00e4rm von au\u00dfen weniger. Und dank der Rauschunterdr\u00fcckung im Mikrofon bel\u00e4stigt dein Umgebungsl\u00e4rm auch deinen Gespr\u00e4chspartner nicht. Wenn das Licht am Mikrofon und an der Ohrmuschel leuchtet, wissen deine Kollegen, dass du gerade telefonierst. So sehen sie, wann du ansprechbar bist und wann nicht. Mit Jabra Sound+ personalisierst du deinen Sound \u00fcber eine anpassbaren Equalizer.  Speziell f\u00fcr Microsoft Teams Dieses Headset wurde speziell f\u00fcr die ultimative Kommunikation \u00fcber Microsoft Teams entwickelt. Nimm an einem Meeting teil oder starte Microsoft Teams, indem du eine Taste an der Ohrmuschel dr\u00fcckst. Das Headset informiert dich, wenn du einen Anruf verpasst hast, eine Voicemail erh\u00e4ltst oder eine Besprechung hast.<\/p>\n","protected":false},"featured_media":0,"comment_status":"closed","ping_status":"open","template":"","meta":{"_acf_changed":false},"brand":[815],"product_brand":[],"product_cat":[257],"product_tag":[258],"class_list":{"0":"post-80718","1":"product","2":"type-product","3":"status-publish","5":"brand-jabra","6":"product_cat-office-headsets","7":"product_tag-headsets-office","8":"pa_condition-new","9":"pa_coolblue-de-verzending-morgen-gratis-geliefert","10":"pa_ean-22386","11":"pa_mpn-26599-999-899","13":"first","14":"instock","15":"product-type-external"},"acf":[],"_links":{"self":[{"href":"https:\/\/onlinehardwareshop.de\/index.php\/wp-json\/wp\/v2\/product\/80718","targetHints":{"allow":["GET"]}}],"collection":[{"href":"https:\/\/onlinehardwareshop.de\/index.php\/wp-json\/wp\/v2\/product"}],"about":[{"href":"https:\/\/onlinehardwareshop.de\/index.php\/wp-json\/wp\/v2\/types\/product"}],"replies":[{"embeddable":true,"href":"https:\/\/onlinehardwareshop.de\/index.php\/wp-json\/wp\/v2\/comments?post=80718"}],"wp:attachment":[{"href":"https:\/\/onlinehardwareshop.de\/index.php\/wp-json\/wp\/v2\/media?parent=80718"}],"wp:term":[{"taxonomy":"brand","embeddable":true,"href":"https:\/\/onlinehardwareshop.de\/index.php\/wp-json\/wp\/v2\/brand?post=80718"},{"taxonomy":"product_brand","embeddable":true,"href":"https:\/\/onlinehardwareshop.de\/index.php\/wp-json\/wp\/v2\/product_brand?post=80718"},{"taxonomy":"product_cat","embeddable":true,"href":"https:\/\/onlinehardwareshop.de\/index.php\/wp-json\/wp\/v2\/product_cat?post=80718"},{"taxonomy":"product_tag","embeddable":true,"href":"https:\/\/onlinehardwareshop.de\/index.php\/wp-json\/wp\/v2\/product_tag?post=80718"}],"curies":[{"name":"wp","href":"https:\/\/api.w.org\/{rel}","templated":true}]}}