{"id":80677,"date":"2024-12-05T05:32:52","date_gmt":"2024-12-05T05:32:52","guid":{"rendered":"https:\/\/onlinehardwareshop.de\/index.php\/produkt\/bowers-n-7\/"},"modified":"2025-05-14T13:34:20","modified_gmt":"2025-05-14T13:34:20","slug":"bowers-n-3","status":"publish","type":"product","link":"https:\/\/onlinehardwareshop.de\/index.php\/produkt\/bowers-n-3\/","title":{"rendered":"Bowers &#038; Wilkins Pi8 Gr&#xFC;n"},"content":{"rendered":"<p>Mit den Bowers &#038; Wilkins Pi8 Gr\u00fcn In-Ear-Kopfh\u00f6rern entscheidest du dich f\u00fcr einen mitrei\u00dfenden Klang. Hi-Res-Audio, ein High Performance DSP und ein Amplifier sorgen daf\u00fcr, dass die Instrumente naturgetreu klingen. Daher lauschst du einer detaillierteren Audiowiedergabe. Au\u00dferdem spielst du mithilfe dieser Technologien gr\u00f6\u00dfere Audiodateien als mp3 ab, wodurch Musik lebensecht klingt. Dank des Noise Cancelling h\u00f6rst du weniger von deiner Umgebung. Diese Technologie d\u00e4mpft Umgebungsger\u00e4usche, sodass du tiefer in deine Lieblingsmusik eintauchst. Zudem bleibt deine Konzentration mit Noise Cancelling in einem lebhaften Gro\u00dfraumb\u00fcro bei deiner Arbeit. Du nimmst die Toneinstellungen nach Belieben in der Bowers &#038; Wilkins App vor. Dort stellst du zum Beispiel die Audiowiedergabe von tiefen, mittelhohen sowie hohen T\u00f6nen und allem dazwischen mit einem 5-Band-Equalizer ein und legst selbst fest, wie viele Umgebungsger\u00e4usche du h\u00f6ren m\u00f6chtest.<\/p>\n","protected":false},"excerpt":{"rendered":"<p>Mit den Bowers &#038; Wilkins Pi8 Gr\u00fcn In-Ear-Kopfh\u00f6rern entscheidest du dich f\u00fcr einen mitrei\u00dfenden Klang. Hi-Res-Audio, ein High Performance DSP und ein Amplifier sorgen daf\u00fcr, dass die Instrumente naturgetreu klingen. Daher lauschst du einer detaillierteren Audiowiedergabe. Au\u00dferdem spielst du mithilfe dieser Technologien gr\u00f6\u00dfere Audiodateien als mp3 ab, wodurch Musik lebensecht klingt. Dank des Noise Cancelling h\u00f6rst du weniger von deiner Umgebung. Diese Technologie d\u00e4mpft Umgebungsger\u00e4usche, sodass du tiefer in deine Lieblingsmusik eintauchst. Zudem bleibt deine Konzentration mit Noise Cancelling in einem lebhaften Gro\u00dfraumb\u00fcro bei deiner Arbeit. Du nimmst die Toneinstellungen nach Belieben in der Bowers &#038; Wilkins App vor. Dort stellst du zum Beispiel die Audiowiedergabe von tiefen, mittelhohen sowie hohen T\u00f6nen und allem dazwischen mit einem 5-Band-Equalizer ein und legst selbst fest, wie viele Umgebungsger\u00e4usche du h\u00f6ren m\u00f6chtest.<\/p>\n","protected":false},"featured_media":0,"comment_status":"closed","ping_status":"open","template":"","meta":{"_acf_changed":false},"brand":[2159],"product_brand":[],"product_cat":[563],"product_tag":[1210],"class_list":{"0":"post-80677","1":"product","2":"type-product","3":"status-publish","5":"brand-bowers-wilkins","6":"product_cat-in-ear-kopfhrer","7":"product_tag-non-apple-oordopjes","8":"pa_condition-new","9":"pa_coolblue-de-verzending-morgen-gratis-geliefert","10":"pa_ean-22302","11":"pa_mpn-fp44989","13":"first","14":"instock","15":"product-type-external"},"acf":[],"_links":{"self":[{"href":"https:\/\/onlinehardwareshop.de\/index.php\/wp-json\/wp\/v2\/product\/80677","targetHints":{"allow":["GET"]}}],"collection":[{"href":"https:\/\/onlinehardwareshop.de\/index.php\/wp-json\/wp\/v2\/product"}],"about":[{"href":"https:\/\/onlinehardwareshop.de\/index.php\/wp-json\/wp\/v2\/types\/product"}],"replies":[{"embeddable":true,"href":"https:\/\/onlinehardwareshop.de\/index.php\/wp-json\/wp\/v2\/comments?post=80677"}],"wp:attachment":[{"href":"https:\/\/onlinehardwareshop.de\/index.php\/wp-json\/wp\/v2\/media?parent=80677"}],"wp:term":[{"taxonomy":"brand","embeddable":true,"href":"https:\/\/onlinehardwareshop.de\/index.php\/wp-json\/wp\/v2\/brand?post=80677"},{"taxonomy":"product_brand","embeddable":true,"href":"https:\/\/onlinehardwareshop.de\/index.php\/wp-json\/wp\/v2\/product_brand?post=80677"},{"taxonomy":"product_cat","embeddable":true,"href":"https:\/\/onlinehardwareshop.de\/index.php\/wp-json\/wp\/v2\/product_cat?post=80677"},{"taxonomy":"product_tag","embeddable":true,"href":"https:\/\/onlinehardwareshop.de\/index.php\/wp-json\/wp\/v2\/product_tag?post=80677"}],"curies":[{"name":"wp","href":"https:\/\/api.w.org\/{rel}","templated":true}]}}